{"id":987,"date":"2025-09-04T11:06:57","date_gmt":"2025-09-04T09:06:57","guid":{"rendered":"https:\/\/www.boutique.lejardindecoton.shop\/?post_type=product&#038;p=987"},"modified":"2025-10-14T17:30:08","modified_gmt":"2025-10-14T15:30:08","slug":"bouquet-parfume-ambre","status":"publish","type":"product","link":"https:\/\/www.boutique.lejardindecoton.shop\/?product=bouquet-parfume-ambre","title":{"rendered":"Bouquet parfum\u00e9 Ambre"},"content":{"rendered":"","protected":false},"excerpt":{"rendered":"<p>Le <strong data-start=\"112\" data-end=\"140\">bouquet aromatique Ambre<\/strong> Collines de provence d\u00e9voile un parfum chaud et envo\u00fbtant, o\u00f9 la douceur ambr\u00e9e se m\u00eale \u00e0 des notes bois\u00e9es et vanill\u00e9es. \u00c9l\u00e9gant et raffin\u00e9, il diffuse subtilement ses senteurs pour cr\u00e9er une atmosph\u00e8re cosy et r\u00e9confortante, id\u00e9ale pour apporter chaleur et caract\u00e8re \u00e0 votre int\u00e9rieur.<br \/>\n100 ml<\/p>\n","protected":false},"featured_media":988,"comment_status":"open","ping_status":"closed","template":"","meta":{"_kad_blocks_custom_css":"","_kad_blocks_head_custom_js":"","_kad_blocks_body_custom_js":"","_kad_blocks_footer_custom_js":"","_kadence_starter_templates_imported_post":false,"_kad_post_transparent":"default","_kad_post_title":"","_kad_post_layout":"default","_kad_post_sidebar_id":"","_kad_post_content_style":"default","_kad_post_vertical_padding":"default","_kad_post_feature":"","_kad_post_feature_position":"","_kad_post_header":false,"_kad_post_footer":false},"product_brand":[121],"product_cat":[16],"product_tag":[],"product_brands":[37],"class_list":{"0":"post-987","1":"product","2":"type-product","3":"status-publish","4":"has-post-thumbnail","6":"product_brand-collines-de-provences","7":"product_cat-sans-categorie","8":"product_brands-collines-de-provence","10":"first","11":"instock","12":"taxable","13":"shipping-taxable","14":"purchasable","15":"product-type-simple","16":"entry","17":"content-bg","18":"loop-entry"},"taxonomy_info":{"product_brand":[{"value":121,"label":"Collines de provences"}],"product_cat":[{"value":16,"label":"sans cat\u00e9gorie"}],"product_brands":[{"value":37,"label":"Collines de provence"}]},"featured_image_src_large":["https:\/\/www.boutique.lejardindecoton.shop\/wp-content\/uploads\/2025\/09\/AMBRE-solo.jpg",744,745,false],"author_info":[],"comment_info":0,"_links":{"self":[{"href":"https:\/\/www.boutique.lejardindecoton.shop\/index.php?rest_route=\/wp\/v2\/product\/987","targetHints":{"allow":["GET"]}}],"collection":[{"href":"https:\/\/www.boutique.lejardindecoton.shop\/index.php?rest_route=\/wp\/v2\/product"}],"about":[{"href":"https:\/\/www.boutique.lejardindecoton.shop\/index.php?rest_route=\/wp\/v2\/types\/product"}],"replies":[{"embeddable":true,"href":"https:\/\/www.boutique.lejardindecoton.shop\/index.php?rest_route=%2Fwp%2Fv2%2Fcomments&post=987"}],"wp:featuredmedia":[{"embeddable":true,"href":"https:\/\/www.boutique.lejardindecoton.shop\/index.php?rest_route=\/wp\/v2\/media\/988"}],"wp:attachment":[{"href":"https:\/\/www.boutique.lejardindecoton.shop\/index.php?rest_route=%2Fwp%2Fv2%2Fmedia&parent=987"}],"wp:term":[{"taxonomy":"product_brand","embeddable":true,"href":"https:\/\/www.boutique.lejardindecoton.shop\/index.php?rest_route=%2Fwp%2Fv2%2Fproduct_brand&post=987"},{"taxonomy":"product_cat","embeddable":true,"href":"https:\/\/www.boutique.lejardindecoton.shop\/index.php?rest_route=%2Fwp%2Fv2%2Fproduct_cat&post=987"},{"taxonomy":"product_tag","embeddable":true,"href":"https:\/\/www.boutique.lejardindecoton.shop\/index.php?rest_route=%2Fwp%2Fv2%2Fproduct_tag&post=987"},{"taxonomy":"product_brands","embeddable":true,"href":"https:\/\/www.boutique.lejardindecoton.shop\/index.php?rest_route=%2Fwp%2Fv2%2Fproduct_brands&post=987"}],"curies":[{"name":"wp","href":"https:\/\/api.w.org\/{rel}","templated":true}]}}