{"id":975,"date":"2025-09-02T17:34:17","date_gmt":"2025-09-02T15:34:17","guid":{"rendered":"https:\/\/www.boutique.lejardindecoton.shop\/?post_type=product&#038;p=975"},"modified":"2025-10-14T17:31:42","modified_gmt":"2025-10-14T15:31:42","slug":"bouquet-parfume-bois-dorient","status":"publish","type":"product","link":"https:\/\/www.boutique.lejardindecoton.shop\/?product=bouquet-parfume-bois-dorient","title":{"rendered":"Bouquet parfum\u00e9 Bois D&#8217;Orient"},"content":{"rendered":"","protected":false},"excerpt":{"rendered":"<p>Le <strong data-start=\"65\" data-end=\"98\">bouquet parfum\u00e9 Bois d\u2019Orient<\/strong> Collines de provene r\u00e9v\u00e8le toute la richesse d\u2019un parfum chaleureux et envo\u00fbtant. Ses notes bois\u00e9es, relev\u00e9es de touches \u00e9pic\u00e9es et sensuelles, cr\u00e9ent une ambiance raffin\u00e9e et r\u00e9confortante. \u00c9l\u00e9gant et intemporel, il diffuse d\u00e9licatement ses senteurs pour transformer votre int\u00e9rieur en un cocon d\u2019\u00e9l\u00e9gance orientale.<\/p>\n","protected":false},"featured_media":976,"comment_status":"open","ping_status":"closed","template":"","meta":{"_kad_blocks_custom_css":"","_kad_blocks_head_custom_js":"","_kad_blocks_body_custom_js":"","_kad_blocks_footer_custom_js":"","_kadence_starter_templates_imported_post":false,"_kad_post_transparent":"default","_kad_post_title":"","_kad_post_layout":"default","_kad_post_sidebar_id":"","_kad_post_content_style":"default","_kad_post_vertical_padding":"default","_kad_post_feature":"","_kad_post_feature_position":"","_kad_post_header":false,"_kad_post_footer":false},"product_brand":[121],"product_cat":[118],"product_tag":[],"product_brands":[37],"class_list":{"0":"post-975","1":"product","2":"type-product","3":"status-publish","4":"has-post-thumbnail","6":"product_brand-collines-de-provences","7":"product_cat-bouquets","8":"product_brands-collines-de-provence","10":"first","11":"instock","12":"taxable","13":"shipping-taxable","14":"purchasable","15":"product-type-simple","16":"entry","17":"content-bg","18":"loop-entry"},"taxonomy_info":{"product_brand":[{"value":121,"label":"Collines de provences"}],"product_cat":[{"value":118,"label":"Bouquets Collines de Provences"}],"product_brands":[{"value":37,"label":"Collines de provence"}]},"featured_image_src_large":["https:\/\/www.boutique.lejardindecoton.shop\/wp-content\/uploads\/2025\/09\/bois-dorient.jpg",743,743,false],"author_info":[],"comment_info":0,"_links":{"self":[{"href":"https:\/\/www.boutique.lejardindecoton.shop\/index.php?rest_route=\/wp\/v2\/product\/975","targetHints":{"allow":["GET"]}}],"collection":[{"href":"https:\/\/www.boutique.lejardindecoton.shop\/index.php?rest_route=\/wp\/v2\/product"}],"about":[{"href":"https:\/\/www.boutique.lejardindecoton.shop\/index.php?rest_route=\/wp\/v2\/types\/product"}],"replies":[{"embeddable":true,"href":"https:\/\/www.boutique.lejardindecoton.shop\/index.php?rest_route=%2Fwp%2Fv2%2Fcomments&post=975"}],"wp:featuredmedia":[{"embeddable":true,"href":"https:\/\/www.boutique.lejardindecoton.shop\/index.php?rest_route=\/wp\/v2\/media\/976"}],"wp:attachment":[{"href":"https:\/\/www.boutique.lejardindecoton.shop\/index.php?rest_route=%2Fwp%2Fv2%2Fmedia&parent=975"}],"wp:term":[{"taxonomy":"product_brand","embeddable":true,"href":"https:\/\/www.boutique.lejardindecoton.shop\/index.php?rest_route=%2Fwp%2Fv2%2Fproduct_brand&post=975"},{"taxonomy":"product_cat","embeddable":true,"href":"https:\/\/www.boutique.lejardindecoton.shop\/index.php?rest_route=%2Fwp%2Fv2%2Fproduct_cat&post=975"},{"taxonomy":"product_tag","embeddable":true,"href":"https:\/\/www.boutique.lejardindecoton.shop\/index.php?rest_route=%2Fwp%2Fv2%2Fproduct_tag&post=975"},{"taxonomy":"product_brands","embeddable":true,"href":"https:\/\/www.boutique.lejardindecoton.shop\/index.php?rest_route=%2Fwp%2Fv2%2Fproduct_brands&post=975"}],"curies":[{"name":"wp","href":"https:\/\/api.w.org\/{rel}","templated":true}]}}