{"id":952,"date":"2025-09-02T16:09:13","date_gmt":"2025-09-02T14:09:13","guid":{"rendered":"https:\/\/www.boutique.lejardindecoton.shop\/?post_type=product&#038;p=952"},"modified":"2025-10-14T18:12:56","modified_gmt":"2025-10-14T16:12:56","slug":"multi-nail-care-7-in-1-base-multifonctions","status":"publish","type":"product","link":"https:\/\/www.boutique.lejardindecoton.shop\/?product=multi-nail-care-7-in-1-base-multifonctions","title":{"rendered":"Multi Nail Care 7 in 1- Base Multifonctions"},"content":{"rendered":"<p>Un v\u00e9ritable soin des ongles. Un seul geste suffit pour b\u00e9n\u00e9ficier de ces 7 superbes b\u00e9n\u00e9fices\u00a0: il durcit, restructure, hydrate, prot\u00e8ge, revitalise, augmente la tenue du vernis \u00e0 ongle et la brillance des ongles. Que demander de plus\u00a0? Le maxi applicateur dot\u00e9 de 440 poils arrondis permet de pr\u00e9lever et de doser le produit de mani\u00e8re optimale.<\/p>\n<p><em>Convient \u00e0 tous les types d\u2019ongles<br \/>\nNe contient pas de\u00a0: tolu\u00e8ne, formald\u00e9hyde, DBP (phtalate de dibutyle), camphre<br \/>\nHypoallerg\u00e9nique<br \/>\nTest\u00e9 sous contr\u00f4le dermatologique<br \/>\nSans parab\u00e8nes<\/em><\/p>\n<p><em>Fabriqu\u00e9 en Italie<\/em><\/p>\n<p><img decoding=\"async\" class=\"pao-icon ls-is-cached lazyloaded\" src=\"https:\/\/www.pupa.fr\/on\/demandware.static\/Sites-PUPA_FR_SFRA-Site\/-\/default\/dw866d5063\/images\/pao.png\" data-src=\"https:\/\/www.pupa.fr\/on\/demandware.static\/Sites-PUPA_FR_SFRA-Site\/-\/default\/dw866d5063\/images\/pao.png\" \/>\u00a036M<\/p>\n<p>Composition<\/p>\n<p>Sa formule est compl\u00e8te et complexe, enrichie en Calcium Pantoth\u00e9nate, d\u00e9riv\u00e9s de Vitamine A, C, E et F, extrait d\u2019Aloe Vera, extrait de Ginseng et Huile de Grenade, R\u00e9sines Polym\u00e8res et Extrait d\u2019Agrumes.<\/p>\n<p>Astuce Maquillage<\/p>\n<p>Appliquez sur l\u2019ongle avant le vernis ou seule pour un r\u00e9sultat transparent-brillant.<\/p>\n<p>&nbsp;<\/p>\n<p>Ingr\u00e9dients<\/p>\n<p>La liste des ingr\u00e9dients est mise \u00e0 jour en permanence. Nous vous invitons toutefois \u00e0 consulter la formule indiqu\u00e9e sur les produits.<\/p>\n<p>ETHYL ACETATE, BUTYL ACETATE, NITROCELLULOSE, ADIPIC ACID\/NEOPENTYL GLYCOL\/TRIMELLITIC ANHYDRIDE COPOLYMER, ISOPROPYL ALCOHOL, ACETYL TRIBUTYL CITRATE, HEXANAL, PUNICA GRANATUM SEED OIL, TOCOPHERYL ACETATE, GLYCERYL LINOLEATE, VITIS VINIFERA (GRAPE) FRUIT EXTRACT, CITRUS LIMON (LEMON) FRUIT EXTRACT, GLYCERYL LINOLENATE, RETINYL PALMITATE, MAGNESIUM ASCORBYL PHOSPHATE, PANAX GINSENG ROOT EXTRACT, ALOE BARBADENSIS LEAF EXTRACT, CALCIUM PANTOTHENATE, TOCOPHEROL, GLYCINE SOJA (SOYBEAN) OIL, HELIANTHUS ANNUUS (SUNFLOWER) SEED OIL, AQUA (WATER), TRIMETHYLPENTANEDIYL DIBENZOATE, ISOPROPYL MYRISTATE, GLYCERIN, PROPYLENE GLYCOL, POLYVINYL BUTYRAL, BENZOPHENONE-3, CI 60725 (VIOLET 2)<\/p>\n<p>&nbsp;<\/p>\n","protected":false},"excerpt":{"rendered":"<p class=\"product-description\">Base multifonctions pour le soin des ongles. 7 effets en un seul geste.<\/p>\n<p class=\"product-other-info\"><span class=\"product-contenance\">5 ml \/ 0.17 fl oz \/\u00a0<\/span><span class=\"product-sku js-product-sku\">030055001<\/span><\/p>\n","protected":false},"featured_media":953,"comment_status":"open","ping_status":"closed","template":"","meta":{"_kad_blocks_custom_css":"","_kad_blocks_head_custom_js":"","_kad_blocks_body_custom_js":"","_kad_blocks_footer_custom_js":"","_kadence_starter_templates_imported_post":false,"_kad_post_transparent":"default","_kad_post_title":"","_kad_post_layout":"default","_kad_post_sidebar_id":"","_kad_post_content_style":"default","_kad_post_vertical_padding":"default","_kad_post_feature":"","_kad_post_feature_position":"","_kad_post_header":false,"_kad_post_footer":false},"product_brand":[68],"product_cat":[16],"product_tag":[],"product_brands":[38],"class_list":{"0":"post-952","1":"product","2":"type-product","3":"status-publish","4":"has-post-thumbnail","6":"product_brand-pupa","7":"product_cat-sans-categorie","8":"product_brands-pupa","10":"first","11":"instock","12":"taxable","13":"shipping-taxable","14":"purchasable","15":"product-type-simple","16":"entry","17":"content-bg","18":"loop-entry"},"taxonomy_info":{"product_brand":[{"value":68,"label":"PUPA"}],"product_cat":[{"value":16,"label":"sans cat\u00e9gorie"}],"product_brands":[{"value":38,"label":"Pupa"}]},"featured_image_src_large":["https:\/\/www.boutique.lejardindecoton.shop\/wp-content\/uploads\/2025\/09\/030055001-8011607219896_MultiNailCare7in1BaseMultifunzione_big_11012017155346.png",1024,640,false],"author_info":[],"comment_info":0,"_links":{"self":[{"href":"https:\/\/www.boutique.lejardindecoton.shop\/index.php?rest_route=\/wp\/v2\/product\/952","targetHints":{"allow":["GET"]}}],"collection":[{"href":"https:\/\/www.boutique.lejardindecoton.shop\/index.php?rest_route=\/wp\/v2\/product"}],"about":[{"href":"https:\/\/www.boutique.lejardindecoton.shop\/index.php?rest_route=\/wp\/v2\/types\/product"}],"replies":[{"embeddable":true,"href":"https:\/\/www.boutique.lejardindecoton.shop\/index.php?rest_route=%2Fwp%2Fv2%2Fcomments&post=952"}],"wp:featuredmedia":[{"embeddable":true,"href":"https:\/\/www.boutique.lejardindecoton.shop\/index.php?rest_route=\/wp\/v2\/media\/953"}],"wp:attachment":[{"href":"https:\/\/www.boutique.lejardindecoton.shop\/index.php?rest_route=%2Fwp%2Fv2%2Fmedia&parent=952"}],"wp:term":[{"taxonomy":"product_brand","embeddable":true,"href":"https:\/\/www.boutique.lejardindecoton.shop\/index.php?rest_route=%2Fwp%2Fv2%2Fproduct_brand&post=952"},{"taxonomy":"product_cat","embeddable":true,"href":"https:\/\/www.boutique.lejardindecoton.shop\/index.php?rest_route=%2Fwp%2Fv2%2Fproduct_cat&post=952"},{"taxonomy":"product_tag","embeddable":true,"href":"https:\/\/www.boutique.lejardindecoton.shop\/index.php?rest_route=%2Fwp%2Fv2%2Fproduct_tag&post=952"},{"taxonomy":"product_brands","embeddable":true,"href":"https:\/\/www.boutique.lejardindecoton.shop\/index.php?rest_route=%2Fwp%2Fv2%2Fproduct_brands&post=952"}],"curies":[{"name":"wp","href":"https:\/\/api.w.org\/{rel}","templated":true}]}}