{"id":935,"date":"2025-09-02T15:53:36","date_gmt":"2025-09-02T13:53:36","guid":{"rendered":"https:\/\/www.boutique.lejardindecoton.shop\/?post_type=product&#038;p=935"},"modified":"2025-09-04T18:04:15","modified_gmt":"2025-09-04T16:04:15","slug":"pleasure-lip-oil-huile","status":"publish","type":"product","link":"https:\/\/www.boutique.lejardindecoton.shop\/?product=pleasure-lip-oil-huile","title":{"rendered":"Pleasure Lip Oil (huile)"},"content":{"rendered":"<p>PUPA<br \/>\nUn v\u00e9ritable \u00e9lixir d\u2019huiles au haut pouvoir nourrissant qui enveloppe les l\u00e8vres pour un pur plaisir. La finition glossy brillante sublime les l\u00e8vres en les mettant en valeur avec un effet optique 3D.<\/p>\n<p>La texture, sensorielle et cocooning, riche, douce et enveloppante mais \u00e0 la fois l\u00e9g\u00e8re et non collante, fond sur les l\u00e8vres pour un moment de pur plaisir.<\/p>\n<p>4 r\u00e9f\u00e9rences couleur d\u00e9licatement color\u00e9es et qui se distinguent par 4 ar\u00f4mes et 4 huiles-\u00e9lixirs diff\u00e9rents.<\/p>\n<p><strong>001 FRESH WATERMELON &#8211; AR\u00d4ME PAST\u00c8QUE<\/strong><br \/>\nInfus\u00e9e d\u2019HUILE-\u00c9LIXIR DE GRAINES DE PAST\u00c8QUE NOURRISSANTE ET ASSOUPLISSANTE : favorise la r\u00e9g\u00e9n\u00e9ration cellulaire en apportant un aspect compact avec une action tonifiante<\/p>\n<p><strong>002 EXOTIC PAPAYA &#8211; AR\u00d4ME PAPAYE<\/strong><br \/>\nInfus\u00e9e d\u2019HUILE-\u00c9LIXIR DE GRAINES DE PAPAYE NOURRISSANTE ET ANTI-\u00c2GE : prot\u00e8ge contre l\u2019oxydation cellulaire provoqu\u00e9e par les radicaux libres pour un effet anti-\u00e2ge<\/p>\n<p><strong>003 YUMMY STRAWBERRY &#8211; AR\u00d4ME FRAISE<\/strong><br \/>\nInfus\u00e9e d\u2019HUILE-\u00c9LIXIR DE GRAINES DE FRAISE NOURRISSANTE ET REPULPANTE : renforce la barri\u00e8re cutan\u00e9e avec un effet apaisant et anti-s\u00e9cheresse<\/p>\n<p><strong>004 JUICY CHERRY &#8211; AR\u00d4ME CERISE<\/strong><br \/>\nInfus\u00e9e d\u2019HUILE-\u00c9LIXIR DE NOYAUX DE CERISE NOURRISSANTE ET HYDRATANTE : pr\u00e9vient la perte d\u2019eau pour un effet repulpant et lissant<\/p>\n<p><em>Produit test\u00e9 sous contr\u00f4le clinique et dermatologique<br \/>\nFormule \u00ab clean \u00bb<br \/>\nSans substances de d\u00e9rivation animale<br \/>\nMade in Italy<\/em><\/p>\n","protected":false},"excerpt":{"rendered":"<p class=\"product-description\">Huile-\u00e9lixir nourrissante pour les l\u00e8vres<\/p>\n<p class=\"product-other-info\"><span class=\"product-contenance\">.17 fl oz &#8211; 5 ml \/\u00a0<\/span><span class=\"product-sku js-product-sku\">020150A004<\/span><\/p>\n","protected":false},"featured_media":941,"comment_status":"open","ping_status":"closed","template":"","meta":{"_kad_blocks_custom_css":"","_kad_blocks_head_custom_js":"","_kad_blocks_body_custom_js":"","_kad_blocks_footer_custom_js":"","_kadence_starter_templates_imported_post":false,"_kad_post_transparent":"default","_kad_post_title":"","_kad_post_layout":"default","_kad_post_sidebar_id":"","_kad_post_content_style":"default","_kad_post_vertical_padding":"default","_kad_post_feature":"","_kad_post_feature_position":"","_kad_post_header":false,"_kad_post_footer":false},"product_brand":[68],"product_cat":[66],"product_tag":[],"product_brands":[38],"class_list":{"0":"post-935","1":"product","2":"type-product","3":"status-publish","4":"has-post-thumbnail","6":"product_brand-pupa","7":"product_cat-levres","8":"product_brands-pupa","10":"first","11":"instock","12":"taxable","13":"shipping-taxable","14":"purchasable","15":"product-type-variable","16":"entry","17":"content-bg","18":"loop-entry"},"taxonomy_info":{"product_brand":[{"value":68,"label":"PUPA"}],"product_cat":[{"value":66,"label":"levres"}],"product_brands":[{"value":38,"label":"Pupa"}]},"featured_image_src_large":["https:\/\/www.boutique.lejardindecoton.shop\/wp-content\/uploads\/2025\/09\/020150A004_8011607403370_PLEASURE-LIP-OIL_big_24012025122818-1024x640.webp",1024,640,true],"author_info":[],"comment_info":0,"_links":{"self":[{"href":"https:\/\/www.boutique.lejardindecoton.shop\/index.php?rest_route=\/wp\/v2\/product\/935","targetHints":{"allow":["GET"]}}],"collection":[{"href":"https:\/\/www.boutique.lejardindecoton.shop\/index.php?rest_route=\/wp\/v2\/product"}],"about":[{"href":"https:\/\/www.boutique.lejardindecoton.shop\/index.php?rest_route=\/wp\/v2\/types\/product"}],"replies":[{"embeddable":true,"href":"https:\/\/www.boutique.lejardindecoton.shop\/index.php?rest_route=%2Fwp%2Fv2%2Fcomments&post=935"}],"wp:featuredmedia":[{"embeddable":true,"href":"https:\/\/www.boutique.lejardindecoton.shop\/index.php?rest_route=\/wp\/v2\/media\/941"}],"wp:attachment":[{"href":"https:\/\/www.boutique.lejardindecoton.shop\/index.php?rest_route=%2Fwp%2Fv2%2Fmedia&parent=935"}],"wp:term":[{"taxonomy":"product_brand","embeddable":true,"href":"https:\/\/www.boutique.lejardindecoton.shop\/index.php?rest_route=%2Fwp%2Fv2%2Fproduct_brand&post=935"},{"taxonomy":"product_cat","embeddable":true,"href":"https:\/\/www.boutique.lejardindecoton.shop\/index.php?rest_route=%2Fwp%2Fv2%2Fproduct_cat&post=935"},{"taxonomy":"product_tag","embeddable":true,"href":"https:\/\/www.boutique.lejardindecoton.shop\/index.php?rest_route=%2Fwp%2Fv2%2Fproduct_tag&post=935"},{"taxonomy":"product_brands","embeddable":true,"href":"https:\/\/www.boutique.lejardindecoton.shop\/index.php?rest_route=%2Fwp%2Fv2%2Fproduct_brands&post=935"}],"curies":[{"name":"wp","href":"https:\/\/api.w.org\/{rel}","templated":true}]}}