{"id":929,"date":"2025-09-02T15:33:36","date_gmt":"2025-09-02T13:33:36","guid":{"rendered":"https:\/\/www.boutique.lejardindecoton.shop\/?post_type=product&#038;p=929"},"modified":"2025-10-14T18:15:58","modified_gmt":"2025-10-14T16:15:58","slug":"plump-care-eyebrow-gel","status":"publish","type":"product","link":"https:\/\/www.boutique.lejardindecoton.shop\/?product=plump-care-eyebrow-gel","title":{"rendered":"Plump &#038; Care Eyebrow Gel"},"content":{"rendered":"<p>PUPA<br \/>\nLe produit id\u00e9al pour fixer, tonaliser et \u00e9paissir les sourcils.<br \/>\nL\u00e9g\u00e8re et imperceptible, sa texture en gel-cr\u00e8me est d\u00e9licatement color\u00e9e pour fixer tout en intensifiant de mani\u00e8re naturelle la couleur des sourcils.<br \/>\nLes fibres de cellulose naturelles remplissent les petits espaces vides, en apportant un effet \u00e9paississant et volumisant imm\u00e9diat.<br \/>\nL\u2019actif fortifiant favorise jour apr\u00e8s jour la croissance naturelle du poil depuis la racine.<br \/>\nLa mini-brosse pratique permet de peigner facilement les sourcils et de r\u00e9partir uniform\u00e9ment le produit, en atteignant m\u00eame les poils les plus courts.<\/p>\n<p><em>Produit test\u00e9 sous contr\u00f4le clinique et dermatologique<br \/>\nSans substances de d\u00e9rivation animale.<br \/>\nUne formule \u00ab propre \u00bb<br \/>\n93% d\u2019ingr\u00e9dients d\u2019origine naturelle<br \/>\nMade in Italy<\/em><\/p>\n<p>Composition<\/p>\n<p>Sa texture en gel-cr\u00e8me sp\u00e9ciale rend l\u2019application confortable, en laissant les sourcils souples et d\u00e9finis.<br \/>\nLes fibres de cellulose aident \u00e0 remplir les espaces vides, en donnant aux sourcils un effet plus plein.<br \/>\nConstitu\u00e9 d\u2019un peptide sp\u00e9cial conjugu\u00e9 avec l\u2019extrait de fleur de tr\u00e8fle rouge, l\u2019actif fortifiant stimule l&#8217;activit\u00e9 du follicule pileux, en favorisant jour apr\u00e8s jour la croissance naturelle du poil depuis la racine.<\/p>\n<p>Astuce Maquillage<\/p>\n<p>Appliquez le gel en peignant le poil \u00e0 partir du coin int\u00e9rieur vers l&#8217;ext\u00e9rieur, en suivant la ligne naturelle des sourcils et en insistant sur les zones devant \u00eatre davantage \u00e9paissies.<\/p>\n<p>Ingr\u00e9dients<\/p>\n<p>La liste des ingr\u00e9dients est mise \u00e0 jour en permanence. Nous vous invitons toutefois \u00e0 consulter la formule indiqu\u00e9e sur les produits.<\/p>\n<p><strong>INGREDIENTS:<\/strong><br \/>\nAQUA (WATER),GLYCERYL STEARATE SE,PVP ,HYDROXYETHYL ACRYLATES\/SODIUM ACRYLOYLDIMETHYL TAURATE COPOLYMER,GLYCERIN,GLYCERYL STEARATE,PEG-100 STEARATE,BUTYLENE GLYCOL,PHENOXYETHANOL ,POLYISOBUTENE,PEG-7 TRIMETHYLOLPROPANE COCONUT ETHER,SORBITAN ISOSTEARATE,DISODIUM EDTA,ETHYLHEXYLGLYCERIN,CELLULOSE,DEXTRAN,ACETYL TETRAPEPTIDE-3,TRIFOLIUM PRATENSE (CLOVER) FLOWER EXTRACT<br \/>\n<strong>[+\/- (MAY CONTAIN):<\/strong><br \/>\nCI 77019 MICA,CI 77891 (TITANIUM DIOXIDE),CI 77491,77492, 77499 (IRON OXIDES)<\/p>\n","protected":false},"excerpt":{"rendered":"<p class=\"product-description\">Gel color\u00e9 pour les sourcils avec Traitement Fortifiant<\/p>\n<p class=\"product-other-info\"><span class=\"product-contenance\">3 ml &#8211; 0.101 fl oz \/\u00a0<\/span><span class=\"product-sku js-product-sku\">040562A003<\/span><\/p>\n","protected":false},"featured_media":933,"comment_status":"open","ping_status":"closed","template":"","meta":{"_kad_blocks_custom_css":"","_kad_blocks_head_custom_js":"","_kad_blocks_body_custom_js":"","_kad_blocks_footer_custom_js":"","_kadence_starter_templates_imported_post":false,"_kad_post_transparent":"default","_kad_post_title":"","_kad_post_layout":"default","_kad_post_sidebar_id":"","_kad_post_content_style":"default","_kad_post_vertical_padding":"default","_kad_post_feature":"","_kad_post_feature_position":"","_kad_post_header":false,"_kad_post_footer":false},"product_brand":[68],"product_cat":[16],"product_tag":[],"product_brands":[38],"class_list":{"0":"post-929","1":"product","2":"type-product","3":"status-publish","4":"has-post-thumbnail","6":"product_brand-pupa","7":"product_cat-sans-categorie","8":"product_brands-pupa","10":"first","11":"instock","12":"taxable","13":"shipping-taxable","14":"purchasable","15":"product-type-variable","16":"entry","17":"content-bg","18":"loop-entry"},"taxonomy_info":{"product_brand":[{"value":68,"label":"PUPA"}],"product_cat":[{"value":16,"label":"sans cat\u00e9gorie"}],"product_brands":[{"value":38,"label":"Pupa"}]},"featured_image_src_large":["https:\/\/www.boutique.lejardindecoton.shop\/wp-content\/uploads\/2025\/09\/040562A003_8011607382989_PLUMPCARE_big_12092023103108-1024x640.png",1024,640,true],"author_info":[],"comment_info":0,"_links":{"self":[{"href":"https:\/\/www.boutique.lejardindecoton.shop\/index.php?rest_route=\/wp\/v2\/product\/929","targetHints":{"allow":["GET"]}}],"collection":[{"href":"https:\/\/www.boutique.lejardindecoton.shop\/index.php?rest_route=\/wp\/v2\/product"}],"about":[{"href":"https:\/\/www.boutique.lejardindecoton.shop\/index.php?rest_route=\/wp\/v2\/types\/product"}],"replies":[{"embeddable":true,"href":"https:\/\/www.boutique.lejardindecoton.shop\/index.php?rest_route=%2Fwp%2Fv2%2Fcomments&post=929"}],"wp:featuredmedia":[{"embeddable":true,"href":"https:\/\/www.boutique.lejardindecoton.shop\/index.php?rest_route=\/wp\/v2\/media\/933"}],"wp:attachment":[{"href":"https:\/\/www.boutique.lejardindecoton.shop\/index.php?rest_route=%2Fwp%2Fv2%2Fmedia&parent=929"}],"wp:term":[{"taxonomy":"product_brand","embeddable":true,"href":"https:\/\/www.boutique.lejardindecoton.shop\/index.php?rest_route=%2Fwp%2Fv2%2Fproduct_brand&post=929"},{"taxonomy":"product_cat","embeddable":true,"href":"https:\/\/www.boutique.lejardindecoton.shop\/index.php?rest_route=%2Fwp%2Fv2%2Fproduct_cat&post=929"},{"taxonomy":"product_tag","embeddable":true,"href":"https:\/\/www.boutique.lejardindecoton.shop\/index.php?rest_route=%2Fwp%2Fv2%2Fproduct_tag&post=929"},{"taxonomy":"product_brands","embeddable":true,"href":"https:\/\/www.boutique.lejardindecoton.shop\/index.php?rest_route=%2Fwp%2Fv2%2Fproduct_brands&post=929"}],"curies":[{"name":"wp","href":"https:\/\/api.w.org\/{rel}","templated":true}]}}