{"id":839,"date":"2025-08-14T10:03:10","date_gmt":"2025-08-14T08:03:10","guid":{"rendered":"https:\/\/www.boutique.lejardindecoton.shop\/?post_type=product&#038;p=839"},"modified":"2025-10-14T18:13:46","modified_gmt":"2025-10-14T16:13:46","slug":"vamp-ombre-a-paupieres","status":"publish","type":"product","link":"https:\/\/www.boutique.lejardindecoton.shop\/?product=vamp-ombre-a-paupieres","title":{"rendered":"Vamp! Ombre \u00e0 Paupi\u00e8res"},"content":{"rendered":"<p>Une couleur pure, intense, uniforme et facile \u00e0 estomper.<br \/>\nSix finitions con\u00e7ues pour sublimer au maximum la puret\u00e9 de la couleur :<br \/>\n<strong>MATT<\/strong>\u00a0&#8211; finition mate absolue, \u00e0 tr\u00e8s haute pigmentation et extr\u00eamement facile \u00e0 estomper.<br \/>\n<strong>WET &amp; DRY<\/strong>\u00a0&#8211; effet lumineux si elle est utilis\u00e9e \u00e0 sec &#8211; couleur intense et vibrante si elle est employ\u00e9e mouill\u00e9e<br \/>\n<strong>METALLIC\u00a0<\/strong>&#8211; effet lamin\u00e9 m\u00e9tallique \u00e0 l\u2019intensit\u00e9 absolue et au toucher l\u00e9ger<br \/>\n<strong>TOP COAT<\/strong>\u00a0&#8211; effet brillant et translucide, \u00e0 utiliser seule ou au-dessus des autres ombres \u00e0 paupi\u00e8res pour les faire briller<br \/>\n<strong>FUSION<\/strong>\u00a0&#8211; deux couleurs contrast\u00e9es pour des nuances intenses et inattendues \u00e0 la finition satin\u00e9e<br \/>\n<strong>GEMS<\/strong>\u00a0&#8211; une base satin\u00e9e enrichie par de pr\u00e9cieuses p\u00e9pites ultra-nacr\u00e9es pour une couleur aux reflets ayant de multiples facettes<br \/>\n<strong>SATIN<\/strong>\u00a0&#8211; une texture soyeuse au toucher avec une finition lumineuse<\/p>\n<p>Trousse avec applicateur.<br \/>\nEmballage d\u00e9sassemblable pour favoriser les processus de r\u00e9cup\u00e9ration et de s\u00e9lection.<\/p>\n<p><em>Formules \u00ab propres \u00bb et sans talc<br \/>\n\u00c0 faible risque d\u2019allergies<br \/>\nTest\u00e9 sous contr\u00f4le ophtalmologique<br \/>\nSans parab\u00e8nes<br \/>\nMade in Italy<\/em><\/p>\n<p><strong>NE TRADINEZ PAS VOTRE COULEUR PR\u00c9F\u00c9R\u00c9E : RECHERCHEZ-LA DANS LA NOUVELLE GAMME VAMP !<\/strong><\/p>\n<p><img decoding=\"async\" src=\"https:\/\/www.pupa.fr\/on\/demandware.static\/-\/Sites-masterCatalog_Pupa\/fr\/dw229da297\/tab_comparazione_ombretti_mobile_1_fr.jpg\" \/><img decoding=\"async\" src=\"https:\/\/www.pupa.fr\/on\/demandware.static\/-\/Sites-masterCatalog_Pupa\/fr\/dw60eeb9ad\/tab_comparazione_ombretti_mobile_2_fr.jpg\" \/><img decoding=\"async\" src=\"https:\/\/www.pupa.fr\/on\/demandware.static\/-\/Sites-masterCatalog_Pupa\/fr\/dw5a5d512d\/tab_comparazione_ombretti_mobile_3_fr.jpg\" \/><\/p>\n<p>Astuce Maquillage<br \/>\n<strong>MATT<\/strong>\u00a0&#8211; Utilisez les couleurs plus fonc\u00e9es pour cr\u00e9er les ombres et la structure du maquillage et les plus claires pour intensifier les points de lumi\u00e8re pour un r\u00e9sultat tr\u00e8s naturel.<br \/>\n<strong>WET &amp; DRY<\/strong>\u00a0&#8211; Appliquez-la avec l\u2019applicateur humidifi\u00e9 pour un r\u00e9sultat intense et satur\u00e9. Estompez-la avec l\u2019applicateur sec pour obtenir un d\u00e9grad\u00e9 naturel.<br \/>\n<strong>METALLIC<\/strong>\u00a0&#8211; Appliquez-la sur le centre de la paupi\u00e8re pour un effet tridimensionnel spectaculaire.<br \/>\nPour un effet m\u00e9tallique encore plus extraordinaire, appliquez-la directement avec le bout du doigt.<br \/>\n<strong>TOP COAT<\/strong>\u00a0&#8211; Utilisez-la seule sur la paupi\u00e8re nue pour un \u00e9clat vibrant ou au-dessus des autres ombres \u00e0 paupi\u00e8res pour les faire briller.<br \/>\n<strong>FUSION\u00a0<\/strong>&#8211; M\u00e9langez les deux couleurs pour cr\u00e9er une nuance inattendue lors de chaque application. Vous pouvez \u00e9galement utiliser les couleurs s\u00e9par\u00e9ment.<br \/>\n<strong>GEMS\u00a0<\/strong>&#8211; Appliquez-la sur toute la paupi\u00e8re mobile pour une couleur \u00e9clatante et aux reflets multiples.<br \/>\n<strong>SATIN\u00a0<\/strong>&#8211; Appliquez la couleur la plus claire dans le coin int\u00e9rieur, au centre de l\u2019\u0153il et sur l\u2019arcade sourcili\u00e8re pour cr\u00e9er des points de lumi\u00e8re. Utilisez les tonalit\u00e9s interm\u00e9diaires sur la paupi\u00e8re et les tonalit\u00e9s les plus fonc\u00e9es pour souligner le coin de l\u2019\u0153il et l\u2019allonger visuellement<\/p>\n<p>Ingr\u00e9dients<\/p>\n<p>La liste des ingr\u00e9dients est mise \u00e0 jour en permanence. Nous vous invitons toutefois \u00e0 consulter la formule indiqu\u00e9e sur les produits.<\/p>\n<p><strong>040493A &#8211; METALLIC 100 &#8211; 103 &#8211; 108 &#8211; 203 &#8211; 301- 302\u00a0<\/strong><br \/>\nDIISOSTEARYL MALATE,SQUALANE,CAPRYLIC\/CAPRIC TRIGLYCERIDE,SORBITAN ISOSTEARATE,SILICA,POLYSORBATE 60,ZINC STEARATE,HYDROGENATED STYRENE\/ISOPRENE COPOLYMER,CAPRYLYL GLYCOL,ETHYLHEXYLGLYCERIN,HYDROGENATED RAPESEED OIL,TOCOPHERYL ACETATE,LAUROYL LYSINE,PENTAERYTHRITYL TETRA-DI-t-BUTYL HYDROXYHYDROCINNAMATE,TOCOPHEROL<br \/>\n<strong>040493A &#8211; METALLIC 307<\/strong><br \/>\nDIISOSTEARYL MALATE,SQUALANE,CAPRYLIC\/CAPRIC TRIGLYCERIDE,SORBITAN ISOSTEARATE,INDIGOFERA TINCTORIA EXTRACT,ZINC STEARATE,POLYSORBATE 60,SILICA,HYDROGENATED STYRENE\/ISOPRENE COPOLYMER,CAPRYLYL GLYCOL,ETHYLHEXYLGLYCERIN,HYDROGENATED RAPESEED OIL,TOCOPHERYL ACETATE,LAUROYL LYSINE,PENTAERYTHRITYL TETRA-DI-t-BUTYL HYDROXYHYDROCINNAMATE,TOCOPHEROL<br \/>\n<strong>[+\/- (THEY MAY CONTAIN):<\/strong><br \/>\nMALTODEXTRIN,CALCIUM ALUMINUM BOROSILICATE,CALCIUM SODIUM BOROSILICATE,SYNTHETIC FLUORPHLOGOPITE,CI 77019 MICA,CI 77891 (TITANIUM DIOXIDE),CI 77491, 77492, 77499 (IRON OXIDES),CI 75470 (CARMINE),CI 77000 (ALUMINUM POWDER),CI 77163 (BISMUTH OXYCHLORIDE),CI 77007 (ULTRAMARINES),CI 77288 (CHROMIUM OXIDE GREENS),CI 77289 (CHROMIUM HYDROXIDE GREEN),CI 77400 (BRONZE POWDER, COPPER POWDER),CI 77510 (FERRIC AMMONIUM FERROCYANIDE),CI 77510 (FERRIC FERROCYANIDE),CI 77742 (MANGANESE VIOLET),CI 77861 (TIN OXIDE),CI 16035 (RED 40 LAKE),CI 19140 ( YELLOW 5 LAKE),CI 42090 (BLUE 1 LAKE)]<\/p>\n<p>Contains Carmine as a colour additive<\/p>\n<p><strong>040494A &#8211; GEMS<\/strong><\/p>\n<p>SQUALANE,CAPRYLIC\/CAPRIC TRIGLYCERIDE,DIISOSTEARYL MALATE,SILICA,HYDROGENATED VEGETABLE OIL,HYDROGENATED STYRENE\/ISOPRENE COPOLYMER,CAPRYLYL GLYCOL,ETHYLHEXYLGLYCERIN,BUTYROSPERMUM PARKII (SHEA) BUTTER,LAUROYL LYSINE,SORBITAN TRISTEARATE,PENTAERYTHRITYL TETRA-DI-t-BUTYL HYDROXYHYDROCINNAMATE,ZINC STEARATE,TOCOPHEROL<br \/>\n[+\/- (MAY CONTAIN):<br \/>\nCALCIUM ALUMINUM BOROSILICATE,CALCIUM SODIUM BOROSILICATE,CALCIUM TITANIUM BOROSILICATE,COBALT TITANIUM OXIDE,SYNTHETIC FLUORPHLOGOPITE,CI 77019 MICA,CI 77891 (TITANIUM DIOXIDE),CI 77491, 77492, 77499 (IRON OXIDES),CI 75470 (CARMINE),CI 77163 (BISMUTH OXYCHLORIDE),CI 77007 (ULTRAMARINES),CI 77288 (CHROMIUM OXIDE GREENS),CI 77289 (CHROMIUM HYDROXIDE GREEN),CI 77400 (BRONZE POWDER, COPPER POWDER),CI 77510 (FERRIC AMMONIUM FERROCYANIDE,FERRIC FERROCYANIDE),CI 77742 (MANGANESE VIOLET),CI 77861 (TIN OXIDE),CI 16035 (RED 40 LAKE),CI 19140 (YELLOW 5 LAKE),CI 42090 (BLUE 1 LAKE)]<\/p>\n<p>Contains Carmine as a color additive<\/p>\n<p><strong>040495A &#8211; FUSION<\/strong><\/p>\n<p>SQUALANE,SILICA,HYDROGENATED VEGETABLE OIL,HYDROGENATED STYRENE\/ISOPRENE COPOLYMER,CAPRYLYL GLYCOL,ETHYLHEXYLGLYCERIN,LAUROYL LYSINE,SORBITAN TRISTEARATE,PENTAERYTHRITYL TETRA-DI-t-BUTYL HYDROXYHYDROCINNAMATE,ZINC STEARATE,TOCOPHEROL<br \/>\n<strong>[+\/- (MAY CONTAIN):<\/strong><br \/>\nKAOLIN,MALTODEXTRIN,CALCIUM ALUMINUM BOROSILICATE,CALCIUM SODIUM BOROSILICATE,CALCIUM TITANIUM BOROSILICATE,COBALT TITANIUM OXIDE,SYNTHETIC FLUORPHLOGOPITE,CI 77019 MICA,CI 77891 (TITANIUM DIOXIDE),CI 77491, 77492, 77499 \u00a0(IRON OXIDES),CI 75470 (CARMINE),CI 77163 (BISMUTH OXYCHLORIDE),CI 77007 (ULTRAMARINES),CI 77288 (CHROMIUM OXIDE GREENS),CI 77289 (CHROMIUM HYDROXIDE GREEN),CI 77400 (BRONZE POWDER, COPPER POWDER),CI 77510 (FERRIC AMMONIUM FERROCYANIDE,FERRIC FERROCYANIDE),CI 77742 (MANGANESE VIOLET),CI 77861 (TIN OXIDE),CI 16035 (RED 40 LAKE),CI 19140 (YELLOW 5 LAKE),CI 42090 (BLUE 1 LAKE)]<\/p>\n<p>Contains Carmine as a color additive<\/p>\n<p><strong>240496A\/040496A &#8211; WET&amp;DRY<\/strong><\/p>\n<p>OCTYLDODECYL STEAROYL STEARATE,DIMETHICONE,SILICA,PHENOXYETHANOL,LAUROYL LYSINE,CETEARYL ETHYLHEXANOATE,ISOPROPYL PALMITATE,POLYSORBATE 20,SORBITAN STEARATE,SODIUM DEHYDROACETATE,ACRYLAMIDE\/SODIUM ACRYLOYLDIMETHYLTAURATE COPOLYMER,CAPRYLYL GLYCOL,AQUA (WATER),ISOHEXADECANE,SIMMONDSIA CHINENSIS (JOJOBA) SEED OIL,TOCOPHERYL ACETATE,HEXYLENE GLYCOL,POLYSORBATE 80,SORBITAN OLEATE<br \/>\n<strong>[+\/- (MAY CONTAIN):<\/strong><br \/>\nKAOLIN,CALCIUM ALUMINUM BOROSILICATE,CALCIUM SODIUM BOROSILICATE,MAGNESIUM ALUMINUM SILICATE,SYNTHETIC FLUORPHLOGOPITE,CI 77019 MICA,CI 77891 (TITANIUM DIOXIDE),CI 77491,77492, 77499 (IRON OXIDES),CI 75470 (CARMINE),CI 77007 (ULTRAMARINES),CI 77288 (CHROMIUM OXIDE GREENS),CI 77289 (CHROMIUM HYDROXIDE GREEN),CI 77510 (FERRIC AMMONIUM FERROCYANIDE, FERRIC FERROCYANIDE),CI 77861 (TIN OXIDE),CI 16035 (RED 40 LAKE),CI 19140 (YELLOW 5 LAKE),CI 42090 (BLUE 1 LAKE)]<\/p>\n<p>Contains Carmine as a colour additive<\/p>\n<p><strong>040497A &#8211; TOP COAT<\/strong><\/p>\n<p>DIMETHICONE,DIISOSTEARYL MALATE,DIMETHICONE\/VINYL DIMETHICONE CROSSPOLYMER,SILICA,DICALCIUM PHOSPHATE,HYDROGENATED STYRENE\/ISOPRENE COPOLYMER,LAUROYL LYSINE,CAPRYLYL GLYCOL,ETHYLHEXYLGLYCERIN,LAURETH-4,PENTAERYTHRITYL TETRA-DI-t-BUTYL HYDROXYHYDROCINNAMATE,TOCOPHEROL<br \/>\n<strong>[+\/- (MAY CONTAIN):<\/strong><br \/>\nKAOLIN,CALCIUM ALUMINUM BOROSILICATE,CALCIUM SODIUM BOROSILICATE,COBALT TITANIUM OXIDE,SYNTHETIC FLUORPHLOGOPITE,CI 77019 MICA,CI 77891 (TITANIUM DIOXIDE),CI 77491, 77492, 77499 \u00a0(IRON OXIDES),CI 75470 (CARMINE),CI 77007 (ULTRAMARINES),CI 77163 (BISMUTH OXYCHLORIDE),CI 77288 (CHROMIUM OXIDE GREENS),CI 77289 (CHROMIUM HYDROXIDE GREEN),CI 77510 (FERRIC AMMONIUM FERROCYANIDE, FERRIC FERROCYANIDE),CI 77742 (MANGANESE VIOLET),CI 77861 (TIN OXIDE),CI 16035 (RED 40 LAKE),CI 19140 (YELLOW 5 LAKE),CI 42090 (BLUE 1 LAKE)]<\/p>\n<p>Contains Carmine as a colour additive<\/p>\n<p><strong>040498A &#8211; MATT<\/strong><\/p>\n<p>ZINC STEARATE,SILICA,HYDROGENATED VEGETABLE OIL,SQUALANE,C13-15 ALKANE,TRIETHOXYCAPRYLYLSILANE,LAUROYL LYSINE,CAPRYLYL GLYCOL,ETHYLHEXYLGLYCERIN,SORBITAN TRISTEARATE,PENTAERYTHRITYL TETRA-DI-t-BUTYL HYDROXYHYDROCINNAMATE,TOCOPHEROL<br \/>\n<strong>[+\/- (MAY CONTAIN):<\/strong><br \/>\nMALTODEXTRIN,KAOLIN,CALCIUM ALUMINUM BOROSILICATE,CALCIUM SODIUM BOROSILICATE,COBALT TITANIUM OXIDE,SYNTHETIC FLUORPHLOGOPITE,CI 77019 MICA,CI 77891 (TITANIUM DIOXIDE),CI 77491, 77492, 77499 \u00a0(IRON OXIDES),CI 75470 (CARMINE),CI 77007 (ULTRAMARINES),CI 77163 (BISMUTH OXYCHLORIDE),CI 77288 (CHROMIUM OXIDE GREENS),CI 77289 (CHROMIUM HYDROXIDE GREEN),CI 77510 (FERRIC AMMONIUM FERROCYANIDE, FERRIC FERROCYANIDE),CI 77742 (MANGANESE VIOLET),CI 77861 (TIN OXIDE),CI 16035 (RED 40 LAKE),CI 19140 (YELLOW 5 LAKE),CI 42090 (BLUE 1 LAKE)]<\/p>\n<p>Contains Carmine as a colour additive<\/p>\n","protected":false},"excerpt":{"rendered":"<p>Fards \u00e0 paupi\u00e8ress de couleur pure &#8211; haute pigmentation &#8211; effet multiple<\/p>\n","protected":false},"featured_media":883,"comment_status":"open","ping_status":"closed","template":"","meta":{"_kad_blocks_custom_css":"","_kad_blocks_head_custom_js":"","_kad_blocks_body_custom_js":"","_kad_blocks_footer_custom_js":"","_kadence_starter_templates_imported_post":false,"_kad_post_transparent":"default","_kad_post_title":"","_kad_post_layout":"default","_kad_post_sidebar_id":"","_kad_post_content_style":"default","_kad_post_vertical_padding":"default","_kad_post_feature":"","_kad_post_feature_position":"","_kad_post_header":false,"_kad_post_footer":false},"product_brand":[68],"product_cat":[16],"product_tag":[],"product_brands":[38],"class_list":{"0":"post-839","1":"product","2":"type-product","3":"status-publish","4":"has-post-thumbnail","6":"product_brand-pupa","7":"product_cat-sans-categorie","8":"product_brands-pupa","10":"first","11":"instock","12":"taxable","13":"shipping-taxable","14":"purchasable","15":"product-type-variable","16":"has-default-attributes","17":"entry","18":"content-bg","19":"loop-entry"},"taxonomy_info":{"product_brand":[{"value":68,"label":"PUPA"}],"product_cat":[{"value":16,"label":"sans cat\u00e9gorie"}],"product_brands":[{"value":38,"label":"Pupa"}]},"featured_image_src_large":["https:\/\/www.boutique.lejardindecoton.shop\/wp-content\/uploads\/2025\/08\/040496A407_8011607368853_Vamp-Eyeshadow-WetDry_big_12012023100945-1024x640.webp",1024,640,true],"author_info":[],"comment_info":0,"_links":{"self":[{"href":"https:\/\/www.boutique.lejardindecoton.shop\/index.php?rest_route=\/wp\/v2\/product\/839","targetHints":{"allow":["GET"]}}],"collection":[{"href":"https:\/\/www.boutique.lejardindecoton.shop\/index.php?rest_route=\/wp\/v2\/product"}],"about":[{"href":"https:\/\/www.boutique.lejardindecoton.shop\/index.php?rest_route=\/wp\/v2\/types\/product"}],"replies":[{"embeddable":true,"href":"https:\/\/www.boutique.lejardindecoton.shop\/index.php?rest_route=%2Fwp%2Fv2%2Fcomments&post=839"}],"wp:featuredmedia":[{"embeddable":true,"href":"https:\/\/www.boutique.lejardindecoton.shop\/index.php?rest_route=\/wp\/v2\/media\/883"}],"wp:attachment":[{"href":"https:\/\/www.boutique.lejardindecoton.shop\/index.php?rest_route=%2Fwp%2Fv2%2Fmedia&parent=839"}],"wp:term":[{"taxonomy":"product_brand","embeddable":true,"href":"https:\/\/www.boutique.lejardindecoton.shop\/index.php?rest_route=%2Fwp%2Fv2%2Fproduct_brand&post=839"},{"taxonomy":"product_cat","embeddable":true,"href":"https:\/\/www.boutique.lejardindecoton.shop\/index.php?rest_route=%2Fwp%2Fv2%2Fproduct_cat&post=839"},{"taxonomy":"product_tag","embeddable":true,"href":"https:\/\/www.boutique.lejardindecoton.shop\/index.php?rest_route=%2Fwp%2Fv2%2Fproduct_tag&post=839"},{"taxonomy":"product_brands","embeddable":true,"href":"https:\/\/www.boutique.lejardindecoton.shop\/index.php?rest_route=%2Fwp%2Fv2%2Fproduct_brands&post=839"}],"curies":[{"name":"wp","href":"https:\/\/api.w.org\/{rel}","templated":true}]}}