{"id":836,"date":"2025-08-13T15:55:57","date_gmt":"2025-08-13T13:55:57","guid":{"rendered":"https:\/\/www.boutique.lejardindecoton.shop\/?post_type=product&#038;p=836"},"modified":"2025-10-14T18:14:18","modified_gmt":"2025-10-14T16:14:18","slug":"pinceau-pour-fard-a-joues-rond","status":"publish","type":"product","link":"https:\/\/www.boutique.lejardindecoton.shop\/?product=pinceau-pour-fard-a-joues-rond","title":{"rendered":"Pinceau pour Fard \u00e0 Joues Rond"},"content":{"rendered":"<h1 class=\"product-name text-bold\">Pinceau pour Fard \u00e0 Joues Rond<\/h1>\n<p>Gr\u00e2ce \u00e0 sa forme arrondie, le pinceau pour fard \u00e0 joues rond de Pupa est tout particuli\u00e8rement indiqu\u00e9 pour appliquer le fard \u00e0 joues sur les joues pour un effet bonne mine, et sur les pommettes pour les mettre en valeur.<br \/>\nL\u2019innovante fibre synth\u00e9tique Dermocura\u00ae permet une application impeccable pour un effet \u00ab\u00a0caresse\u00a0\u00bb sur la peau.<\/p>\n<p><em>Test\u00e9 cliniquement<\/em><\/p>\n<p><em>Fabriqu\u00e9 enti\u00e8rement \u00e0 la main en Italie<\/em><\/p>\n<p><strong>Astuce maquillage<\/strong><\/p>\n<p>Pour un effet bonne mine, appliquez sur les joues, en souriant et en les faisant ressortir, du centre du visage vers les tempes en estompant par des mouvements circulaires. Pour mettre en valeur les pommettes, appliquez des joues vers les tempes et vice-versa.<br \/>\nNettoyez votre pinceau \u00e0 l\u2019aide du Nettoyant pour Pinceaux Pupa.<br \/>\nConseil d\u2019utilisation\u00a0: vaporisez le nettoyant directement sur le pinceau, \u00e9liminez les restes de maquillage des poils \u00e0 l\u2019aide d\u2019un mouchoir en papier puis laissez-le s\u00e9cher \u00e0 l\u2019horizontale.<\/p>\n","protected":false},"excerpt":{"rendered":"<p>Id\u00e9al pour appliquer du fard \u00e0 joues, des poudres, des poudres illuminatrices et du fond de teint en poudre.<\/p>\n","protected":false},"featured_media":837,"comment_status":"open","ping_status":"closed","template":"","meta":{"_kad_blocks_custom_css":"","_kad_blocks_head_custom_js":"","_kad_blocks_body_custom_js":"","_kad_blocks_footer_custom_js":"","_kadence_starter_templates_imported_post":false,"_kad_post_transparent":"default","_kad_post_title":"","_kad_post_layout":"default","_kad_post_sidebar_id":"","_kad_post_content_style":"default","_kad_post_vertical_padding":"default","_kad_post_feature":"","_kad_post_feature_position":"","_kad_post_header":false,"_kad_post_footer":false},"product_brand":[68],"product_cat":[16],"product_tag":[],"product_brands":[38],"class_list":{"0":"post-836","1":"product","2":"type-product","3":"status-publish","4":"has-post-thumbnail","6":"product_brand-pupa","7":"product_cat-sans-categorie","8":"product_brands-pupa","10":"first","11":"instock","12":"taxable","13":"shipping-taxable","14":"purchasable","15":"product-type-simple","16":"entry","17":"content-bg","18":"loop-entry"},"taxonomy_info":{"product_brand":[{"value":68,"label":"PUPA"}],"product_cat":[{"value":16,"label":"sans cat\u00e9gorie"}],"product_brands":[{"value":38,"label":"Pupa"}]},"featured_image_src_large":["https:\/\/www.boutique.lejardindecoton.shop\/wp-content\/uploads\/2025\/08\/070003001-8011607188994_PennelloBlushTondo_big_15122016130053.webp",1024,640,false],"author_info":[],"comment_info":0,"_links":{"self":[{"href":"https:\/\/www.boutique.lejardindecoton.shop\/index.php?rest_route=\/wp\/v2\/product\/836","targetHints":{"allow":["GET"]}}],"collection":[{"href":"https:\/\/www.boutique.lejardindecoton.shop\/index.php?rest_route=\/wp\/v2\/product"}],"about":[{"href":"https:\/\/www.boutique.lejardindecoton.shop\/index.php?rest_route=\/wp\/v2\/types\/product"}],"replies":[{"embeddable":true,"href":"https:\/\/www.boutique.lejardindecoton.shop\/index.php?rest_route=%2Fwp%2Fv2%2Fcomments&post=836"}],"wp:featuredmedia":[{"embeddable":true,"href":"https:\/\/www.boutique.lejardindecoton.shop\/index.php?rest_route=\/wp\/v2\/media\/837"}],"wp:attachment":[{"href":"https:\/\/www.boutique.lejardindecoton.shop\/index.php?rest_route=%2Fwp%2Fv2%2Fmedia&parent=836"}],"wp:term":[{"taxonomy":"product_brand","embeddable":true,"href":"https:\/\/www.boutique.lejardindecoton.shop\/index.php?rest_route=%2Fwp%2Fv2%2Fproduct_brand&post=836"},{"taxonomy":"product_cat","embeddable":true,"href":"https:\/\/www.boutique.lejardindecoton.shop\/index.php?rest_route=%2Fwp%2Fv2%2Fproduct_cat&post=836"},{"taxonomy":"product_tag","embeddable":true,"href":"https:\/\/www.boutique.lejardindecoton.shop\/index.php?rest_route=%2Fwp%2Fv2%2Fproduct_tag&post=836"},{"taxonomy":"product_brands","embeddable":true,"href":"https:\/\/www.boutique.lejardindecoton.shop\/index.php?rest_route=%2Fwp%2Fv2%2Fproduct_brands&post=836"}],"curies":[{"name":"wp","href":"https:\/\/api.w.org\/{rel}","templated":true}]}}