{"id":833,"date":"2025-08-13T15:50:43","date_gmt":"2025-08-13T13:50:43","guid":{"rendered":"https:\/\/www.boutique.lejardindecoton.shop\/?post_type=product&#038;p=833"},"modified":"2025-10-14T18:14:59","modified_gmt":"2025-10-14T16:14:59","slug":"maxi-pinceau-pour-le-visage","status":"publish","type":"product","link":"https:\/\/www.boutique.lejardindecoton.shop\/?product=maxi-pinceau-pour-le-visage","title":{"rendered":"Maxi Pinceau pour le Visage"},"content":{"rendered":"<p>Le maxi pinceau pour le visage de Pupa, gr\u00e2ce \u00e0 l\u2019innovante\u00a0<em>fibre synth\u00e9tique Dermocura\u00ae\u00a0<\/em>et \u00e0 sa forme pleine et bomb\u00e9e permet une application impeccable et uniforme sur de larges zones du visage et du corps, pour un effet \u00ab\u00a0caresse\u00a0\u00bb sur la peau.<\/p>\n<p><em>Test\u00e9 cliniquement<br \/>\nFabriqu\u00e9 enti\u00e8rement \u00e0 la main en Italie<\/em><\/p>\n<p><strong>Astuce maquillage\u00a0<\/strong><\/p>\n<p>Appliquez la poudre en effectuant des mouvements circulaires des zones centrales vers les contours en estompant.<br \/>\nNettoyez votre pinceau \u00e0 l\u2019aide du Nettoyant pour Pinceaux Pupa.<br \/>\nConseil d\u2019utilisation\u00a0: vaporisez le nettoyant directement sur le pinceau, enlevez les restes de maquillage des poils \u00e0 l\u2019aide d\u2019un mouchoir en papier puis laissez-le s\u00e9cher \u00e0 l\u2019horizontale.<\/p>\n","protected":false},"excerpt":{"rendered":"<p>Id\u00e9al pour les poudres, les poudres bronzantes, les all over et les poudres illuminatrices visage et corps.<\/p>\n","protected":false},"featured_media":834,"comment_status":"open","ping_status":"closed","template":"","meta":{"_kad_blocks_custom_css":"","_kad_blocks_head_custom_js":"","_kad_blocks_body_custom_js":"","_kad_blocks_footer_custom_js":"","_kadence_starter_templates_imported_post":false,"_kad_post_transparent":"default","_kad_post_title":"","_kad_post_layout":"default","_kad_post_sidebar_id":"","_kad_post_content_style":"default","_kad_post_vertical_padding":"default","_kad_post_feature":"","_kad_post_feature_position":"","_kad_post_header":false,"_kad_post_footer":false},"product_brand":[68],"product_cat":[16],"product_tag":[],"product_brands":[38],"class_list":{"0":"post-833","1":"product","2":"type-product","3":"status-publish","4":"has-post-thumbnail","6":"product_brand-pupa","7":"product_cat-sans-categorie","8":"product_brands-pupa","10":"first","11":"instock","12":"taxable","13":"shipping-taxable","14":"purchasable","15":"product-type-simple","16":"entry","17":"content-bg","18":"loop-entry"},"taxonomy_info":{"product_brand":[{"value":68,"label":"PUPA"}],"product_cat":[{"value":16,"label":"sans cat\u00e9gorie"}],"product_brands":[{"value":38,"label":"Pupa"}]},"featured_image_src_large":["https:\/\/www.boutique.lejardindecoton.shop\/wp-content\/uploads\/2025\/08\/070001001-8011607188970_MaxiPennelloViso_big_03022017144412.png",1024,640,false],"author_info":[],"comment_info":0,"_links":{"self":[{"href":"https:\/\/www.boutique.lejardindecoton.shop\/index.php?rest_route=\/wp\/v2\/product\/833","targetHints":{"allow":["GET"]}}],"collection":[{"href":"https:\/\/www.boutique.lejardindecoton.shop\/index.php?rest_route=\/wp\/v2\/product"}],"about":[{"href":"https:\/\/www.boutique.lejardindecoton.shop\/index.php?rest_route=\/wp\/v2\/types\/product"}],"replies":[{"embeddable":true,"href":"https:\/\/www.boutique.lejardindecoton.shop\/index.php?rest_route=%2Fwp%2Fv2%2Fcomments&post=833"}],"wp:featuredmedia":[{"embeddable":true,"href":"https:\/\/www.boutique.lejardindecoton.shop\/index.php?rest_route=\/wp\/v2\/media\/834"}],"wp:attachment":[{"href":"https:\/\/www.boutique.lejardindecoton.shop\/index.php?rest_route=%2Fwp%2Fv2%2Fmedia&parent=833"}],"wp:term":[{"taxonomy":"product_brand","embeddable":true,"href":"https:\/\/www.boutique.lejardindecoton.shop\/index.php?rest_route=%2Fwp%2Fv2%2Fproduct_brand&post=833"},{"taxonomy":"product_cat","embeddable":true,"href":"https:\/\/www.boutique.lejardindecoton.shop\/index.php?rest_route=%2Fwp%2Fv2%2Fproduct_cat&post=833"},{"taxonomy":"product_tag","embeddable":true,"href":"https:\/\/www.boutique.lejardindecoton.shop\/index.php?rest_route=%2Fwp%2Fv2%2Fproduct_tag&post=833"},{"taxonomy":"product_brands","embeddable":true,"href":"https:\/\/www.boutique.lejardindecoton.shop\/index.php?rest_route=%2Fwp%2Fv2%2Fproduct_brands&post=833"}],"curies":[{"name":"wp","href":"https:\/\/api.w.org\/{rel}","templated":true}]}}