{"id":820,"date":"2025-09-02T17:50:35","date_gmt":"2025-09-02T15:50:35","guid":{"rendered":"https:\/\/www.boutique.lejardindecoton.shop\/?post_type=product&#038;p=820"},"modified":"2025-10-14T18:10:18","modified_gmt":"2025-10-14T16:10:18","slug":"wonder-me-bronzer","status":"publish","type":"product","link":"https:\/\/www.boutique.lejardindecoton.shop\/?product=wonder-me-bronzer","title":{"rendered":"Wonder Me Bronzer"},"content":{"rendered":"<h1>Wonder Me Bronzer<\/h1>\n<p>PUPA<br \/>\nest une poudre bronzante qui corrige et am\u00e9liore instantan\u00e9ment le grain de la peau et colore le teint de mani\u00e8re totalement naturelle.<br \/>\nPassage apr\u00e8s passage, elle r\u00e9chauffe le teint et permet de r\u00e9aliser l\u2019effet de bronzage souhait\u00e9 de mani\u00e8re totalement naturelle.<br \/>\nSa texture fine reste l\u00e9g\u00e8re et imperceptible ; elle est tr\u00e8s facile \u00e0 estomper sans obtenir aucun effet tache. Elle r\u00e9duit instantan\u00e9ment les pores et les imperfections, en am\u00e9liorant la texture de la peau et en la rendant plus lisse et compacte.<br \/>\nElle r\u00e9siste parfaitement \u00e0 la transpiration et \u00e0 l\u2019humidit\u00e9 pour un maquillage impeccable sur la dur\u00e9e.<\/p>\n<p>POUR TOUS LES TYPES DE PEAU<br \/>\nCOUVRANCE MODULABLE<br \/>\nFINITION SEMI-MATE<\/p>\n<p><strong>Les poudres sph\u00e9riques\u00a0<\/strong>sp\u00e9ciales rendent la texture l\u00e9g\u00e8re et impalpable comme une seconde peau.<br \/>\nLes poudres\u00a0<strong>micro-r\u00e9fl\u00e9chissantes\u00a0<\/strong>unies aux tr\u00e8s fins pigments ambr\u00e9s diffusent la lumi\u00e8re et donnent au teint un aspect liss\u00e9 et bronz\u00e9 absolument naturel.<br \/>\n<strong>L\u2019extrait de fleur de pistachier lentisque<\/strong>\u00a0stimule la synth\u00e8se du collag\u00e8ne et rend sa densit\u00e9 au derme. Il a une action d\u00e9tox pour une peau plus fra\u00eeche et visiblement saine.<\/p>\n<p>Pour tous les types de peau<br \/>\nCouvrance modulable<br \/>\nFinition semi-mate<\/p>\n<p><em>\u00c0 faible risque d\u2019allergie<br \/>\nProduit test\u00e9 sous contr\u00f4le dermatologique<br \/>\nNon com\u00e9dog\u00e8ne<br \/>\nSans talc<br \/>\n95 % de mati\u00e8res premi\u00e8res naturelles<br \/>\nSans substances de d\u00e9rivation animale<br \/>\nMade in Italy<\/em><\/p>\n","protected":false},"excerpt":{"rendered":"<p class=\"product-description\">Poudre bronzante pour le visage perfection instantan\u00e9e<\/p>\n<p class=\"product-other-info\"><span class=\"product-contenance\">7,5 g \/ Net Wt .264 oz \/\u00a0<\/span><span class=\"product-sku js-product-sku\">050230A001<\/span><\/p>\n","protected":false},"featured_media":982,"comment_status":"open","ping_status":"closed","template":"","meta":{"_kad_blocks_custom_css":"","_kad_blocks_head_custom_js":"","_kad_blocks_body_custom_js":"","_kad_blocks_footer_custom_js":"","_kadence_starter_templates_imported_post":false,"_kad_post_transparent":"default","_kad_post_title":"","_kad_post_layout":"default","_kad_post_sidebar_id":"","_kad_post_content_style":"default","_kad_post_vertical_padding":"default","_kad_post_feature":"","_kad_post_feature_position":"","_kad_post_header":false,"_kad_post_footer":false},"product_brand":[68],"product_cat":[58,74],"product_tag":[],"product_brands":[],"class_list":{"0":"post-820","1":"product","2":"type-product","3":"status-publish","4":"has-post-thumbnail","6":"product_brand-pupa","7":"product_cat-pupa","8":"product_cat-teint","10":"first","11":"instock","12":"taxable","13":"shipping-taxable","14":"product-type-variable","15":"entry","16":"content-bg","17":"loop-entry"},"taxonomy_info":{"product_brand":[{"value":68,"label":"PUPA"}],"product_cat":[{"value":58,"label":"pupa"},{"value":74,"label":"Teint"}]},"featured_image_src_large":["https:\/\/www.boutique.lejardindecoton.shop\/wp-content\/uploads\/2025\/08\/050230A003_8011607386772_WONDER_ME_BRONZER_big_19122023180908.png",1024,640,false],"author_info":[],"comment_info":0,"_links":{"self":[{"href":"https:\/\/www.boutique.lejardindecoton.shop\/index.php?rest_route=\/wp\/v2\/product\/820","targetHints":{"allow":["GET"]}}],"collection":[{"href":"https:\/\/www.boutique.lejardindecoton.shop\/index.php?rest_route=\/wp\/v2\/product"}],"about":[{"href":"https:\/\/www.boutique.lejardindecoton.shop\/index.php?rest_route=\/wp\/v2\/types\/product"}],"replies":[{"embeddable":true,"href":"https:\/\/www.boutique.lejardindecoton.shop\/index.php?rest_route=%2Fwp%2Fv2%2Fcomments&post=820"}],"wp:featuredmedia":[{"embeddable":true,"href":"https:\/\/www.boutique.lejardindecoton.shop\/index.php?rest_route=\/wp\/v2\/media\/982"}],"wp:attachment":[{"href":"https:\/\/www.boutique.lejardindecoton.shop\/index.php?rest_route=%2Fwp%2Fv2%2Fmedia&parent=820"}],"wp:term":[{"taxonomy":"product_brand","embeddable":true,"href":"https:\/\/www.boutique.lejardindecoton.shop\/index.php?rest_route=%2Fwp%2Fv2%2Fproduct_brand&post=820"},{"taxonomy":"product_cat","embeddable":true,"href":"https:\/\/www.boutique.lejardindecoton.shop\/index.php?rest_route=%2Fwp%2Fv2%2Fproduct_cat&post=820"},{"taxonomy":"product_tag","embeddable":true,"href":"https:\/\/www.boutique.lejardindecoton.shop\/index.php?rest_route=%2Fwp%2Fv2%2Fproduct_tag&post=820"},{"taxonomy":"product_brands","embeddable":true,"href":"https:\/\/www.boutique.lejardindecoton.shop\/index.php?rest_route=%2Fwp%2Fv2%2Fproduct_brands&post=820"}],"curies":[{"name":"wp","href":"https:\/\/api.w.org\/{rel}","templated":true}]}}