{"id":798,"date":"2025-08-13T14:44:21","date_gmt":"2025-08-13T12:44:21","guid":{"rendered":"https:\/\/www.boutique.lejardindecoton.shop\/?post_type=product&#038;p=798"},"modified":"2025-09-04T18:06:42","modified_gmt":"2025-09-04T16:06:42","slug":"wonder-me-3-en-1","status":"publish","type":"product","link":"https:\/\/www.boutique.lejardindecoton.shop\/?product=wonder-me-3-en-1","title":{"rendered":"WOnder Me 3 en 1"},"content":{"rendered":"<p>PUPA<br \/>\nUn correcteur aux talents multiples et \u00e0<strong>\u00a0triple fonction :<\/strong><br \/>\n<strong>1.\u00a0\u00a0 \u00a0Corrige :\u00a0<\/strong>\u00e9limine instantan\u00e9ment les cernes, les petites imperfections et les zones d\u2019ombre du visage.<br \/>\n<strong>2.\u00a0\u00a0 \u00a0Lisse :\u00a0<\/strong>r\u00e9duit visiblement l\u2019aspect des pores et la visibilit\u00e9 du grain de la peau en la faisant appara\u00eetre plus lisse.<br \/>\n<strong>3.\u00a0\u00a0 \u00a0Minimise les signes de l\u2019\u00e2ge :\u00a0<\/strong>donne aux traits du visage un aspect plus d\u00e9tendu, en att\u00e9nuant visiblement les lignes d\u2019expression.<br \/>\nIl s\u2019\u00e9tale et s\u2019estompe facilement \u00e9galement sur tout le visage gr\u00e2ce \u00e0 l\u2019applicateur en \u00e9ponge douce et \u00e0 la texture \u00e9lastique et ultra-flexible.<br \/>\nFormul\u00e9 \u00e0 partir de 76 % de base de soin de la peau*, pour mettre imm\u00e9diatement en valeur la beaut\u00e9 de la peau et en prendre soin au fil du temps.<\/p>\n<p><strong>Une table pour trouver la teinte id\u00e9ale :<\/strong><\/p>\n<ul>\n<li><strong>010: peaux tr\u00e8s claires\u00a0<\/strong><img decoding=\"async\" src=\"data:image\/png;base64,iVBORw0KGgoAAAANSUhEUgAAACwAAAARCAIAAAApAtklAAABwklEQVRIDc1VQY6DMAzk\/78j3LrXJtL20tMWkJBY2R5PnECRetpFETKJMx6PnTDMeYxjyWnJ41L03RklyXwc5ixvjlG21yE4s33GjWpvr+euzxAZqDfhjIezyW14Q0RsRJXtjGRLMRkuubE+bhckoI0mdBabKHlcJdgoSpRkJA6ZvEfI6YJEJ4YleoKlDCiVym78yCyDWVXIE7CZCxIsqmd5WguROjiY\/ugGXSKhNnAkdEFC6SuoawvB437YVgu2npemroJKaJfACSSkopxFJ58oX33o7Oggaj2BA+VpdM6Hz16Jhs3B+zMSkV8kd4ClEugsTUhlj9o4nPV\/T4Xim4TaJQ0OiqUhDgyW4qeju2eobZh\/X50zEnpi\/YLS01ExDzxqOZosA67BNasdSnCWSPW88HwFo9urn7EcqIhH1Z3cw3PIGRpYsiJ2IPIJZkaOu2jwsurUq1WQnUS\/qgjVVoN68MaTlORaY2w3mmvbg03wy2pUBn5JyAwHKdZeBgmTBzkgjSqJM1hKqj+w7fVcHzcVwEncJ\/urSUhgTYtdwJYQbCEEGaLyJn5bxLmk+T75SOv31\/aDX+i+74O1xt++\/wWJXxIi\/QQ6ySKfAAAAAElFTkSuQmCC\" alt=\"\" \/><\/li>\n<li><strong>020: peaux claires\u00a0<\/strong><img loading=\"lazy\" decoding=\"async\" src=\"data:image\/png;base64,iVBORw0KGgoAAAANSUhEUgAAACoAAAAQCAIAAADvQHrHAAABGElEQVRIDb2VSxKDIAyGvf99hB7AnkDYuXXtgtiNCzvhEaNES6t2xkUmYL6fJJBqGvqxa5xRzujwgY0Gea421Ng109DP81yVhIakrGTzxz1gdQg4Db2AvxYmqkEFVr+6p4S\/PflUXCXgRb3nnZRzHuqf+Efe1DI+1MbLVM4o3g1siXL4uyHjeX7us8HqUvy1h6YjCfivSHk5ncFrvalX4OWbZTypy2PxpT2bs\/fAQYqA3wt60p9rcuao9nEKiL+RlONV2oZZ9K8Z24936uD0qqQJqJzJWG4pdsD6ASWP9+PgEfBg2fQLfYQedG7CJU9c9WdVYNcKWg1tfBjWeI0jJx+4ztSUtNTDHJA\/MjWb14in3zdGUr8M3DcTU47XkYb2EQAAAABJRU5ErkJggg==\" alt=\"\" width=\"39\" height=\"15\" \/><\/li>\n<li><strong>030: peaux moyennes\u00a0<\/strong><img loading=\"lazy\" decoding=\"async\" src=\"data:image\/png;base64,iVBORw0KGgoAAAANSUhEUgAAACYAAAARCAIAAAA+IEnsAAAAuUlEQVRIDe2UUQ7CIAyGe\/9TwINwBO9gY3n0GJbGd40QJghb+iAzMS5\/CMm6fu2\/psBoGM01neluGXsZPr0rooloe1WfG0abMjcJQegQycV0Cnl53ucKhFzB+NmwnD8jd4K9kJF80aqlTE4jjU9QBU3vNf\/EGrnaYlWWKmaZDwmDNqYgt0v8I7f9Ub095z3TTMBPGts12naZZ7oELbOu8rDbzBLGGxtulyOXaA7F9A9Rh7XCfffnC8gHxV83GXfOLKwAAAAASUVORK5CYII=\" alt=\"\" width=\"36\" height=\"16\" \/><\/li>\n<li><strong>040: peaux moyennes\u00a0-fonc\u00e9es\u00a0<\/strong><img decoding=\"async\" src=\"data:image\/png;base64,iVBORw0KGgoAAAANSUhEUgAAACYAAAAPCAIAAAAH\/CoHAAABcklEQVQ4EY1V623GIAxk\/w1ghu4Q+N1VAuoIlX3YnAlfWilSHPDj7mxI6jWPWkYro+b+v+eu+f7gOTTbIc8lyXU3J7xm4ZjItzjFx6QU6+gBDnkQOGpOyq94yVHFxnMs6bsvBpKg3g1ypGISVaGtGS+5XqBErBO3sQxdS3\/20jun4KCHdGVDZuodHBhNF2Frdm23LPgM+jwqcQjU4hXvFxtguSCPxr0sG0BP54x9BQaGv2M+2zwIzGrUsgv7XtKDvaQotKGUSVF5bWtjbyVpUDfg\/BlLLm2Mohxx1lDt3c1K0hBTvHgrxmAwCHcAFWUfarAGCJy9ZFdDukOefXpMENYxg5pnTQMYbxzW7ePYHyXXkcCWe7qBStDjeX6spPRYbx95HRpwPDmsnpdhKg5iDi2NiPhr+3D7hKkzUJMcoK1F6zpm1TmRAKU3eXDVxUBl2S\/9k1TxWNuGzqFhyxwAka4xOicd\/5lW7hbnqOZ+5Z\/vr1+2VRGu9YYF0AAAAABJRU5ErkJggg==\" alt=\"\" \/><\/li>\n<li><strong>008: contouring\u00a0<\/strong><img decoding=\"async\" src=\"data:image\/png;base64,iVBORw0KGgoAAAANSUhEUgAAACIAAAAQCAIAAAD8lzozAAABj0lEQVQ4Eb1Uy3UEIQyjx0ATgdzSQ5oYSAvpMHmyLGNm55x9PrCMjfUxlDXajl6nYvW6RvO\/ypm95n0UWn5kroEqj17naNfAmWWN9m3Z8XnmPGuGYjbA391+2RHoHSWxSO1Xr2XDtwzr36Z4bFxiaYd6J6diCGI\/l5DlQxt8YAgOylIPHkdwZEOi2M+0VM59sPGe+Tgp8\/rp7k1SKRszqbOpYmw+AN+BEIJZlxuEz9sDWbU1z1RMj6xBOSw9xSHRnH3IIi9tZDBOOdNrbUYObyIvICv1ZWpP4AH0gbQkxUDv41xQH9C9L3vd+V5xB8hGAjg4OX2NyuBApTYqIK3tp\/ah2OOaLdHApDPcV6+IgRu6RvN7ExftZqkG9z7TkZYXG4SGNrxM19OQBmRmRBtf0BVmikTupHynFcJKNFGOGheN53LiY53fiASOEGF2eoTMG3vTwj13RffmnA5ITBAXEiySW\/slFMtQDN5YDR8YMPXw8fOHMhoQx8QU+aW2aYTPUQvQUhWb728\/X5\/l919+fz2lHgshATaaAAAAAElFTkSuQmCC\" alt=\"\" \/><strong>050: cernes fonc\u00e9es\u00a0\u00a0<\/strong><br \/>\n<img decoding=\"async\" src=\"data:image\/png;base64,iVBORw0KGgoAAAANSUhEUgAAACkAAAARCAIAAADPKxJhAAACYUlEQVRIDcVVSXIbMQzk78Vl8oUsd5P6QJxXOHmAvjDkXHRwqtFEixq7Kse4XCqIAoFuoAGG9\/f3++3teP3WW+6t9Lb1lveazC7jJQ+cp369uEPp14gTeBYzkv2Ul0\/zn27F3Bi8eJB8\/Poa7re3JRA99Jl7ZcS0T0MJmBiw9kqs+olYo0FcD4mYQFNvMRhjkgBj\/3c\/YKftEeHzKeNkHBSBhkjrunLn0Ovmd+i3ImC46IAU3a48usA0H4lahWvpla2x9N7W3kpggy06QxMBauKYVpv3+UlMbCFPpko82lMNvGtTUr3l4JwYQqq5WGJVrBiUEz9lXXNsYFmz61E+KifxZfTbMTKNuaLHDJd6u8ysaA0PFc64PgTB8qw4PvXnvMzcz7EsAeYK7Yy9plHTwESpIwCxAxOLtIDG3Yl+tHi0dLR8PAZEVZzzppqf8FI4KIDNehzXPBjXwNkh1W4Ra9khKNE4SeQUfM5nsMaoyCcSYkbdKfRj+Ri4dQ5pT2aGRrfWMcFh8GJKZVSsSNBg4ymTzUZD\/lptPIl7NaBzqYmxuuZ9sdzEpVgol81DtDavqKUdR4ZecnzlZjqf4jixVyLmSsGb9GGar5cDIy7gwsubqocISYyq7b9yH68\/LEG01a0dhNBjrpcETTwNnm8S3\/Y2hwIqGitu2sA9EBlPVLjf\/sw1UvVylN6+oKmPnnlH8GxsvmdYQ8D1nZVhUPCGdbRkzyC0OfA2etewf2KwN\/Q32NdtzN1uTteLjTgrIQa8XzBjc6j0rpC3f7VSIR9qA\/GPF9t3JoW95uPnd+T+X39\/AToWD7xdx+03AAAAAElFTkSuQmCC\" alt=\"\" \/>96 % effet peau lisse**<br \/>\n96 % regard plus d\u00e9tendu**<br \/>\n100 % dure toute la journ\u00e9e****Pourcentage d\u2019ingr\u00e9dients \u00e9galement utilis\u00e9s dans les produits de soin de la peau, \u00e0 l\u2019exclusion des pigments.<br \/>\n**Tests d\u2019auto-\u00e9valuation. 30 sujets. Sujets ayant ressenti l\u2019effet tout de suite apr\u00e8s l\u2019application.***Tests d\u2019auto-\u00e9valuation. 30 sujets. Sujets ayant ressenti l\u2019effet 12 heures apr\u00e8s l\u2019application.ADAPT\u00c9 \u00c0 TOUS LES TYPES DE PEAU<br \/>\nCOUVRANCE MOYENNE<strong>L\u2019Extrait de Primev\u00e8re du Soir<\/strong>\u00a0favorise l\u2019\u00e9lasticit\u00e9 cutan\u00e9e pour une peau \u00e0 l\u2019aspect plus d\u00e9tendu.<br \/>\n<strong>L\u2019Extrait de Rosier<\/strong>\u00a0Th\u00e9 am\u00e9liore les m\u00e9canismes de d\u00e9fense de la peau et r\u00e9duit visiblement l\u2019aspect des lignes d\u2019expression.*Pourcentage d\u2019ingr\u00e9dients \u00e9galement utilis\u00e9s dans les produits de soin de la peau, \u00e0 l\u2019exclusion des pigments.<br \/>\n<strong>**+ 19 %<\/strong> d\u2019hydratation apr\u00e8s deux semaines d\u2019application sur le contour des yeux. Test instrumental. 20 sujets.<\/p>\n<p><em>Produit test\u00e9 sous contr\u00f4le clinique et dermatologique<br \/>\nNon com\u00e9dog\u00e8ne<br \/>\nFormule \u00ab clean \u00bb<br \/>\nSans substances de d\u00e9rivation animale<br \/>\nMade in Ital<\/em><\/li>\n<\/ul>\n","protected":false},"excerpt":{"rendered":"<p class=\"product-description\">Correcteur multifonction<br \/>\n<span class=\"product-contenance\">253 fl oz \u2013 7,5 ml\u00a0<\/span><\/p>\n","protected":false},"featured_media":799,"comment_status":"open","ping_status":"closed","template":"","meta":{"_kad_blocks_custom_css":"","_kad_blocks_head_custom_js":"","_kad_blocks_body_custom_js":"","_kad_blocks_footer_custom_js":"","_kadence_starter_templates_imported_post":false,"_kad_post_transparent":"default","_kad_post_title":"","_kad_post_layout":"default","_kad_post_sidebar_id":"","_kad_post_content_style":"default","_kad_post_vertical_padding":"default","_kad_post_feature":"","_kad_post_feature_position":"","_kad_post_header":false,"_kad_post_footer":false},"product_brand":[68],"product_cat":[74],"product_tag":[],"product_brands":[38],"class_list":{"0":"post-798","1":"product","2":"type-product","3":"status-publish","4":"has-post-thumbnail","6":"product_brand-pupa","7":"product_cat-teint","8":"product_brands-pupa","10":"first","11":"instock","12":"taxable","13":"shipping-taxable","14":"purchasable","15":"product-type-variable","16":"entry","17":"content-bg","18":"loop-entry"},"taxonomy_info":{"product_brand":[{"value":68,"label":"PUPA"}],"product_cat":[{"value":74,"label":"Teint"}],"product_brands":[{"value":38,"label":"Pupa"}]},"featured_image_src_large":["https:\/\/www.boutique.lejardindecoton.shop\/wp-content\/uploads\/2025\/08\/050238A_solo_chiuso_WONDER-ME-3IN1_Correttore_big_19092024123616.webp",1024,640,false],"author_info":[],"comment_info":0,"_links":{"self":[{"href":"https:\/\/www.boutique.lejardindecoton.shop\/index.php?rest_route=\/wp\/v2\/product\/798","targetHints":{"allow":["GET"]}}],"collection":[{"href":"https:\/\/www.boutique.lejardindecoton.shop\/index.php?rest_route=\/wp\/v2\/product"}],"about":[{"href":"https:\/\/www.boutique.lejardindecoton.shop\/index.php?rest_route=\/wp\/v2\/types\/product"}],"replies":[{"embeddable":true,"href":"https:\/\/www.boutique.lejardindecoton.shop\/index.php?rest_route=%2Fwp%2Fv2%2Fcomments&post=798"}],"wp:featuredmedia":[{"embeddable":true,"href":"https:\/\/www.boutique.lejardindecoton.shop\/index.php?rest_route=\/wp\/v2\/media\/799"}],"wp:attachment":[{"href":"https:\/\/www.boutique.lejardindecoton.shop\/index.php?rest_route=%2Fwp%2Fv2%2Fmedia&parent=798"}],"wp:term":[{"taxonomy":"product_brand","embeddable":true,"href":"https:\/\/www.boutique.lejardindecoton.shop\/index.php?rest_route=%2Fwp%2Fv2%2Fproduct_brand&post=798"},{"taxonomy":"product_cat","embeddable":true,"href":"https:\/\/www.boutique.lejardindecoton.shop\/index.php?rest_route=%2Fwp%2Fv2%2Fproduct_cat&post=798"},{"taxonomy":"product_tag","embeddable":true,"href":"https:\/\/www.boutique.lejardindecoton.shop\/index.php?rest_route=%2Fwp%2Fv2%2Fproduct_tag&post=798"},{"taxonomy":"product_brands","embeddable":true,"href":"https:\/\/www.boutique.lejardindecoton.shop\/index.php?rest_route=%2Fwp%2Fv2%2Fproduct_brands&post=798"}],"curies":[{"name":"wp","href":"https:\/\/api.w.org\/{rel}","templated":true}]}}