{"id":792,"date":"2025-08-13T14:37:29","date_gmt":"2025-08-13T12:37:29","guid":{"rendered":"https:\/\/www.boutique.lejardindecoton.shop\/?post_type=product&#038;p=792"},"modified":"2025-09-04T18:08:11","modified_gmt":"2025-09-04T16:08:11","slug":"bb-creme-primer-peaux-mixtes-et-grasses","status":"publish","type":"product","link":"https:\/\/www.boutique.lejardindecoton.shop\/?product=bb-creme-primer-peaux-mixtes-et-grasses","title":{"rendered":"BB Cr\u00e9me + Primer Peaux Mixtes et Grasses"},"content":{"rendered":"<h1>BB Cr\u00e9me + Primer Peaux Mixtes et Grasses<\/h1>\n<p>PUPA<br \/>\nUne cr\u00e8me teint\u00e9e 5 en 1 qui minimise les pores, corrige les imperfections, unifie le teint, hydrate et prot\u00e8ge des rayons UV. Avec Extrait de Baies de Rosier Sauvage aux propri\u00e9t\u00e9s s\u00e9bo-r\u00e9gulatrices et matifiantes.<\/p>\n<p><em>\u00c0 faible risque d\u2019allergie<br \/>\nTest\u00e9 sous contr\u00f4le dermatologique<br \/>\nSans huile<br \/>\nNon com\u00e9dog\u00e8ne<br \/>\nSans parab\u00e8nes<\/em><\/p>\n<p>Gr\u00e2ce aux ingr\u00e9dients \u00e9mulsionnants et texturisants de derni\u00e8re g\u00e9n\u00e9ration, cette formule cr\u00e9e un film soyeux et confortable sur la peau, en garantissant ainsi un effet de barri\u00e8re entre la peau et le maquillage et en assurant une double action: lissante et fixatrice. L\u2019Extrait de baies d\u2019\u00c9glantier aide \u00e0 r\u00e9\u00e9quilibrer la production de s\u00e9bum tandis que les sph\u00e8res de Silice Poreuse, aux propri\u00e9t\u00e9s s\u00e9bo-absorbante et matifiante, assurent un effet matifiant qui se maintient au fil des heures.<br \/>\nL\u2019indice de protection solaire IPS20 aide la peau \u00e0 se d\u00e9fendre contre les m\u00e9faits des rayons du soleil.<\/p>\n<p><em>SPF 20<br \/>\n\u00c0 faible risque d\u2019allergie<br \/>\nTest\u00e9 sous contr\u00f4le dermatologique<br \/>\nSans huile<br \/>\nNon com\u00e9dog\u00e8ne<br \/>\nSans parab\u00e8nes<\/em><\/p>\n<p><em>Fabriqu\u00e9 en Italie<\/em><\/p>\n","protected":false},"excerpt":{"rendered":"<p>Cr\u00e8me hydratante teint\u00e9e + base de pr\u00e9-maquillage.<br \/>\n<span class=\"product-contenance\">30 ml \/ 1.01 fl oz\u00a0<\/span><\/p>\n","protected":false},"featured_media":793,"comment_status":"open","ping_status":"closed","template":"","meta":{"_kad_blocks_custom_css":"","_kad_blocks_head_custom_js":"","_kad_blocks_body_custom_js":"","_kad_blocks_footer_custom_js":"","_kadence_starter_templates_imported_post":false,"_kad_post_transparent":"default","_kad_post_title":"","_kad_post_layout":"default","_kad_post_sidebar_id":"","_kad_post_content_style":"default","_kad_post_vertical_padding":"default","_kad_post_feature":"","_kad_post_feature_position":"","_kad_post_header":false,"_kad_post_footer":false},"product_brand":[68],"product_cat":[74],"product_tag":[],"product_brands":[38],"class_list":{"0":"post-792","1":"product","2":"type-product","3":"status-publish","4":"has-post-thumbnail","6":"product_brand-pupa","7":"product_cat-teint","8":"product_brands-pupa","10":"first","11":"instock","12":"taxable","13":"shipping-taxable","14":"purchasable","15":"product-type-variable","16":"entry","17":"content-bg","18":"loop-entry"},"taxonomy_info":{"product_brand":[{"value":68,"label":"PUPA"}],"product_cat":[{"value":74,"label":"Teint"}],"product_brands":[{"value":38,"label":"Pupa"}]},"featured_image_src_large":["https:\/\/www.boutique.lejardindecoton.shop\/wp-content\/uploads\/2025\/08\/050140A003_8011607313334_BB-CREAM-PELLI-MISTE_GRASSE_big_26032019095038.webp",1024,640,false],"author_info":[],"comment_info":0,"_links":{"self":[{"href":"https:\/\/www.boutique.lejardindecoton.shop\/index.php?rest_route=\/wp\/v2\/product\/792","targetHints":{"allow":["GET"]}}],"collection":[{"href":"https:\/\/www.boutique.lejardindecoton.shop\/index.php?rest_route=\/wp\/v2\/product"}],"about":[{"href":"https:\/\/www.boutique.lejardindecoton.shop\/index.php?rest_route=\/wp\/v2\/types\/product"}],"replies":[{"embeddable":true,"href":"https:\/\/www.boutique.lejardindecoton.shop\/index.php?rest_route=%2Fwp%2Fv2%2Fcomments&post=792"}],"wp:featuredmedia":[{"embeddable":true,"href":"https:\/\/www.boutique.lejardindecoton.shop\/index.php?rest_route=\/wp\/v2\/media\/793"}],"wp:attachment":[{"href":"https:\/\/www.boutique.lejardindecoton.shop\/index.php?rest_route=%2Fwp%2Fv2%2Fmedia&parent=792"}],"wp:term":[{"taxonomy":"product_brand","embeddable":true,"href":"https:\/\/www.boutique.lejardindecoton.shop\/index.php?rest_route=%2Fwp%2Fv2%2Fproduct_brand&post=792"},{"taxonomy":"product_cat","embeddable":true,"href":"https:\/\/www.boutique.lejardindecoton.shop\/index.php?rest_route=%2Fwp%2Fv2%2Fproduct_cat&post=792"},{"taxonomy":"product_tag","embeddable":true,"href":"https:\/\/www.boutique.lejardindecoton.shop\/index.php?rest_route=%2Fwp%2Fv2%2Fproduct_tag&post=792"},{"taxonomy":"product_brands","embeddable":true,"href":"https:\/\/www.boutique.lejardindecoton.shop\/index.php?rest_route=%2Fwp%2Fv2%2Fproduct_brands&post=792"}],"curies":[{"name":"wp","href":"https:\/\/api.w.org\/{rel}","templated":true}]}}