{"id":767,"date":"2025-08-13T13:05:14","date_gmt":"2025-08-13T11:05:14","guid":{"rendered":"https:\/\/www.boutique.lejardindecoton.shop\/?post_type=product&#038;p=767"},"modified":"2025-10-14T18:21:19","modified_gmt":"2025-10-14T16:21:19","slug":"wonder-me-nude","status":"publish","type":"product","link":"https:\/\/www.boutique.lejardindecoton.shop\/?product=wonder-me-nude","title":{"rendered":"Wonder Me Nude"},"content":{"rendered":"<h1>Wonder Me Nude<\/h1>\n<p>PUPA<\/p>\n<p>met en valeur la beaut\u00e9 naturelle de la peau sans la masquer.<\/p>\n<p><strong>Sa texture l\u00e9g\u00e8re<\/strong>\u00a0et sans poids se fond avec la peau, pour un effet seconde peau qui ne se voit pas et ne se sent pas.<br \/>\nLes pores et les imperfections<strong>\u00a0sont instantan\u00e9ment minimis\u00e9s<\/strong>, et le grain de la peau est plus lisse.<br \/>\nLe r\u00e9sultat est une peau \u00e0 l\u2019aspect frais et naturel.<br \/>\nFormul\u00e9 \u00e0 partir de\u00a0<strong>90 % de base de soin de la peau*<\/strong>, pour mettre imm\u00e9diatement en valeur la beaut\u00e9 de la peau et en prendre soin au fil du temps.<\/p>\n<p>*pourcentage d\u2019ingr\u00e9dients \u00e9galement utilis\u00e9s dans les produits de soin de la peau, \u00e0 l\u2019exclusion des pigments.<\/p>\n<p>+ 42 % hydratation en seulement 30 minutes**<br \/>\n90 % peau \u00e0 l\u2019aspect hydrat\u00e9***<br \/>\n83 % effet peau lisse***<\/p>\n<p>**Test instrumental. Donn\u00e9e : 30 minutes apr\u00e8s l\u2019application. 20 sujets.<br \/>\n***Test d\u2019auto-\u00e9valuation. Participants ayant ressenti l\u2019effet. 30 sujets. 28 jours d\u2019utilisation.<\/p>\n<p>ADAPT\u00c9 AUX PEAUX MIXTES-NORMALES-S\u00c8CHES<br \/>\nCOUVRANCE L\u00c9G\u00c8RE<br \/>\nFINITION SEMI-MATE<\/p>\n<p>\u00c0 faible risque d\u2019allergie<br \/>\nProduit test\u00e9 sous contr\u00f4le dermatologique<br \/>\nNon com\u00e9dog\u00e8ne<br \/>\nFormule \u00ab clean \u00bb<br \/>\nSans substances de d\u00e9rivation animale<br \/>\nMade in Italy<\/p>\n","protected":false},"excerpt":{"rendered":"<p>Fluide de teint pour le visage perfection instantan\u00e9e<\/p>\n","protected":false},"featured_media":776,"comment_status":"open","ping_status":"closed","template":"","meta":{"_kad_blocks_custom_css":"","_kad_blocks_head_custom_js":"","_kad_blocks_body_custom_js":"","_kad_blocks_footer_custom_js":"","_kadence_starter_templates_imported_post":false,"_kad_post_transparent":"default","_kad_post_title":"","_kad_post_layout":"default","_kad_post_sidebar_id":"","_kad_post_content_style":"default","_kad_post_vertical_padding":"default","_kad_post_feature":"","_kad_post_feature_position":"","_kad_post_header":false,"_kad_post_footer":false},"product_brand":[68],"product_cat":[16],"product_tag":[],"product_brands":[38],"class_list":{"0":"post-767","1":"product","2":"type-product","3":"status-publish","4":"has-post-thumbnail","6":"product_brand-pupa","7":"product_cat-sans-categorie","8":"product_brands-pupa","10":"first","11":"instock","12":"taxable","13":"shipping-taxable","14":"purchasable","15":"product-type-variable","16":"entry","17":"content-bg","18":"loop-entry"},"taxonomy_info":{"product_brand":[{"value":68,"label":"PUPA"}],"product_cat":[{"value":16,"label":"sans cat\u00e9gorie"}],"product_brands":[{"value":38,"label":"Pupa"}]},"featured_image_src_large":["https:\/\/www.boutique.lejardindecoton.shop\/wp-content\/uploads\/2025\/08\/050233A010_8011607392933_WONDER_ME_NUDE-SKIN_TINT_big_04072024101035.webp",1024,640,false],"author_info":[],"comment_info":0,"_links":{"self":[{"href":"https:\/\/www.boutique.lejardindecoton.shop\/index.php?rest_route=\/wp\/v2\/product\/767","targetHints":{"allow":["GET"]}}],"collection":[{"href":"https:\/\/www.boutique.lejardindecoton.shop\/index.php?rest_route=\/wp\/v2\/product"}],"about":[{"href":"https:\/\/www.boutique.lejardindecoton.shop\/index.php?rest_route=\/wp\/v2\/types\/product"}],"replies":[{"embeddable":true,"href":"https:\/\/www.boutique.lejardindecoton.shop\/index.php?rest_route=%2Fwp%2Fv2%2Fcomments&post=767"}],"wp:featuredmedia":[{"embeddable":true,"href":"https:\/\/www.boutique.lejardindecoton.shop\/index.php?rest_route=\/wp\/v2\/media\/776"}],"wp:attachment":[{"href":"https:\/\/www.boutique.lejardindecoton.shop\/index.php?rest_route=%2Fwp%2Fv2%2Fmedia&parent=767"}],"wp:term":[{"taxonomy":"product_brand","embeddable":true,"href":"https:\/\/www.boutique.lejardindecoton.shop\/index.php?rest_route=%2Fwp%2Fv2%2Fproduct_brand&post=767"},{"taxonomy":"product_cat","embeddable":true,"href":"https:\/\/www.boutique.lejardindecoton.shop\/index.php?rest_route=%2Fwp%2Fv2%2Fproduct_cat&post=767"},{"taxonomy":"product_tag","embeddable":true,"href":"https:\/\/www.boutique.lejardindecoton.shop\/index.php?rest_route=%2Fwp%2Fv2%2Fproduct_tag&post=767"},{"taxonomy":"product_brands","embeddable":true,"href":"https:\/\/www.boutique.lejardindecoton.shop\/index.php?rest_route=%2Fwp%2Fv2%2Fproduct_brands&post=767"}],"curies":[{"name":"wp","href":"https:\/\/api.w.org\/{rel}","templated":true}]}}