{"id":581,"date":"2025-07-21T12:19:38","date_gmt":"2025-07-21T10:19:38","guid":{"rendered":"https:\/\/www.boutique.lejardindecoton.shop\/?post_type=product&#038;p=581"},"modified":"2025-09-04T19:47:07","modified_gmt":"2025-09-04T17:47:07","slug":"vamp-marker-duo","status":"publish","type":"product","link":"https:\/\/www.boutique.lejardindecoton.shop\/?product=vamp-marker-duo","title":{"rendered":"Vamp! Marker Duo"},"content":{"rendered":"<h2>Vamp! Marker Duo<\/h2>\n<p>PUPA<\/p>\n<p>La combinaison pour des l\u00e8vres irr\u00e9sistiblement pulpeuses<br \/>\nD\u2019un c\u00f4t\u00e9 un feutre pour d\u00e9finir et colorer les l\u00e8vres tr\u00e8s facilement, de l\u2019autre un brillant-huile \u00e0 l\u00e8vres \u00e0 l\u2019effet \u00e9clatant.<\/p>\n<p>Le feutre est caract\u00e9ris\u00e9 par une formule encre \u00e0 l\u00e8vres\u00a0 fra\u00eeche et \u00e0 l\u2019intensit\u00e9 modulable. Il se fixe en cr\u00e9ant un film imperceptible \u00e0 l\u2019\u00e9preuve des baisers. La sensation est celle de ne rien porter, si ce n\u2019est notre couleur pr\u00e9f\u00e9r\u00e9e.<br \/>\nSon applicateur \u00e0 la forme ergonomique permet un double usage. Le c\u00f4t\u00e9 fin d\u00e9finit le contour des l\u00e8vres et cr\u00e9e un overlining parfait. Le c\u00f4t\u00e9 plat remplit les l\u00e8vres avec un effet de couleur modulable, d\u2019estomp\u00e9 \u00e0 plein.<\/p>\n<p>Le brillant-huile \u00e0 l\u00e8vres est l\u2019\u00e9tape finale pour un effet \u00e9clat 3D. Sa texture rebondie et sensorielle rend les l\u00e8vres douces et \u00e9clatantes.<\/p>\n<p><em>Produit test\u00e9 sous contr\u00f4le dermatologique<br \/>\nSans substances de d\u00e9rivation animale<br \/>\nMade in Italy<\/em><\/p>\n<p>Composition<\/p>\n<p>Le feutre \u00e0 l\u00e8vres est caract\u00e9ris\u00e9 par une formule \u00e0 base d\u2019eau, fra\u00eeche et imperceptible. \u00c0<strong>\u00a0l\u2019Acide hyaluronique<\/strong>, pour des l\u00e8vres \u00e0 l\u2019aspect soyeux imm\u00e9diat et qui dure.<\/p>\n<p>Le brillant-huile \u00e0 l\u00e8vres est formul\u00e9 pour allier le confort et l\u2019hydratation d\u2019une huile pour les l\u00e8vres \u00e0 l\u2019\u00e9clat d\u2019un brillant \u00e0 l\u00e8vres. Avec des d\u00e9riv\u00e9s<strong>\u00a0d\u2019Huile de Coco et d\u2019Huile de Graines de Framboise<\/strong>\u00a0aux propri\u00e9t\u00e9s \u00e9mollientes.<\/p>\n","protected":false},"excerpt":{"rendered":"<p>La combinaison pour des l\u00e8vres irr\u00e9sistiblement pulpeuses<br \/>\nD\u2019un c\u00f4t\u00e9 un feutre pour d\u00e9finir et colorer les l\u00e8vres tr\u00e8s facilement, de l\u2019autre un brillant-huile \u00e0 l\u00e8vres \u00e0 l\u2019effet \u00e9clatant.<\/p>\n","protected":false},"featured_media":582,"comment_status":"open","ping_status":"closed","template":"","meta":{"_kad_blocks_custom_css":"","_kad_blocks_head_custom_js":"","_kad_blocks_body_custom_js":"","_kad_blocks_footer_custom_js":"","_kadence_starter_templates_imported_post":false,"_kad_post_transparent":"default","_kad_post_title":"","_kad_post_layout":"default","_kad_post_sidebar_id":"","_kad_post_content_style":"default","_kad_post_vertical_padding":"default","_kad_post_feature":"","_kad_post_feature_position":"","_kad_post_header":false,"_kad_post_footer":false},"product_brand":[68],"product_cat":[66],"product_tag":[],"product_brands":[38],"class_list":{"0":"post-581","1":"product","2":"type-product","3":"status-publish","4":"has-post-thumbnail","6":"product_brand-pupa","7":"product_cat-levres","8":"product_brands-pupa","10":"first","11":"instock","12":"taxable","13":"shipping-taxable","14":"purchasable","15":"product-type-variable","16":"entry","17":"content-bg","18":"loop-entry"},"taxonomy_info":{"product_brand":[{"value":68,"label":"PUPA"}],"product_cat":[{"value":66,"label":"levres"}],"product_brands":[{"value":38,"label":"Pupa"}]},"featured_image_src_large":["https:\/\/www.boutique.lejardindecoton.shop\/wp-content\/uploads\/2025\/07\/020147A004_8011607403196_Vamp_MARKER_DUO_big_04032025124338.webp",1024,640,false],"author_info":[],"comment_info":0,"_links":{"self":[{"href":"https:\/\/www.boutique.lejardindecoton.shop\/index.php?rest_route=\/wp\/v2\/product\/581","targetHints":{"allow":["GET"]}}],"collection":[{"href":"https:\/\/www.boutique.lejardindecoton.shop\/index.php?rest_route=\/wp\/v2\/product"}],"about":[{"href":"https:\/\/www.boutique.lejardindecoton.shop\/index.php?rest_route=\/wp\/v2\/types\/product"}],"replies":[{"embeddable":true,"href":"https:\/\/www.boutique.lejardindecoton.shop\/index.php?rest_route=%2Fwp%2Fv2%2Fcomments&post=581"}],"wp:featuredmedia":[{"embeddable":true,"href":"https:\/\/www.boutique.lejardindecoton.shop\/index.php?rest_route=\/wp\/v2\/media\/582"}],"wp:attachment":[{"href":"https:\/\/www.boutique.lejardindecoton.shop\/index.php?rest_route=%2Fwp%2Fv2%2Fmedia&parent=581"}],"wp:term":[{"taxonomy":"product_brand","embeddable":true,"href":"https:\/\/www.boutique.lejardindecoton.shop\/index.php?rest_route=%2Fwp%2Fv2%2Fproduct_brand&post=581"},{"taxonomy":"product_cat","embeddable":true,"href":"https:\/\/www.boutique.lejardindecoton.shop\/index.php?rest_route=%2Fwp%2Fv2%2Fproduct_cat&post=581"},{"taxonomy":"product_tag","embeddable":true,"href":"https:\/\/www.boutique.lejardindecoton.shop\/index.php?rest_route=%2Fwp%2Fv2%2Fproduct_tag&post=581"},{"taxonomy":"product_brands","embeddable":true,"href":"https:\/\/www.boutique.lejardindecoton.shop\/index.php?rest_route=%2Fwp%2Fv2%2Fproduct_brands&post=581"}],"curies":[{"name":"wp","href":"https:\/\/api.w.org\/{rel}","templated":true}]}}