{"id":553,"date":"2025-07-18T19:36:16","date_gmt":"2025-07-18T17:36:16","guid":{"rendered":"https:\/\/www.boutique.lejardindecoton.shop\/?post_type=product&#038;p=553"},"modified":"2025-10-13T11:47:23","modified_gmt":"2025-10-13T09:47:23","slug":"vamp-mascara-lash-extender","status":"publish","type":"product","link":"https:\/\/www.boutique.lejardindecoton.shop\/?product=vamp-mascara-lash-extender","title":{"rendered":"Vamp! Mascara Lash Extender"},"content":{"rendered":"<p>Vamp! Lash Extender est le mascara de Pupa qui, en donnant un volume intense,\u00a0<strong>AMPLIFIE, REHAUSSE et ALLONGE<\/strong>\u00a0l\u2019\u00e9ventail des cils. Le volume s\u2019unit \u00e0 une surprenante extension tridimensionnelle pour un regard plus ouvert et des cils lift\u00e9s \u00e0 l\u2019infini.<br \/>\nSa texture g\u00e9n\u00e9reuse et structur\u00e9e garantit le contr\u00f4le et l\u2019adh\u00e9rence n\u00e9cessaire pour \u00ab tirer \u00bb les cils et les allonger de mani\u00e8re incroyable.<br \/>\nL\u2019applicateur en silicone, gr\u00e2ce \u00e0 sa forme conique et \u00e0 ses poils \u00e9pais et fusel\u00e9s, mod\u00e8le et lifte les cils en 3 dimensions.<\/p>\n<p><strong>93 %<\/strong>\u00a0regard plus ouvert*<br \/>\n<strong>96 %\u00a0<\/strong>cils rehauss\u00e9s*<br \/>\n<strong>90 %<\/strong>\u00a0cils plus longs*<br \/>\n<strong>96 %\u00a0<\/strong>longue tenue*<\/p>\n<p>Adapt\u00e9 pour les yeux sensibles et les porteurs de lentilles de contact<br \/>\nSans parab\u00e8nes<\/p>\n<p>La liste des ingr\u00e9dients est mise \u00e0 jour en permanence. Nous vous invitons toutefois \u00e0 consulter la formule indiqu\u00e9e sur les produits.<\/p>\n<p><strong>INGREDIENTS:<\/strong><br \/>\nAQUA (WATER),COPERNICIA CERIFERA (CARNAUBA) WAX,SYNTHETIC BEESWAX,HYDROGENATED CASTOR OIL,GLYCERYL STEARATE,ACACIA SENEGAL GUM,BUTYLENE GLYCOL,STEARIC ACID,POLYBUTENE,ACRYLATES\/ETHYLHEXYL ACRYLATE COPOLYMER,PALMITIC ACID,ORYZA SATIVA (RICE) BRAN WAX,VP\/EICOSENE COPOLYMER,ACRYLATES COPOLYMER,AMINOMETHYL PROPANOL,PHENOXYETHANOL,HYDROXYETHYLCELLULOSE,ETHYLHEXYLGLYCERIN,<br \/>\nLAURETH-21,SALICYLIC ACID,BENZYL ALCOHOL,POLYSORBATE 60,DISODIUM PHOSPHATE,SODIUM PHOSPHATE,GLYCERIN,SORBIC ACID,CI 77499 (IRON OXIDES)<\/p>\n","protected":false},"excerpt":{"rendered":"<p>Le mascara de Pupa dans sa version Extender. Volume extension 3D. Des cils amplifi\u00e9s et lift\u00e9s \u00e0 l\u2019infini.<\/p>\n","protected":false},"featured_media":554,"comment_status":"open","ping_status":"closed","template":"","meta":{"_kad_blocks_custom_css":"","_kad_blocks_head_custom_js":"","_kad_blocks_body_custom_js":"","_kad_blocks_footer_custom_js":"","_kadence_starter_templates_imported_post":false,"_kad_post_transparent":"default","_kad_post_title":"","_kad_post_layout":"default","_kad_post_sidebar_id":"","_kad_post_content_style":"default","_kad_post_vertical_padding":"default","_kad_post_feature":"","_kad_post_feature_position":"","_kad_post_header":false,"_kad_post_footer":false},"product_brand":[68],"product_cat":[16],"product_tag":[],"product_brands":[38],"class_list":{"0":"post-553","1":"product","2":"type-product","3":"status-publish","4":"has-post-thumbnail","6":"product_brand-pupa","7":"product_cat-sans-categorie","8":"product_brands-pupa","10":"first","11":"instock","12":"taxable","13":"shipping-taxable","14":"purchasable","15":"product-type-simple","16":"entry","17":"content-bg","18":"loop-entry"},"taxonomy_info":{"product_brand":[{"value":68,"label":"PUPA"}],"product_cat":[{"value":16,"label":"sans cat\u00e9gorie"}],"product_brands":[{"value":38,"label":"Pupa"}]},"featured_image_src_large":["https:\/\/www.boutique.lejardindecoton.shop\/wp-content\/uploads\/2025\/07\/040565A112_8011607387717_MASCARA_VAMP_LASH_EXTENDER_big_20022024161001-1024x640.webp",1024,640,true],"author_info":[],"comment_info":0,"_links":{"self":[{"href":"https:\/\/www.boutique.lejardindecoton.shop\/index.php?rest_route=\/wp\/v2\/product\/553","targetHints":{"allow":["GET"]}}],"collection":[{"href":"https:\/\/www.boutique.lejardindecoton.shop\/index.php?rest_route=\/wp\/v2\/product"}],"about":[{"href":"https:\/\/www.boutique.lejardindecoton.shop\/index.php?rest_route=\/wp\/v2\/types\/product"}],"replies":[{"embeddable":true,"href":"https:\/\/www.boutique.lejardindecoton.shop\/index.php?rest_route=%2Fwp%2Fv2%2Fcomments&post=553"}],"wp:featuredmedia":[{"embeddable":true,"href":"https:\/\/www.boutique.lejardindecoton.shop\/index.php?rest_route=\/wp\/v2\/media\/554"}],"wp:attachment":[{"href":"https:\/\/www.boutique.lejardindecoton.shop\/index.php?rest_route=%2Fwp%2Fv2%2Fmedia&parent=553"}],"wp:term":[{"taxonomy":"product_brand","embeddable":true,"href":"https:\/\/www.boutique.lejardindecoton.shop\/index.php?rest_route=%2Fwp%2Fv2%2Fproduct_brand&post=553"},{"taxonomy":"product_cat","embeddable":true,"href":"https:\/\/www.boutique.lejardindecoton.shop\/index.php?rest_route=%2Fwp%2Fv2%2Fproduct_cat&post=553"},{"taxonomy":"product_tag","embeddable":true,"href":"https:\/\/www.boutique.lejardindecoton.shop\/index.php?rest_route=%2Fwp%2Fv2%2Fproduct_tag&post=553"},{"taxonomy":"product_brands","embeddable":true,"href":"https:\/\/www.boutique.lejardindecoton.shop\/index.php?rest_route=%2Fwp%2Fv2%2Fproduct_brands&post=553"}],"curies":[{"name":"wp","href":"https:\/\/api.w.org\/{rel}","templated":true}]}}