{"id":547,"date":"2025-07-18T19:18:27","date_gmt":"2025-07-18T17:18:27","guid":{"rendered":"https:\/\/www.boutique.lejardindecoton.shop\/?post_type=product&#038;p=547"},"modified":"2025-10-14T18:25:17","modified_gmt":"2025-10-14T16:25:17","slug":"serum-expert-botanique-okanda","status":"publish","type":"product","link":"https:\/\/www.boutique.lejardindecoton.shop\/?product=serum-expert-botanique-okanda","title":{"rendered":"S\u00e9rum Expert Botanique OKANDA"},"content":{"rendered":"<p>Actions pour votre beaut\u00e9<\/p>\n<ul>\n<li>L\u2019huile pr\u00e9cieuse d\u2019<strong>Argan Bio<\/strong>\u00a0nourrit intens\u00e9ment.<\/li>\n<li>Les huiles de\u00a0<strong>Moringa, Onagre\u00a0<\/strong>et de<strong>\u00a0S\u00e9same Bio\u00a0<\/strong>r\u00e9g\u00e9n\u00e8rent.<\/li>\n<li>Les huiles essentielles de\u00a0<strong>Bois de H\u00f4<\/strong>\u00a0et d\u2019<strong>Oliban<\/strong>\u00a0tonifient et stimule la r\u00e9g\u00e9n\u00e9ration cellulaire.<\/li>\n<\/ul>\n<p>Utilisation<\/p>\n<p>Appliquer 1 \u00e0 2 gouttes en effleurage sur le visage et le cou nettoy\u00e9s, puis appliquer votre cr\u00e8me Okanda pour optimiser les bienfaits des actifs.<\/p>\n<p>En compl\u00e9ment, utilisez le Masque Min\u00e9au et le gommage Enata 1 fois par semaine.<\/p>\n<p>Principes actifs<\/p>\n<ul>\n<li>Huiles v\u00e9g\u00e9tales d\u2019Argan Bio, S\u00e9same Bio, Jojoba, Moringa, Onagre Bio.<\/li>\n<li>Huiles essentielles d\u2019Oliban, Bois de H\u00f4.<\/li>\n<li>vitamine E naturelle.<\/li>\n<\/ul>\n<p>100 % du total des ingr\u00e9dients sont d\u2019Origine Naturelle<\/p>\n","protected":false},"excerpt":{"rendered":"<p>ENATAE<\/p>\n","protected":false},"featured_media":548,"comment_status":"open","ping_status":"closed","template":"","meta":{"_kad_blocks_custom_css":"","_kad_blocks_head_custom_js":"","_kad_blocks_body_custom_js":"","_kad_blocks_footer_custom_js":"","_kadence_starter_templates_imported_post":false,"_kad_post_transparent":"default","_kad_post_title":"","_kad_post_layout":"default","_kad_post_sidebar_id":"","_kad_post_content_style":"default","_kad_post_vertical_padding":"default","_kad_post_feature":"","_kad_post_feature_position":"","_kad_post_header":false,"_kad_post_footer":false},"product_brand":[67],"product_cat":[57],"product_tag":[],"product_brands":[40],"class_list":{"0":"post-547","1":"product","2":"type-product","3":"status-publish","4":"has-post-thumbnail","6":"product_brand-enata","7":"product_cat-soins-okanda-nutri-energie-afrique-enatae-soins-visage","8":"product_brands-enatae","10":"first","11":"instock","12":"taxable","13":"shipping-taxable","14":"purchasable","15":"product-type-simple","16":"entry","17":"content-bg","18":"loop-entry"},"taxonomy_info":{"product_brand":[{"value":67,"label":"ENATAE"}],"product_cat":[{"value":57,"label":"Soins OKANDA Nutri-Energie AFRIQUE"}],"product_brands":[{"value":40,"label":"Enata\u00e9"}]},"featured_image_src_large":["https:\/\/www.boutique.lejardindecoton.shop\/wp-content\/uploads\/2025\/07\/serum-visage-peau-seche-enatae-okanda-e130-2-1-scaled-1-1024x1024.webp",1024,1024,true],"author_info":[],"comment_info":0,"_links":{"self":[{"href":"https:\/\/www.boutique.lejardindecoton.shop\/index.php?rest_route=\/wp\/v2\/product\/547","targetHints":{"allow":["GET"]}}],"collection":[{"href":"https:\/\/www.boutique.lejardindecoton.shop\/index.php?rest_route=\/wp\/v2\/product"}],"about":[{"href":"https:\/\/www.boutique.lejardindecoton.shop\/index.php?rest_route=\/wp\/v2\/types\/product"}],"replies":[{"embeddable":true,"href":"https:\/\/www.boutique.lejardindecoton.shop\/index.php?rest_route=%2Fwp%2Fv2%2Fcomments&post=547"}],"wp:featuredmedia":[{"embeddable":true,"href":"https:\/\/www.boutique.lejardindecoton.shop\/index.php?rest_route=\/wp\/v2\/media\/548"}],"wp:attachment":[{"href":"https:\/\/www.boutique.lejardindecoton.shop\/index.php?rest_route=%2Fwp%2Fv2%2Fmedia&parent=547"}],"wp:term":[{"taxonomy":"product_brand","embeddable":true,"href":"https:\/\/www.boutique.lejardindecoton.shop\/index.php?rest_route=%2Fwp%2Fv2%2Fproduct_brand&post=547"},{"taxonomy":"product_cat","embeddable":true,"href":"https:\/\/www.boutique.lejardindecoton.shop\/index.php?rest_route=%2Fwp%2Fv2%2Fproduct_cat&post=547"},{"taxonomy":"product_tag","embeddable":true,"href":"https:\/\/www.boutique.lejardindecoton.shop\/index.php?rest_route=%2Fwp%2Fv2%2Fproduct_tag&post=547"},{"taxonomy":"product_brands","embeddable":true,"href":"https:\/\/www.boutique.lejardindecoton.shop\/index.php?rest_route=%2Fwp%2Fv2%2Fproduct_brands&post=547"}],"curies":[{"name":"wp","href":"https:\/\/api.w.org\/{rel}","templated":true}]}}