{"id":540,"date":"2025-07-18T19:06:09","date_gmt":"2025-07-18T17:06:09","guid":{"rendered":"https:\/\/www.boutique.lejardindecoton.shop\/?post_type=product&#038;p=540"},"modified":"2025-10-14T18:35:46","modified_gmt":"2025-10-14T16:35:46","slug":"creme-nutri-energie-okanda","status":"publish","type":"product","link":"https:\/\/www.boutique.lejardindecoton.shop\/?product=creme-nutri-energie-okanda","title":{"rendered":"Cr\u00e8me Nutri-\u00e9nergie OKANDA"},"content":{"rendered":"<p>Cr\u00e8me Nutri-\u00e9nergie OKANDA<\/p>\n<p>Actions pour votre beaut\u00e9<\/p>\n<ul>\n<li>L\u2019huile rare de\u00a0<strong>Baobab<\/strong>\u00a0bio, tr\u00e8s riche en vitamine C, dynamise et redonne de l\u2019\u00e9nergie aux peaux affaiblies.<\/li>\n<li>L\u2019huile d\u2019<strong>Argan<\/strong>\u00a0aux vertus nourrissante agit contre le dess\u00e8chement de la peau.<\/li>\n<li>Les propri\u00e9t\u00e9s adoucissantes du\u00a0<strong>Beurre de Karit\u00e9<\/strong>\u00a0et de la\u00a0<strong>Figue de Barbarie<\/strong>\u00a0apporte une texture soyeuse pour redonner un doux velout\u00e9 \u00e0 la peau.<\/li>\n<li><strong>Sea lavender\u2122<\/strong>\u00a0(formule brevet\u00e9e) est un actif provenant d\u2019une plante florale (limonium latifolium ou statice). Il stimule la microcirculation et a un effet tr\u00e8s nourrissant. Action \u00e9galement pr\u00e9ventive anti-\u00e2ge, puisqu\u2019il booste la production de collag\u00e8ne.<\/li>\n<\/ul>\n<p>Utilisation<\/p>\n<p>A utiliser matin et soir, apr\u00e8s le S\u00e9rum Expert Botanique Okanda \u00ae.<\/p>\n<p>Appliquer sur le visage et le cou, en \u00e9vitant les yeux.<\/p>\n<p>En compl\u00e9ment, utilisez le Masque Min\u00e9au et le gommage Enata<\/p>\n<p>1 fois par semaine.<\/p>\n<p>Principes actifs<\/p>\n<ul>\n<li>huiles de baobab bio et d\u2019argan<\/li>\n<li>Karit\u00e9, Figue de barbarie<\/li>\n<li>Sea Lavender\u2122<\/li>\n<\/ul>\n<p>98 % du total des ingr\u00e9dients sont d\u2019Origine Naturelle<\/p>\n","protected":false},"excerpt":{"rendered":"<div class=\"prod-detail\">\n<div class=\"desc\">\n<p>Cr\u00e8me de nutrition ENATAE intense pour les peaux s\u00e8ches, \u00e0 la d\u00e9licate senteur de Vanille.<\/p>\n<\/div>\n<\/div>\n<div class=\"onglet-accordion\">\n<div class=\"wrapper\">\n<div class=\"tab-wrapper\"><\/div>\n<\/div>\n<\/div>\n","protected":false},"featured_media":541,"comment_status":"open","ping_status":"closed","template":"","meta":{"_kad_blocks_custom_css":"","_kad_blocks_head_custom_js":"","_kad_blocks_body_custom_js":"","_kad_blocks_footer_custom_js":"","_kadence_starter_templates_imported_post":false,"_kad_post_transparent":"default","_kad_post_title":"","_kad_post_layout":"default","_kad_post_sidebar_id":"","_kad_post_content_style":"default","_kad_post_vertical_padding":"default","_kad_post_feature":"","_kad_post_feature_position":"","_kad_post_header":false,"_kad_post_footer":false},"product_brand":[67],"product_cat":[57],"product_tag":[],"product_brands":[40],"class_list":{"0":"post-540","1":"product","2":"type-product","3":"status-publish","4":"has-post-thumbnail","6":"product_brand-enata","7":"product_cat-soins-okanda-nutri-energie-afrique-enatae-soins-visage","8":"product_brands-enatae","10":"first","11":"instock","12":"taxable","13":"shipping-taxable","14":"purchasable","15":"product-type-simple","16":"entry","17":"content-bg","18":"loop-entry"},"taxonomy_info":{"product_brand":[{"value":67,"label":"ENATAE"}],"product_cat":[{"value":57,"label":"Soins OKANDA Nutri-Energie AFRIQUE"}],"product_brands":[{"value":40,"label":"Enata\u00e9"}]},"featured_image_src_large":["https:\/\/www.boutique.lejardindecoton.shop\/wp-content\/uploads\/2025\/07\/creme-visage-peau-seche-enatae-okanda-e131-2-1.webp",945,945,false],"author_info":[],"comment_info":0,"_links":{"self":[{"href":"https:\/\/www.boutique.lejardindecoton.shop\/index.php?rest_route=\/wp\/v2\/product\/540","targetHints":{"allow":["GET"]}}],"collection":[{"href":"https:\/\/www.boutique.lejardindecoton.shop\/index.php?rest_route=\/wp\/v2\/product"}],"about":[{"href":"https:\/\/www.boutique.lejardindecoton.shop\/index.php?rest_route=\/wp\/v2\/types\/product"}],"replies":[{"embeddable":true,"href":"https:\/\/www.boutique.lejardindecoton.shop\/index.php?rest_route=%2Fwp%2Fv2%2Fcomments&post=540"}],"wp:featuredmedia":[{"embeddable":true,"href":"https:\/\/www.boutique.lejardindecoton.shop\/index.php?rest_route=\/wp\/v2\/media\/541"}],"wp:attachment":[{"href":"https:\/\/www.boutique.lejardindecoton.shop\/index.php?rest_route=%2Fwp%2Fv2%2Fmedia&parent=540"}],"wp:term":[{"taxonomy":"product_brand","embeddable":true,"href":"https:\/\/www.boutique.lejardindecoton.shop\/index.php?rest_route=%2Fwp%2Fv2%2Fproduct_brand&post=540"},{"taxonomy":"product_cat","embeddable":true,"href":"https:\/\/www.boutique.lejardindecoton.shop\/index.php?rest_route=%2Fwp%2Fv2%2Fproduct_cat&post=540"},{"taxonomy":"product_tag","embeddable":true,"href":"https:\/\/www.boutique.lejardindecoton.shop\/index.php?rest_route=%2Fwp%2Fv2%2Fproduct_tag&post=540"},{"taxonomy":"product_brands","embeddable":true,"href":"https:\/\/www.boutique.lejardindecoton.shop\/index.php?rest_route=%2Fwp%2Fv2%2Fproduct_brands&post=540"}],"curies":[{"name":"wp","href":"https:\/\/api.w.org\/{rel}","templated":true}]}}