{"id":526,"date":"2025-07-18T18:57:44","date_gmt":"2025-07-18T16:57:44","guid":{"rendered":"https:\/\/www.boutique.lejardindecoton.shop\/?post_type=product&#038;p=526"},"modified":"2025-09-04T17:59:56","modified_gmt":"2025-09-04T15:59:56","slug":"creme-mati-fraicheur-taishan","status":"publish","type":"product","link":"https:\/\/www.boutique.lejardindecoton.shop\/?product=creme-mati-fraicheur-taishan","title":{"rendered":"Cr\u00e8me Mati-Fra\u00eecheur TAISHAN"},"content":{"rendered":"<p>Actions pour votre beaut\u00e9<\/p>\n<ul>\n<li>L\u2019huile de\u00a0<strong>S\u00e9same<\/strong>\u00a0bio aux propri\u00e9t\u00e9s apaisantes et anti-d\u00e9shydratante p\u00e9n\u00e8tre rapidement.<\/li>\n<li>L\u2019huile de\u00a0<strong>Chanvre<\/strong>\u00a0aux vertus r\u00e9paratrices renforce les d\u00e9fenses cutan\u00e9es.<\/li>\n<li>La\u00a0<strong>Mangue<\/strong>\u00a0bio et l\u2019<strong>Alo\u00e9 V\u00e9ra\u00a0<\/strong>rafra\u00eechissent et le\u00a0<strong>Concombre<\/strong>\u00a0a un effet astringeant.<\/li>\n<li>L\u2019HE de\u00a0<strong>Lemongrass<\/strong>\u00a0offre ses vertus anti-inflammatoires. La\u00a0<strong>Bergamote<\/strong>\u00a0astringente, r\u00e9gule et purifie avec une fra\u00eecheur douce et fruit\u00e9e.<\/li>\n<li>Le\u00a0<strong>Phytosaccharide AC\u2122<\/strong>\u00a0(Actif Biotechnologique brevet\u00e9) r\u00e9duit l\u2019exc\u00e8s de s\u00e9bum et le processus inflammatoire bact\u00e9rien.<\/li>\n<\/ul>\n<p>Utilisation<\/p>\n<p>A utiliser matin et soir, apr\u00e8s le S\u00e9rum Expert Botanique Taishan \u00ae.<\/p>\n<p>Appliquer sur le visage et le cou, en \u00e9vitant les yeux.<\/p>\n<p>En compl\u00e9ment, utilisez le Masque Min\u00e9au et le gommage Enata<\/p>\n<p>1 fois par semaine.<\/p>\n<p>Principes actifs<\/p>\n<ul>\n<li>Huiles V\u00e9g\u00e9tales de Chanvre et de s\u00e9same bio. Karit\u00e9, Mangue bio, Concombre.<\/li>\n<li>Huiles essentielles de LemonGrass et Bergamote Bio.<\/li>\n<li>Laminarghane\u2122<\/li>\n<\/ul>\n<p>98,8 % du total des ingr\u00e9dients sont d\u2019Origine Naturelle<\/p>\n","protected":false},"excerpt":{"rendered":"<p>ENATAE<br \/>\nCr\u00e8me matifiante et rafra\u00eechissante ENATA E pour les peaux mixtes ou grasses.<\/p>\n","protected":false},"featured_media":527,"comment_status":"open","ping_status":"closed","template":"","meta":{"_kad_blocks_custom_css":"","_kad_blocks_head_custom_js":"","_kad_blocks_body_custom_js":"","_kad_blocks_footer_custom_js":"","_kadence_starter_templates_imported_post":false,"_kad_post_transparent":"default","_kad_post_title":"","_kad_post_layout":"default","_kad_post_sidebar_id":"","_kad_post_content_style":"default","_kad_post_vertical_padding":"default","_kad_post_feature":"","_kad_post_feature_position":"","_kad_post_header":false,"_kad_post_footer":false},"product_brand":[67],"product_cat":[54],"product_tag":[],"product_brands":[40],"class_list":{"0":"post-526","1":"product","2":"type-product","3":"status-publish","4":"has-post-thumbnail","6":"product_brand-enata","7":"product_cat-soins-taishan-regula-zen-asie","8":"product_brands-enatae","10":"first","11":"instock","12":"taxable","13":"shipping-taxable","14":"purchasable","15":"product-type-simple","16":"entry","17":"content-bg","18":"loop-entry"},"taxonomy_info":{"product_brand":[{"value":67,"label":"ENATAE"}],"product_cat":[{"value":54,"label":"Soins taishan regula-zen asie"}],"product_brands":[{"value":40,"label":"Enata\u00e9"}]},"featured_image_src_large":["https:\/\/www.boutique.lejardindecoton.shop\/wp-content\/uploads\/2025\/07\/creme-visage-peau-mixte-enatae-taishan-e161-2-1.webp",945,945,false],"author_info":[],"comment_info":0,"_links":{"self":[{"href":"https:\/\/www.boutique.lejardindecoton.shop\/index.php?rest_route=\/wp\/v2\/product\/526","targetHints":{"allow":["GET"]}}],"collection":[{"href":"https:\/\/www.boutique.lejardindecoton.shop\/index.php?rest_route=\/wp\/v2\/product"}],"about":[{"href":"https:\/\/www.boutique.lejardindecoton.shop\/index.php?rest_route=\/wp\/v2\/types\/product"}],"replies":[{"embeddable":true,"href":"https:\/\/www.boutique.lejardindecoton.shop\/index.php?rest_route=%2Fwp%2Fv2%2Fcomments&post=526"}],"wp:featuredmedia":[{"embeddable":true,"href":"https:\/\/www.boutique.lejardindecoton.shop\/index.php?rest_route=\/wp\/v2\/media\/527"}],"wp:attachment":[{"href":"https:\/\/www.boutique.lejardindecoton.shop\/index.php?rest_route=%2Fwp%2Fv2%2Fmedia&parent=526"}],"wp:term":[{"taxonomy":"product_brand","embeddable":true,"href":"https:\/\/www.boutique.lejardindecoton.shop\/index.php?rest_route=%2Fwp%2Fv2%2Fproduct_brand&post=526"},{"taxonomy":"product_cat","embeddable":true,"href":"https:\/\/www.boutique.lejardindecoton.shop\/index.php?rest_route=%2Fwp%2Fv2%2Fproduct_cat&post=526"},{"taxonomy":"product_tag","embeddable":true,"href":"https:\/\/www.boutique.lejardindecoton.shop\/index.php?rest_route=%2Fwp%2Fv2%2Fproduct_tag&post=526"},{"taxonomy":"product_brands","embeddable":true,"href":"https:\/\/www.boutique.lejardindecoton.shop\/index.php?rest_route=%2Fwp%2Fv2%2Fproduct_brands&post=526"}],"curies":[{"name":"wp","href":"https:\/\/api.w.org\/{rel}","templated":true}]}}