{"id":521,"date":"2025-07-18T18:51:19","date_gmt":"2025-07-18T16:51:19","guid":{"rendered":"https:\/\/www.boutique.lejardindecoton.shop\/?post_type=product&#038;p=521"},"modified":"2025-09-04T17:55:33","modified_gmt":"2025-09-04T15:55:33","slug":"creme-hydra-florale-enata","status":"publish","type":"product","link":"https:\/\/www.boutique.lejardindecoton.shop\/?product=creme-hydra-florale-enata","title":{"rendered":"Cr\u00e8me Hydra-Florale Enata"},"content":{"rendered":"<p>Actions pour votre beaut\u00e9<\/p>\n<ul>\n<li>L\u2019huile de\u00a0<strong>la Fleur\u00a0de Passion,<\/strong>\u00a0riche en acides gras essentiels Omega 3 et 6<strong>,<\/strong>\u00a0contribue\u00a0\u00e0 restaurer la couche lipidique de la peau en lui rendant sa douceur et sa souplesse. Elle renforce la barri\u00e8re cutan\u00e9e, maintient son hydratation*, en pr\u00e9venant le dess\u00e8chement. Sa concentration en licop\u00e8ne et ses vitamines B2 et B5 permettent d\u2019\u00e9viter l\u2019oxydation pr\u00e9matur\u00e9e des cellules et les dommages de la peau.<\/li>\n<li>L\u2019huile de\u00a0<strong>noix de Macadamia<\/strong>\u00a0riche en acide ol\u00e9ique et palmitique renforce le film lipidique de la peau et pr\u00e9vient de l\u2019oxydation des cellules. Huile de\u00a0<strong>Coco<\/strong>\u00a0hydrate* et prot\u00e8ge.<\/li>\n<\/ul>\n<p>Activit\u00e9 hydratante* imm\u00e9diate et durable de la\u00a0<strong>x\u00e9radin<\/strong>\u2122 (formule brevet\u00e9e) La x\u00e9radin\u2122 est un actif issu d\u2019une plante dite \u00ab\u00a0x\u00e9rophyte\u00a0\u00bb, nom donn\u00e9 aux plantes adapt\u00e9es aux environnements secs. Il est obtenu \u00e0 partir de la\u00a0<em>Salvia Sclarea (sauge sclar\u00e9e)<\/em>. Il procure une forte hydratation* imm\u00e9diate et prolong\u00e9e. *hydratation des couches sup\u00e9rieures de l\u2019\u00e9piderme<\/p>\n<p>Utilisation<\/p>\n<p>A utiliser matin et soir, apr\u00e8s le S\u00e9rum Expert Botanique Enata \u00ae.<\/p>\n<p>Appliquer sur le visage et le cou, en \u00e9vitant les yeux.<\/p>\n<p>En compl\u00e9ment, utilisez le Masque Min\u00e9au et le gommage Enata 1 fois par semaine.<\/p>\n<p>Principes actifs<\/p>\n<ul>\n<li>Huiles de fleur de la passion, coprah, macadamia et mono\u00ef. Extrait de banane. Xeradin\u00ae<\/li>\n<\/ul>\n<p>98 % du total des ingr\u00e9dients sont d\u2019Origine Naturelle<\/p>\n","protected":false},"excerpt":{"rendered":"<div class=\"prod-detail\">\n<div class=\"desc\">\n<p>ENATAE<br \/>\nHydrate* imm\u00e9diatement votre peau avec les senteurs subtiles des fleurs du Pacifique<\/p>\n<\/div>\n<\/div>\n","protected":false},"featured_media":522,"comment_status":"open","ping_status":"closed","template":"","meta":{"_kad_blocks_custom_css":"","_kad_blocks_head_custom_js":"","_kad_blocks_body_custom_js":"","_kad_blocks_footer_custom_js":"","_kadence_starter_templates_imported_post":false,"_kad_post_transparent":"default","_kad_post_title":"","_kad_post_layout":"default","_kad_post_sidebar_id":"","_kad_post_content_style":"default","_kad_post_vertical_padding":"default","_kad_post_feature":"","_kad_post_feature_position":"","_kad_post_header":false,"_kad_post_footer":false},"product_brand":[67],"product_cat":[52],"product_tag":[],"product_brands":[40],"class_list":{"0":"post-521","1":"product","2":"type-product","3":"status-publish","4":"has-post-thumbnail","6":"product_brand-enata","7":"product_cat-soins-enata-hydra-actifs-oceanie","8":"product_brands-enatae","10":"first","11":"instock","12":"taxable","13":"shipping-taxable","14":"purchasable","15":"product-type-simple","16":"entry","17":"content-bg","18":"loop-entry"},"taxonomy_info":{"product_brand":[{"value":67,"label":"ENATAE"}],"product_cat":[{"value":52,"label":"soins enata hydra actifs oceanie"}],"product_brands":[{"value":40,"label":"Enata\u00e9"}]},"featured_image_src_large":["https:\/\/www.boutique.lejardindecoton.shop\/wp-content\/uploads\/2025\/07\/creme-visage-peau-deshydratee-enatae-enata-e171-2-2.webp",945,945,false],"author_info":[],"comment_info":0,"_links":{"self":[{"href":"https:\/\/www.boutique.lejardindecoton.shop\/index.php?rest_route=\/wp\/v2\/product\/521","targetHints":{"allow":["GET"]}}],"collection":[{"href":"https:\/\/www.boutique.lejardindecoton.shop\/index.php?rest_route=\/wp\/v2\/product"}],"about":[{"href":"https:\/\/www.boutique.lejardindecoton.shop\/index.php?rest_route=\/wp\/v2\/types\/product"}],"replies":[{"embeddable":true,"href":"https:\/\/www.boutique.lejardindecoton.shop\/index.php?rest_route=%2Fwp%2Fv2%2Fcomments&post=521"}],"wp:featuredmedia":[{"embeddable":true,"href":"https:\/\/www.boutique.lejardindecoton.shop\/index.php?rest_route=\/wp\/v2\/media\/522"}],"wp:attachment":[{"href":"https:\/\/www.boutique.lejardindecoton.shop\/index.php?rest_route=%2Fwp%2Fv2%2Fmedia&parent=521"}],"wp:term":[{"taxonomy":"product_brand","embeddable":true,"href":"https:\/\/www.boutique.lejardindecoton.shop\/index.php?rest_route=%2Fwp%2Fv2%2Fproduct_brand&post=521"},{"taxonomy":"product_cat","embeddable":true,"href":"https:\/\/www.boutique.lejardindecoton.shop\/index.php?rest_route=%2Fwp%2Fv2%2Fproduct_cat&post=521"},{"taxonomy":"product_tag","embeddable":true,"href":"https:\/\/www.boutique.lejardindecoton.shop\/index.php?rest_route=%2Fwp%2Fv2%2Fproduct_tag&post=521"},{"taxonomy":"product_brands","embeddable":true,"href":"https:\/\/www.boutique.lejardindecoton.shop\/index.php?rest_route=%2Fwp%2Fv2%2Fproduct_brands&post=521"}],"curies":[{"name":"wp","href":"https:\/\/api.w.org\/{rel}","templated":true}]}}