{"id":515,"date":"2025-07-18T18:35:10","date_gmt":"2025-07-18T16:35:10","guid":{"rendered":"https:\/\/www.boutique.lejardindecoton.shop\/?post_type=product&#038;p=515"},"modified":"2025-09-04T17:56:03","modified_gmt":"2025-09-04T15:56:03","slug":"serum-expert-botanique-irazu","status":"publish","type":"product","link":"https:\/\/www.boutique.lejardindecoton.shop\/?product=serum-expert-botanique-irazu","title":{"rendered":"S\u00e9rum Expert Botanique IRAZU"},"content":{"rendered":"<p>Actions pour votre beaut\u00e9<\/p>\n<ul>\n<li>L\u2019Huile de\u00a0<strong>Macadamia<\/strong>\u00a0tr\u00e8s p\u00e9n\u00e9trante au toucher sec, elle est cicatrisante, adoucissante et favorise la microcirculation.<\/li>\n<li>L\u2019huile de\u00a0<strong>Cathame<\/strong>\u00a0riche en Vitamine K favorise la vasoconstriction et lutte contre les rougeurs diffuses. L\u2019huile de\u00a0<strong>Chanvre<\/strong>\u00a0tr\u00e8s riche en om\u00e9ga 6 et 3 et le\u00a0<strong>Calendula<\/strong>\u00a0aux propri\u00e9t\u00e9s anti-inflamatoires offrent leurs vertus adoucissantes pour les irritations cutan\u00e9s.<\/li>\n<li>L\u2019huile d\u2019<strong>amande douce\u00a0<\/strong>au toucher velours adoucit les irritations et fortifie les peaux fragiles.<\/li>\n<li>La synergie de la\u00a0<strong>Mandarine verte<\/strong>\u00a0et de l\u2019<strong>Orange douce\u00a0<\/strong>vous offre une harmonie olfactive relaxante et votre peau retrouve sa douceur.<\/li>\n<\/ul>\n<p>Utilisation<\/p>\n<p>Appliquer 1 \u00e0 2 gouttes en effleurage sur le visage et le cou nettoy\u00e9s, puis appliquer votre cr\u00e8me Iraz\u00f9 pour optimiser les bienfaits des actifs.<\/p>\n<p>En compl\u00e9ment, utilisez le Masque Min\u00e9au et le gommage Iraz\u00f9 1 fois par semaine.<\/p>\n<p>Principes actifs<\/p>\n<ul>\n<li>\n<ul>\n<li>Huiles v\u00e9g\u00e9tales de Carthame, Macadamia, Chanvre, Tournesol, Calendula Bio.<\/li>\n<li>Huiles essentielles Bio de Mandarine Verte, Orange Douce, Camomille Romaine, vitamine E naturelle.<\/li>\n<\/ul>\n<p>100 % du total des ingr\u00e9dients sont d\u2019Origine Naturelle<\/li>\n<\/ul>\n","protected":false},"excerpt":{"rendered":"<p>ENATAE<br \/>\nConcentr\u00e9 100% Pur et Naturel d\u2019huiles essentielles et v\u00e9g\u00e9tales, id\u00e9al pour les peaux fragiles et couperos\u00e9es.<\/p>\n","protected":false},"featured_media":517,"comment_status":"open","ping_status":"closed","template":"","meta":{"_kad_blocks_custom_css":"","_kad_blocks_head_custom_js":"","_kad_blocks_body_custom_js":"","_kad_blocks_footer_custom_js":"","_kadence_starter_templates_imported_post":false,"_kad_post_transparent":"default","_kad_post_title":"","_kad_post_layout":"default","_kad_post_sidebar_id":"","_kad_post_content_style":"default","_kad_post_vertical_padding":"default","_kad_post_feature":"","_kad_post_feature_position":"","_kad_post_header":false,"_kad_post_footer":false},"product_brand":[67],"product_cat":[53],"product_tag":[],"product_brands":[40],"class_list":{"0":"post-515","1":"product","2":"type-product","3":"status-publish","4":"has-post-thumbnail","6":"product_brand-enata","7":"product_cat-soins-irazu-adoucissants-amerindiens","8":"product_brands-enatae","10":"first","11":"instock","12":"taxable","13":"shipping-taxable","14":"purchasable","15":"product-type-simple","16":"entry","17":"content-bg","18":"loop-entry"},"taxonomy_info":{"product_brand":[{"value":67,"label":"ENATAE"}],"product_cat":[{"value":53,"label":"Soins irazu adoucissants am\u00e9rindiens"}],"product_brands":[{"value":40,"label":"Enata\u00e9"}]},"featured_image_src_large":["https:\/\/www.boutique.lejardindecoton.shop\/wp-content\/uploads\/2025\/07\/serum-visage-peau-sensible-enatae-irazu-e120-2-1-1024x1024.webp",1024,1024,true],"author_info":[],"comment_info":0,"_links":{"self":[{"href":"https:\/\/www.boutique.lejardindecoton.shop\/index.php?rest_route=\/wp\/v2\/product\/515","targetHints":{"allow":["GET"]}}],"collection":[{"href":"https:\/\/www.boutique.lejardindecoton.shop\/index.php?rest_route=\/wp\/v2\/product"}],"about":[{"href":"https:\/\/www.boutique.lejardindecoton.shop\/index.php?rest_route=\/wp\/v2\/types\/product"}],"replies":[{"embeddable":true,"href":"https:\/\/www.boutique.lejardindecoton.shop\/index.php?rest_route=%2Fwp%2Fv2%2Fcomments&post=515"}],"wp:featuredmedia":[{"embeddable":true,"href":"https:\/\/www.boutique.lejardindecoton.shop\/index.php?rest_route=\/wp\/v2\/media\/517"}],"wp:attachment":[{"href":"https:\/\/www.boutique.lejardindecoton.shop\/index.php?rest_route=%2Fwp%2Fv2%2Fmedia&parent=515"}],"wp:term":[{"taxonomy":"product_brand","embeddable":true,"href":"https:\/\/www.boutique.lejardindecoton.shop\/index.php?rest_route=%2Fwp%2Fv2%2Fproduct_brand&post=515"},{"taxonomy":"product_cat","embeddable":true,"href":"https:\/\/www.boutique.lejardindecoton.shop\/index.php?rest_route=%2Fwp%2Fv2%2Fproduct_cat&post=515"},{"taxonomy":"product_tag","embeddable":true,"href":"https:\/\/www.boutique.lejardindecoton.shop\/index.php?rest_route=%2Fwp%2Fv2%2Fproduct_tag&post=515"},{"taxonomy":"product_brands","embeddable":true,"href":"https:\/\/www.boutique.lejardindecoton.shop\/index.php?rest_route=%2Fwp%2Fv2%2Fproduct_brands&post=515"}],"curies":[{"name":"wp","href":"https:\/\/api.w.org\/{rel}","templated":true}]}}