{"id":422,"date":"2025-07-18T14:31:28","date_gmt":"2025-07-18T12:31:28","guid":{"rendered":"https:\/\/www.boutique.lejardindecoton.shop\/?post_type=product&#038;p=422"},"modified":"2025-07-18T18:33:48","modified_gmt":"2025-07-18T16:33:48","slug":"tendre-gommage-irazu","status":"publish","type":"product","link":"https:\/\/www.boutique.lejardindecoton.shop\/?product=tendre-gommage-irazu","title":{"rendered":"Tendre Gommage IRAZU"},"content":{"rendered":"<p>Actions pour votre beaut\u00e9<\/p>\n<ul>\n<li>Les microparticules de\u00a0<strong>Noyaux d\u2019Abricot<\/strong>\u00a0exfolient tout en douceur.<\/li>\n<li>L\u2019eau florale de\u00a0<strong>Mangue<\/strong>\u00a0bio aux vertus nettoyantes et hydratantes extraordinaires d\u00e9barrasse vos pores des impuret\u00e9s.<\/li>\n<li>La\u00a0<strong>Papaye<\/strong>\u00a0aux propri\u00e9t\u00e9s anti-inflammatoires lutte contre les irritations de la peau est contient l\u2019enzyme papaine qui aide \u00e0 dissoudre l\u2019exc\u00e8s de s\u00e9bum.<\/li>\n<li>La\u00a0<strong>Cire d\u2019abeille<\/strong>\u00a0et le\u00a0<strong>Beurre de Karit\u00e9<\/strong> adoucissent.<\/li>\n<\/ul>\n<p>Utilisation<\/p>\n<p>Nettoyez pr\u00e9alablement votre peau avec le lait et la lotion.<br \/>\nAppliquer en mouvements circulaires sur le visage et le cou, en \u00e9vitant les yeux. Puis rincer \u00e0 l\u2019eau.<br \/>\nPuis, appliquer le DUO Iraz\u00f9\u00ae (s\u00e9rum Botanique et cr\u00e8me Iraz\u00f9\u00ae)<br \/>\nEn compl\u00e9ment, 1 fois par semaine, pratiquez un masque Min\u00e9au.<\/p>\n<p>Principes actifs<\/p>\n<p>Eau florale de Mangue Bio, Noyaux d\u2019Abricot, Cire d\u2019abeille, Beurre de Karit\u00e9, Papaye<\/p>\n<p>98.9 % du total des ingr\u00e9dients sont d\u2019Origine Naturelle<\/p>\n","protected":false},"excerpt":{"rendered":"<p>Le gommage Iraz\u00f9 \u00e9limine en douceur les cellules mortes gr\u00e2ce aux microparticules de noyaux d\u2019Abricots.<\/p>\n","protected":false},"featured_media":423,"comment_status":"open","ping_status":"closed","template":"","meta":{"_kad_blocks_custom_css":"","_kad_blocks_head_custom_js":"","_kad_blocks_body_custom_js":"","_kad_blocks_footer_custom_js":"","_kadence_starter_templates_imported_post":false,"_kad_post_transparent":"default","_kad_post_title":"","_kad_post_layout":"default","_kad_post_sidebar_id":"","_kad_post_content_style":"default","_kad_post_vertical_padding":"default","_kad_post_feature":"","_kad_post_feature_position":"","_kad_post_header":false,"_kad_post_footer":false},"product_brand":[],"product_cat":[53],"product_tag":[],"product_brands":[40],"class_list":{"0":"post-422","1":"product","2":"type-product","3":"status-publish","4":"has-post-thumbnail","6":"product_cat-soins-irazu-adoucissants-amerindiens","7":"product_brands-enatae","9":"first","10":"instock","11":"taxable","12":"shipping-taxable","13":"purchasable","14":"product-type-simple","15":"entry","16":"content-bg","17":"loop-entry"},"taxonomy_info":{"product_cat":[{"value":53,"label":"Soins irazu adoucissants am\u00e9rindiens"}],"product_brands":[{"value":40,"label":"Enata\u00e9"}]},"featured_image_src_large":["https:\/\/www.boutique.lejardindecoton.shop\/wp-content\/uploads\/2025\/07\/gommage-visage-peau-sensible-enatae-irazu-e122-2.webp",945,945,false],"author_info":[],"comment_info":0,"_links":{"self":[{"href":"https:\/\/www.boutique.lejardindecoton.shop\/index.php?rest_route=\/wp\/v2\/product\/422","targetHints":{"allow":["GET"]}}],"collection":[{"href":"https:\/\/www.boutique.lejardindecoton.shop\/index.php?rest_route=\/wp\/v2\/product"}],"about":[{"href":"https:\/\/www.boutique.lejardindecoton.shop\/index.php?rest_route=\/wp\/v2\/types\/product"}],"replies":[{"embeddable":true,"href":"https:\/\/www.boutique.lejardindecoton.shop\/index.php?rest_route=%2Fwp%2Fv2%2Fcomments&post=422"}],"wp:featuredmedia":[{"embeddable":true,"href":"https:\/\/www.boutique.lejardindecoton.shop\/index.php?rest_route=\/wp\/v2\/media\/423"}],"wp:attachment":[{"href":"https:\/\/www.boutique.lejardindecoton.shop\/index.php?rest_route=%2Fwp%2Fv2%2Fmedia&parent=422"}],"wp:term":[{"taxonomy":"product_brand","embeddable":true,"href":"https:\/\/www.boutique.lejardindecoton.shop\/index.php?rest_route=%2Fwp%2Fv2%2Fproduct_brand&post=422"},{"taxonomy":"product_cat","embeddable":true,"href":"https:\/\/www.boutique.lejardindecoton.shop\/index.php?rest_route=%2Fwp%2Fv2%2Fproduct_cat&post=422"},{"taxonomy":"product_tag","embeddable":true,"href":"https:\/\/www.boutique.lejardindecoton.shop\/index.php?rest_route=%2Fwp%2Fv2%2Fproduct_tag&post=422"},{"taxonomy":"product_brands","embeddable":true,"href":"https:\/\/www.boutique.lejardindecoton.shop\/index.php?rest_route=%2Fwp%2Fv2%2Fproduct_brands&post=422"}],"curies":[{"name":"wp","href":"https:\/\/api.w.org\/{rel}","templated":true}]}}