{"id":408,"date":"2025-07-18T11:42:09","date_gmt":"2025-07-18T09:42:09","guid":{"rendered":"https:\/\/www.boutique.lejardindecoton.shop\/?post_type=product&#038;p=408"},"modified":"2025-09-04T17:56:49","modified_gmt":"2025-09-04T15:56:49","slug":"masque-mineau","status":"publish","type":"product","link":"https:\/\/www.boutique.lejardindecoton.shop\/?product=masque-mineau","title":{"rendered":"Masque Min\u00e9au"},"content":{"rendered":"<p>Actions pour votre beaut\u00e9<\/p>\n<ul>\n<li>L\u2019Argile rose adoucit et absorbe l\u2019exc\u00e8s de s\u00e9bum<\/li>\n<li>Le Citron purifie<\/li>\n<li>Le Beurre de Karit\u00e9, l\u2019huile d\u2019Avocat et l\u2019Ur\u00e9e hydratent* pour donner \u00e9clat et souplesse \u00e0 votre peau.<br \/>\n<em>*hydratation des couches sup\u00e9rieures de l\u2019\u00e9piderme<\/em><\/li>\n<\/ul>\n<p>Utilisation<\/p>\n<p><em>Nettoyez pr\u00e9alablement votre peau avec le lait et la lotion.<\/em><br \/>\n<em>Appliquer sur une peau propre sur le visage et le cou, en \u00e9vitant les yeux.<\/em><br \/>\n<em>Laisser agir 10 minutes, puis rincer abondamment.<\/em><br \/>\n<em>En compl\u00e9ment, 1 fois par semaine, pratiquez un gommage visage Enata ou Iraz\u00f9<\/em><\/p>\n<p>Principes actifs<\/p>\n<p><em>Argile rose, Karit\u00e9, huile d\u2019Avocat, Ur\u00e9e, Cire d\u2019Abeille, Citron.<\/em><\/p>\n<p>98,9 % du total des ingr\u00e9dients sont d\u2019Origine Naturelle.<\/p>\n","protected":false},"excerpt":{"rendered":"<div class=\"prod-detail\">\n<div class=\"desc\">\n<p>Masque Min\u00e9ral Hydratant* ENATAE\u00a0 pour toutes les peaux.<\/p>\n<\/div>\n<\/div>\n","protected":false},"featured_media":409,"comment_status":"open","ping_status":"closed","template":"","meta":{"_kad_blocks_custom_css":"","_kad_blocks_head_custom_js":"","_kad_blocks_body_custom_js":"","_kad_blocks_footer_custom_js":"","_kadence_starter_templates_imported_post":false,"_kad_post_transparent":"default","_kad_post_title":"","_kad_post_layout":"default","_kad_post_sidebar_id":"","_kad_post_content_style":"default","_kad_post_vertical_padding":"default","_kad_post_feature":"","_kad_post_feature_position":"","_kad_post_header":false,"_kad_post_footer":false},"product_brand":[67],"product_cat":[41],"product_tag":[],"product_brands":[40],"class_list":{"0":"post-408","1":"product","2":"type-product","3":"status-publish","4":"has-post-thumbnail","6":"product_brand-enata","7":"product_cat-netoyants-enatae","8":"product_brands-enatae","10":"first","11":"instock","12":"taxable","13":"shipping-taxable","14":"purchasable","15":"product-type-simple","16":"entry","17":"content-bg","18":"loop-entry"},"taxonomy_info":{"product_brand":[{"value":67,"label":"ENATAE"}],"product_cat":[{"value":41,"label":"Netoyants ENATAE"}],"product_brands":[{"value":40,"label":"Enata\u00e9"}]},"featured_image_src_large":["https:\/\/www.boutique.lejardindecoton.shop\/wp-content\/uploads\/2025\/07\/mineau.webp",454,454,false],"author_info":[],"comment_info":0,"_links":{"self":[{"href":"https:\/\/www.boutique.lejardindecoton.shop\/index.php?rest_route=\/wp\/v2\/product\/408","targetHints":{"allow":["GET"]}}],"collection":[{"href":"https:\/\/www.boutique.lejardindecoton.shop\/index.php?rest_route=\/wp\/v2\/product"}],"about":[{"href":"https:\/\/www.boutique.lejardindecoton.shop\/index.php?rest_route=\/wp\/v2\/types\/product"}],"replies":[{"embeddable":true,"href":"https:\/\/www.boutique.lejardindecoton.shop\/index.php?rest_route=%2Fwp%2Fv2%2Fcomments&post=408"}],"wp:featuredmedia":[{"embeddable":true,"href":"https:\/\/www.boutique.lejardindecoton.shop\/index.php?rest_route=\/wp\/v2\/media\/409"}],"wp:attachment":[{"href":"https:\/\/www.boutique.lejardindecoton.shop\/index.php?rest_route=%2Fwp%2Fv2%2Fmedia&parent=408"}],"wp:term":[{"taxonomy":"product_brand","embeddable":true,"href":"https:\/\/www.boutique.lejardindecoton.shop\/index.php?rest_route=%2Fwp%2Fv2%2Fproduct_brand&post=408"},{"taxonomy":"product_cat","embeddable":true,"href":"https:\/\/www.boutique.lejardindecoton.shop\/index.php?rest_route=%2Fwp%2Fv2%2Fproduct_cat&post=408"},{"taxonomy":"product_tag","embeddable":true,"href":"https:\/\/www.boutique.lejardindecoton.shop\/index.php?rest_route=%2Fwp%2Fv2%2Fproduct_tag&post=408"},{"taxonomy":"product_brands","embeddable":true,"href":"https:\/\/www.boutique.lejardindecoton.shop\/index.php?rest_route=%2Fwp%2Fv2%2Fproduct_brands&post=408"}],"curies":[{"name":"wp","href":"https:\/\/api.w.org\/{rel}","templated":true}]}}