{"id":404,"date":"2025-07-18T10:58:53","date_gmt":"2025-07-18T08:58:53","guid":{"rendered":"https:\/\/www.boutique.lejardindecoton.shop\/?post_type=product&#038;p=404"},"modified":"2025-07-18T18:46:16","modified_gmt":"2025-07-18T16:46:16","slug":"404","status":"publish","type":"product","link":"https:\/\/www.boutique.lejardindecoton.shop\/?product=404","title":{"rendered":"S\u00e9rum Expert Botanique ENATA"},"content":{"rendered":"<p>Action pour la beaut\u00e9<\/p>\n<ul>\n<li>Huile v\u00e9g\u00e9tale de\u00a0<strong>Macadamia<\/strong>\u00a0extr\u00eamement riche en acides gras rares et pr\u00e9cieux, en vitamine A et E. Adoucit et prot\u00e8ge les peaux fragiles.<\/li>\n<li>Tr\u00e8s nourrissante l\u2019huile de\u00a0<strong>C<\/strong><strong>oco Bio<\/strong>\u00a0r\u00e9duit la d\u00e9shydratation et adoucit les rougeurs. L\u2019<strong>O<\/strong><strong>nagre Bio<\/strong>\u00a0aide \u00e0 lutter contre le dess\u00e8chement de la peau, il retend les tissus et r\u00e9\u00e9quilibre et raffermit l\u2019\u00e9piderme fatigu\u00e9.<\/li>\n<li>L\u2019huile d\u2019<strong>A<\/strong><strong>mande douce<\/strong>\u00a0offre un toucher velours, tandis que l\u2019<strong>A<\/strong><strong>lo\u00e9 V\u00e9ra Bio<\/strong>\u00a0apporte son action r\u00e9g\u00e9n\u00e9rante intense.<\/li>\n<li>L\u2019HE de\u00a0<strong>Lits\u00e9a Cubeba Bio<\/strong>\u00a0est anti-inflammatoire et rafra\u00eechissante<\/li>\n<li>L\u2019HE d\u2019<strong>Ylang Ylang Compl\u00e8te Bio de Madagascar\u00a0<\/strong>est tonifiante avec un agr\u00e9able parfum des \u00eeles exotiques.<\/li>\n<li>La peau est hydrat\u00e9e en profondeur, prot\u00e9g\u00e9e et le teint est unifi\u00e9.<\/li>\n<\/ul>\n<p>Utilisation<\/p>\n<p>Appliquer 1 \u00e0 2 gouttes en effleurage sur le visage et le cou nettoy\u00e9s, puis appliquer votre cr\u00e8me Enata pour optimiser les bienfaits des actifs.<br \/>\nEn compl\u00e9ment, utilisez le Masque Min\u00e9au 1 fois par semaine.<\/p>\n<p>Principes actifs<\/p>\n<ul>\n<li>Huiles de Macadamia, Coco Bio, Onagre Bio, Amande douce<\/li>\n<li>Lits\u00e9a Cub\u00e9ba Bio, Ylang Ylang Bio<\/li>\n<li>Alo\u00e9 V\u00e9ra Bio.<\/li>\n<\/ul>\n<p>100 % du total des ingr\u00e9dients sont d\u2019Origine Naturelle<\/p>\n","protected":false},"excerpt":{"rendered":"<p>Action pour la beaut\u00e9 Huile v\u00e9g\u00e9tale de\u00a0Macadamia\u00a0extr\u00eamement riche en acides gras rares et pr\u00e9cieux, en vitamine A et E. Adoucit et prot\u00e8ge les peaux fragiles. Tr\u00e8s nourrissante l\u2019huile de\u00a0Coco Bio\u00a0r\u00e9duit la d\u00e9shydratation et adoucit les rougeurs. L\u2019Onagre Bio\u00a0aide \u00e0 lutter contre le dess\u00e8chement de la peau, il retend les tissus et r\u00e9\u00e9quilibre et raffermit l\u2019\u00e9piderme&#8230;<\/p>\n","protected":false},"featured_media":398,"comment_status":"open","ping_status":"closed","template":"","meta":{"_kad_blocks_custom_css":"","_kad_blocks_head_custom_js":"","_kad_blocks_body_custom_js":"","_kad_blocks_footer_custom_js":"","_kadence_starter_templates_imported_post":false,"_kad_post_transparent":"default","_kad_post_title":"","_kad_post_layout":"default","_kad_post_sidebar_id":"","_kad_post_content_style":"default","_kad_post_vertical_padding":"default","_kad_post_feature":"","_kad_post_feature_position":"","_kad_post_header":false,"_kad_post_footer":false},"product_brand":[],"product_cat":[52],"product_tag":[],"product_brands":[40],"class_list":{"0":"post-404","1":"product","2":"type-product","3":"status-publish","4":"has-post-thumbnail","6":"product_cat-soins-enata-hydra-actifs-oceanie","7":"product_brands-enatae","9":"first","10":"instock","11":"taxable","12":"shipping-taxable","13":"purchasable","14":"product-type-simple","15":"entry","16":"content-bg","17":"loop-entry"},"taxonomy_info":{"product_cat":[{"value":52,"label":"soins enata hydra actifs oceanie"}],"product_brands":[{"value":40,"label":"Enata\u00e9"}]},"featured_image_src_large":["https:\/\/www.boutique.lejardindecoton.shop\/wp-content\/uploads\/2025\/07\/serum-visage-peau-deshydratee-enatae-enata-e170-2-1-scaled-1-1024x1024.webp",1024,1024,true],"author_info":[],"comment_info":0,"_links":{"self":[{"href":"https:\/\/www.boutique.lejardindecoton.shop\/index.php?rest_route=\/wp\/v2\/product\/404","targetHints":{"allow":["GET"]}}],"collection":[{"href":"https:\/\/www.boutique.lejardindecoton.shop\/index.php?rest_route=\/wp\/v2\/product"}],"about":[{"href":"https:\/\/www.boutique.lejardindecoton.shop\/index.php?rest_route=\/wp\/v2\/types\/product"}],"replies":[{"embeddable":true,"href":"https:\/\/www.boutique.lejardindecoton.shop\/index.php?rest_route=%2Fwp%2Fv2%2Fcomments&post=404"}],"wp:featuredmedia":[{"embeddable":true,"href":"https:\/\/www.boutique.lejardindecoton.shop\/index.php?rest_route=\/wp\/v2\/media\/398"}],"wp:attachment":[{"href":"https:\/\/www.boutique.lejardindecoton.shop\/index.php?rest_route=%2Fwp%2Fv2%2Fmedia&parent=404"}],"wp:term":[{"taxonomy":"product_brand","embeddable":true,"href":"https:\/\/www.boutique.lejardindecoton.shop\/index.php?rest_route=%2Fwp%2Fv2%2Fproduct_brand&post=404"},{"taxonomy":"product_cat","embeddable":true,"href":"https:\/\/www.boutique.lejardindecoton.shop\/index.php?rest_route=%2Fwp%2Fv2%2Fproduct_cat&post=404"},{"taxonomy":"product_tag","embeddable":true,"href":"https:\/\/www.boutique.lejardindecoton.shop\/index.php?rest_route=%2Fwp%2Fv2%2Fproduct_tag&post=404"},{"taxonomy":"product_brands","embeddable":true,"href":"https:\/\/www.boutique.lejardindecoton.shop\/index.php?rest_route=%2Fwp%2Fv2%2Fproduct_brands&post=404"}],"curies":[{"name":"wp","href":"https:\/\/api.w.org\/{rel}","templated":true}]}}