{"id":1132,"date":"2025-09-05T13:33:23","date_gmt":"2025-09-05T11:33:23","guid":{"rendered":"https:\/\/www.boutique.lejardindecoton.shop\/?post_type=product&#038;p=1132"},"modified":"2025-10-13T11:47:58","modified_gmt":"2025-10-13T09:47:58","slug":"baume-sukhothai-siam-zen","status":"publish","type":"product","link":"https:\/\/www.boutique.lejardindecoton.shop\/?product=baume-sukhothai-siam-zen","title":{"rendered":"Baume Siam Zen SUKHOTHAI"},"content":{"rendered":"<p>Actions pour votre beaut\u00e9<\/p>\n<p>HE de<strong>\u00a0Menthe Poivr\u00e9e d\u2019Inde<\/strong>\u00a0d\u00e9tend les tracas rhumatismales et musculaires. D\u00e9stresse les tempes.<\/p>\n<p>HE de\u00a0<strong>Camphre<\/strong>\u00a0att\u00e9nue les tracas articulaires ou musculaires. Pour adoucir les pieds douloureux.<\/p>\n<p>HE de\u00a0<strong>Clous de Girofle<\/strong>\u00a0est anti-infectieuse et antibact\u00e9rienne puissante \u00e0 large spectre. Antiseptique et stimulante g\u00e9n\u00e9rale.<\/p>\n<p><strong>Beurre de Karit\u00e9 bio<\/strong>\u00a0et Cire de\u00a0<strong>Riz<\/strong>\u00a0adoucissent.<\/p>\n<p>Utilisation<\/p>\n<p>Appliquer par massages sur la zone d\u00e9sir\u00e9e. Ne pas appliquer plus de 7 jours cons\u00e9cutifs. Eviter les yeux et les muqueuses. Ne pas appliquer aux enfants de moins de 6 ans et femme enceinte. Parfait pour emmener en voyage contre les moustiques.<\/p>\n<p>Principes actifs<\/p>\n<ul>\n<li>HE de Menthe des indes, Camphre, Eucalyptus, Cajeput, clous de Girofle, Cannelle<\/li>\n<li>Beurre de Karit\u00e9 et cire de Riz<\/li>\n<\/ul>\n<p>100 % du total des ingr\u00e9dients sont d\u2019Origine Naturelle<\/p>\n","protected":false},"excerpt":{"rendered":"<p>ENATAE<\/p>\n<h2>Baume SUKHOTHAI Siam Zen<\/h2>\n<p>Aux senteurs fra\u00eeches et toniques de la Verveine et du Pamplemousse.<\/p>\n","protected":false},"featured_media":1133,"comment_status":"open","ping_status":"closed","template":"","meta":{"_kad_blocks_custom_css":"","_kad_blocks_head_custom_js":"","_kad_blocks_body_custom_js":"","_kad_blocks_footer_custom_js":"","_kadence_starter_templates_imported_post":false,"_kad_post_transparent":"default","_kad_post_title":"","_kad_post_layout":"default","_kad_post_sidebar_id":"","_kad_post_content_style":"default","_kad_post_vertical_padding":"default","_kad_post_feature":"","_kad_post_feature_position":"","_kad_post_header":false,"_kad_post_footer":false},"product_brand":[67],"product_cat":[16],"product_tag":[],"product_brands":[40],"class_list":{"0":"post-1132","1":"product","2":"type-product","3":"status-publish","4":"has-post-thumbnail","6":"product_brand-enata","7":"product_cat-sans-categorie","8":"product_brands-enatae","10":"first","11":"instock","12":"taxable","13":"shipping-taxable","14":"purchasable","15":"product-type-simple","16":"entry","17":"content-bg","18":"loop-entry"},"taxonomy_info":{"product_brand":[{"value":67,"label":"ENATAE"}],"product_cat":[{"value":16,"label":"sans cat\u00e9gorie"}],"product_brands":[{"value":40,"label":"Enata\u00e9"}]},"featured_image_src_large":["https:\/\/www.boutique.lejardindecoton.shop\/wp-content\/uploads\/2025\/09\/baume-corps-decontractant-enatae-baume-siam-zen-e164-2.jpg",945,945,false],"author_info":[],"comment_info":0,"_links":{"self":[{"href":"https:\/\/www.boutique.lejardindecoton.shop\/index.php?rest_route=\/wp\/v2\/product\/1132","targetHints":{"allow":["GET"]}}],"collection":[{"href":"https:\/\/www.boutique.lejardindecoton.shop\/index.php?rest_route=\/wp\/v2\/product"}],"about":[{"href":"https:\/\/www.boutique.lejardindecoton.shop\/index.php?rest_route=\/wp\/v2\/types\/product"}],"replies":[{"embeddable":true,"href":"https:\/\/www.boutique.lejardindecoton.shop\/index.php?rest_route=%2Fwp%2Fv2%2Fcomments&post=1132"}],"wp:featuredmedia":[{"embeddable":true,"href":"https:\/\/www.boutique.lejardindecoton.shop\/index.php?rest_route=\/wp\/v2\/media\/1133"}],"wp:attachment":[{"href":"https:\/\/www.boutique.lejardindecoton.shop\/index.php?rest_route=%2Fwp%2Fv2%2Fmedia&parent=1132"}],"wp:term":[{"taxonomy":"product_brand","embeddable":true,"href":"https:\/\/www.boutique.lejardindecoton.shop\/index.php?rest_route=%2Fwp%2Fv2%2Fproduct_brand&post=1132"},{"taxonomy":"product_cat","embeddable":true,"href":"https:\/\/www.boutique.lejardindecoton.shop\/index.php?rest_route=%2Fwp%2Fv2%2Fproduct_cat&post=1132"},{"taxonomy":"product_tag","embeddable":true,"href":"https:\/\/www.boutique.lejardindecoton.shop\/index.php?rest_route=%2Fwp%2Fv2%2Fproduct_tag&post=1132"},{"taxonomy":"product_brands","embeddable":true,"href":"https:\/\/www.boutique.lejardindecoton.shop\/index.php?rest_route=%2Fwp%2Fv2%2Fproduct_brands&post=1132"}],"curies":[{"name":"wp","href":"https:\/\/api.w.org\/{rel}","templated":true}]}}