{"id":1128,"date":"2025-09-05T13:27:03","date_gmt":"2025-09-05T11:27:03","guid":{"rendered":"https:\/\/www.boutique.lejardindecoton.shop\/?post_type=product&#038;p=1128"},"modified":"2025-10-14T17:05:08","modified_gmt":"2025-10-14T15:05:08","slug":"gommage-corps-moyen-orient-perse","status":"publish","type":"product","link":"https:\/\/www.boutique.lejardindecoton.shop\/?product=gommage-corps-moyen-orient-perse","title":{"rendered":"Gommage Corps Moyen Orient Perse"},"content":{"rendered":"<p>Actions pour votre beaut\u00e9<\/p>\n<p>Elimine les cellules mortes et les impuret\u00e9s de votre corps gr\u00e2ce au\u00a0<strong>Sucre roux Bio<\/strong>\u00a0associ\u00e9 aux grains de\u00a0<strong>Riz\u00a0<\/strong>et aux\u00a0<strong>coques exfoliantes d\u2019Argan<\/strong>, pour un grain de peau affin\u00e9, dans un parfum envo\u00fbtant d\u2019\u00a0<strong>Ambre\/Santal<\/strong>.<\/p>\n<p>Utilisation<\/p>\n<p>Sous la douche, humidifier votre corps, puis appliquer par massages circulaires en insistant sur les zones les plus rugueuses (genoux, pieds, coudes). Rincer g\u00e9n\u00e9reusement.<\/p>\n<p>Principes actifs<\/p>\n<ul>\n<li>Huiles v\u00e9g\u00e9tales de Tournesol, Argan et S\u00e9same Bio<\/li>\n<li>Beurre de Karit\u00e9 et de Cacao Bio<\/li>\n<li>Riz, Coques de d\u2019Argan.<\/li>\n<\/ul>\n<p>98,1 % du total des ingr\u00e9dients sont d\u2019Origine Naturelle<\/p>\n","protected":false},"excerpt":{"rendered":"<p>ENATAE<br \/>\nGommage Corps Moyen Orient Perse<\/p>\n<p>Gommage Ancestral de Perse au parfum envo\u00fbtant de l\u2019Ambre et du Santal, puise tous ses secrets de beaut\u00e9 dans la tradition Moyen Orientale<\/p>\n<p>pour redonner une peau Neuve, Douce, Lisse et Ferme.<\/p>\n","protected":false},"featured_media":1129,"comment_status":"open","ping_status":"closed","template":"","meta":{"_kad_blocks_custom_css":"","_kad_blocks_head_custom_js":"","_kad_blocks_body_custom_js":"","_kad_blocks_footer_custom_js":"","_kadence_starter_templates_imported_post":false,"_kad_post_transparent":"default","_kad_post_title":"","_kad_post_layout":"default","_kad_post_sidebar_id":"","_kad_post_content_style":"default","_kad_post_vertical_padding":"default","_kad_post_feature":"","_kad_post_feature_position":"","_kad_post_header":false,"_kad_post_footer":false},"product_brand":[67],"product_cat":[16],"product_tag":[],"product_brands":[40],"class_list":{"0":"post-1128","1":"product","2":"type-product","3":"status-publish","4":"has-post-thumbnail","6":"product_brand-enata","7":"product_cat-sans-categorie","8":"product_brands-enatae","10":"first","11":"instock","12":"taxable","13":"shipping-taxable","14":"purchasable","15":"product-type-simple","16":"entry","17":"content-bg","18":"loop-entry"},"taxonomy_info":{"product_brand":[{"value":67,"label":"ENATAE"}],"product_cat":[{"value":16,"label":"sans cat\u00e9gorie"}],"product_brands":[{"value":40,"label":"Enata\u00e9"}]},"featured_image_src_large":["https:\/\/www.boutique.lejardindecoton.shop\/wp-content\/uploads\/2025\/09\/gommage-corps-ambre-santal-enatae-orient-e153-bis-1024x1024.jpg",1024,1024,true],"author_info":[],"comment_info":0,"_links":{"self":[{"href":"https:\/\/www.boutique.lejardindecoton.shop\/index.php?rest_route=\/wp\/v2\/product\/1128","targetHints":{"allow":["GET"]}}],"collection":[{"href":"https:\/\/www.boutique.lejardindecoton.shop\/index.php?rest_route=\/wp\/v2\/product"}],"about":[{"href":"https:\/\/www.boutique.lejardindecoton.shop\/index.php?rest_route=\/wp\/v2\/types\/product"}],"replies":[{"embeddable":true,"href":"https:\/\/www.boutique.lejardindecoton.shop\/index.php?rest_route=%2Fwp%2Fv2%2Fcomments&post=1128"}],"wp:featuredmedia":[{"embeddable":true,"href":"https:\/\/www.boutique.lejardindecoton.shop\/index.php?rest_route=\/wp\/v2\/media\/1129"}],"wp:attachment":[{"href":"https:\/\/www.boutique.lejardindecoton.shop\/index.php?rest_route=%2Fwp%2Fv2%2Fmedia&parent=1128"}],"wp:term":[{"taxonomy":"product_brand","embeddable":true,"href":"https:\/\/www.boutique.lejardindecoton.shop\/index.php?rest_route=%2Fwp%2Fv2%2Fproduct_brand&post=1128"},{"taxonomy":"product_cat","embeddable":true,"href":"https:\/\/www.boutique.lejardindecoton.shop\/index.php?rest_route=%2Fwp%2Fv2%2Fproduct_cat&post=1128"},{"taxonomy":"product_tag","embeddable":true,"href":"https:\/\/www.boutique.lejardindecoton.shop\/index.php?rest_route=%2Fwp%2Fv2%2Fproduct_tag&post=1128"},{"taxonomy":"product_brands","embeddable":true,"href":"https:\/\/www.boutique.lejardindecoton.shop\/index.php?rest_route=%2Fwp%2Fv2%2Fproduct_brands&post=1128"}],"curies":[{"name":"wp","href":"https:\/\/api.w.org\/{rel}","templated":true}]}}