{"id":1113,"date":"2025-09-05T12:59:08","date_gmt":"2025-09-05T10:59:08","guid":{"rendered":"https:\/\/www.boutique.lejardindecoton.shop\/?post_type=product&#038;p=1113"},"modified":"2025-10-14T17:07:56","modified_gmt":"2025-10-14T15:07:56","slug":"huile-de-beaute-afrique-de-latlas","status":"publish","type":"product","link":"https:\/\/www.boutique.lejardindecoton.shop\/?product=huile-de-beaute-afrique-de-latlas","title":{"rendered":"Huile de Beaut\u00e9 Afrique de l\u2019ATLAS"},"content":{"rendered":"<p>Actions pour votre beaut\u00e9<\/p>\n<ul>\n<li>L\u2019huile d\u2019<strong>Argan Bio<\/strong>\u00a0poss\u00e8de une formidable action r\u00e9paratrice et r\u00e9g\u00e9n\u00e9ratrice du tissu cutan\u00e9. Riche en vitamine E, elle poss\u00e8de aussi des propri\u00e9t\u00e9s antioxydantes permettant de lutter contre le vieillissement pr\u00e9coce et l\u2019affaissement de la peau. Cette huile pr\u00e9cieuse, extr\u00eamement nourrissante et raffermissante, convient \u00e0 toutes les peaux en particulier les peaux s\u00e8ches et d\u00e9shydrat\u00e9es.<\/li>\n<li>L\u2019huile v\u00e9g\u00e9tale de\u00a0<strong>Tournesol Bio<\/strong>\u00a0hydrate* intens\u00e9ment<\/li>\n<li>L\u2019huile v\u00e9g\u00e9tale de\u00a0<strong>Colza Bio<\/strong>\u00a0riche en vitamine E est antioxydante et prot\u00e8ge l\u2019\u00e9piderme<\/li>\n<li>L\u2019huile v\u00e9g\u00e9tale de\u00a0<strong>S\u00e9same Bio<\/strong>\u00a0riche en om\u00e9ga 6, r\u00e9g\u00e9n\u00e8re et redonne de l\u2019\u00e9lasticit\u00e9 \u00e0 votre peau<\/li>\n<li>Les Huiles de Beaut\u00e9 Enatae sont sp\u00e9cialement formul\u00e9es pour permettre une glisse id\u00e9ale aussi bien en massage professionnel qu\u2019\u00e0 la maison, sans laisser de film gras.\u00a0<em>*hydratation des couches sup\u00e9rieures de l\u2019\u00e9piderme<\/em><\/li>\n<\/ul>\n<p>Utilisation<\/p>\n<p>Masser l\u00e9g\u00e8rement sur toutes les zones du corps et de d\u00e9contraction (nuque, trap\u00e8ze, dos, jambes, pieds\u2026) et savourer cet instant olfactif enchanteur et fleuri de\u00a0<strong>Fleur d\u2019Oranger<\/strong>.<\/p>\n<p>Dans votre bain, ajouter un bouchon de cette huile Atlas et profiter de cette merveilleuse sensation de relaxation Florale.<\/p>\n<p>Principes actifs<\/p>\n<ul>\n<li>Huiles v\u00e9g\u00e9tales d\u2019Argan*, Tournesol*, Colza*, Soja, S\u00e9same*, Parfum, vitamine E naturelle.98,8 % du total des ingr\u00e9dients sont d\u2019Origine Naturelle<\/li>\n<\/ul>\n","protected":false},"excerpt":{"rendered":"<p>ENATAE<br \/>\nHuile de Beaut\u00e9 Afrique de l\u2019ATLAS<br \/>\nD\u00e9couvrez l\u2019huile des Terres d\u2019Afrique au d\u00e9licat parfum fleuri \u00e0 la Fleur d\u2019Oranger<\/p>\n","protected":false},"featured_media":1114,"comment_status":"open","ping_status":"closed","template":"","meta":{"_kad_blocks_custom_css":"","_kad_blocks_head_custom_js":"","_kad_blocks_body_custom_js":"","_kad_blocks_footer_custom_js":"","_kadence_starter_templates_imported_post":false,"_kad_post_transparent":"default","_kad_post_title":"","_kad_post_layout":"default","_kad_post_sidebar_id":"","_kad_post_content_style":"default","_kad_post_vertical_padding":"default","_kad_post_feature":"","_kad_post_feature_position":"","_kad_post_header":false,"_kad_post_footer":false},"product_brand":[67],"product_cat":[48],"product_tag":[],"product_brands":[40],"class_list":{"0":"post-1113","1":"product","2":"type-product","3":"status-publish","4":"has-post-thumbnail","6":"product_brand-enata","7":"product_cat-soins-corps-afrique","8":"product_brands-enatae","10":"first","11":"instock","12":"taxable","13":"shipping-taxable","14":"purchasable","15":"product-type-simple","16":"entry","17":"content-bg","18":"loop-entry"},"taxonomy_info":{"product_brand":[{"value":67,"label":"ENATAE"}],"product_cat":[{"value":48,"label":"Soins corps afrique"}],"product_brands":[{"value":40,"label":"Enata\u00e9"}]},"featured_image_src_large":["https:\/\/www.boutique.lejardindecoton.shop\/wp-content\/uploads\/2025\/09\/huile-corps-fleur-oranger-enatae-desert-e151-2-1024x1024.jpg",1024,1024,true],"author_info":[],"comment_info":0,"_links":{"self":[{"href":"https:\/\/www.boutique.lejardindecoton.shop\/index.php?rest_route=\/wp\/v2\/product\/1113","targetHints":{"allow":["GET"]}}],"collection":[{"href":"https:\/\/www.boutique.lejardindecoton.shop\/index.php?rest_route=\/wp\/v2\/product"}],"about":[{"href":"https:\/\/www.boutique.lejardindecoton.shop\/index.php?rest_route=\/wp\/v2\/types\/product"}],"replies":[{"embeddable":true,"href":"https:\/\/www.boutique.lejardindecoton.shop\/index.php?rest_route=%2Fwp%2Fv2%2Fcomments&post=1113"}],"wp:featuredmedia":[{"embeddable":true,"href":"https:\/\/www.boutique.lejardindecoton.shop\/index.php?rest_route=\/wp\/v2\/media\/1114"}],"wp:attachment":[{"href":"https:\/\/www.boutique.lejardindecoton.shop\/index.php?rest_route=%2Fwp%2Fv2%2Fmedia&parent=1113"}],"wp:term":[{"taxonomy":"product_brand","embeddable":true,"href":"https:\/\/www.boutique.lejardindecoton.shop\/index.php?rest_route=%2Fwp%2Fv2%2Fproduct_brand&post=1113"},{"taxonomy":"product_cat","embeddable":true,"href":"https:\/\/www.boutique.lejardindecoton.shop\/index.php?rest_route=%2Fwp%2Fv2%2Fproduct_cat&post=1113"},{"taxonomy":"product_tag","embeddable":true,"href":"https:\/\/www.boutique.lejardindecoton.shop\/index.php?rest_route=%2Fwp%2Fv2%2Fproduct_tag&post=1113"},{"taxonomy":"product_brands","embeddable":true,"href":"https:\/\/www.boutique.lejardindecoton.shop\/index.php?rest_route=%2Fwp%2Fv2%2Fproduct_brands&post=1113"}],"curies":[{"name":"wp","href":"https:\/\/api.w.org\/{rel}","templated":true}]}}