{"id":1111,"date":"2025-09-05T12:55:26","date_gmt":"2025-09-05T10:55:26","guid":{"rendered":"https:\/\/www.boutique.lejardindecoton.shop\/?post_type=product&#038;p=1111"},"modified":"2025-10-14T17:08:33","modified_gmt":"2025-10-14T15:08:33","slug":"baume-corps-et-cheveux-afrique-de-latlas","status":"publish","type":"product","link":"https:\/\/www.boutique.lejardindecoton.shop\/?product=baume-corps-et-cheveux-afrique-de-latlas","title":{"rendered":"Baume Corps et Cheveux Afrique de l\u2019ATLAS"},"content":{"rendered":"<p>Actions pour votre beaut\u00e9<\/p>\n<ul>\n<li>Le\u00a0<strong>Beurre de Karit\u00e9 Bio<\/strong>\u00a0riche en vitamine A, D, E et F, ainsi qu\u2019en teneur exceptionnelle d\u2019insaponifiables (karit\u00e8ne, latex) offre ses vertus r\u00e9paratrices et redonne \u00e9lasticit\u00e9 aux peaux les plus s\u00e8ches, revitalise les peaux fatigu\u00e9es et redonne luminosit\u00e9 aux peaux les plus ternes. Excellent en SOS r\u00e9parateur apr\u00e8s soleil, il \u00e9vite \u00e9galement les desquamations. Ses caract\u00e9ristiques anti-\u00e9lastases assurent une protection pr\u00e9ventive de l\u2019\u00e9lastine contre les vergetures. Actions revitalisantes id\u00e9ales pour vos cheveux secs ou ab\u00eem\u00e9s qui retrouvent tout leur volume, leur tonicit\u00e9 et leur brillance.<\/li>\n<li>L\u2019huile de\u00a0<strong>Noix de Coco<\/strong>\u00a0hydrate intens\u00e9ment et redonne tout son \u00e9clat \u00e0 votre peau.<\/li>\n<li>L\u2019huile d\u2019<strong>Argan Bio\u00a0<\/strong>est r\u00e9paratrice et r\u00e9g\u00e9n\u00e9ratrice du tissu cutan\u00e9. Riche en vitamine E, elle lutte contre le vieillissement pr\u00e9coce et l\u2019affaissement de la peau.<\/li>\n<\/ul>\n<p>Utilisation<\/p>\n<p><em>Prenez une noix de baume dans le creux de la main, puis appliquez matin et soir par massages circulaires sur le corps jusqu\u2019\u00e0 p\u00e9n\u00e9tration, en insistant particuli\u00e8rement sur les zones r\u00eaches (coudes, genoux\u2026) ou les vergetures si besoin.<\/em><\/p>\n<p><em>En masque cheveux, version cocooning la veille du shampoing sur cheveux humides avec serviette chaude ou en version rapide au moins 15 minutes avant le shampoing et\/ou sur leurs pointes.<\/em><\/p>\n<p><em>Id\u00e9al en baume r\u00e9parateur pour des mains tr\u00e8s douces.<\/em><\/p>\n<p>Principes actifs<\/p>\n<ul>\n<li>Beurre de karit\u00e9*, huiles v\u00e9g\u00e9tales : Noix de Coco, S\u00e9same*, Argan*, Tournesol*, parfum, vitamine E naturelle.99.82 % du total des ingr\u00e9dients sont d\u2019Origine Naturelle<\/li>\n<\/ul>\n","protected":false},"excerpt":{"rendered":"<p>ENATAE<br \/>\nBaume Corps et Cheveux Afrique de l\u2019ATLAS<br \/>\nBaume Soin pour le Corps et les Cheveux \u00e0 la texture fondante et p\u00e9n\u00e9trante au d\u00e9licat parfum fleuri \u00e0 la Fleur d\u2019Oranger.<\/p>\n","protected":false},"featured_media":1112,"comment_status":"open","ping_status":"closed","template":"","meta":{"_kad_blocks_custom_css":"","_kad_blocks_head_custom_js":"","_kad_blocks_body_custom_js":"","_kad_blocks_footer_custom_js":"","_kadence_starter_templates_imported_post":false,"_kad_post_transparent":"default","_kad_post_title":"","_kad_post_layout":"default","_kad_post_sidebar_id":"","_kad_post_content_style":"default","_kad_post_vertical_padding":"default","_kad_post_feature":"","_kad_post_feature_position":"","_kad_post_header":false,"_kad_post_footer":false},"product_brand":[67],"product_cat":[16],"product_tag":[],"product_brands":[40],"class_list":{"0":"post-1111","1":"product","2":"type-product","3":"status-publish","4":"has-post-thumbnail","6":"product_brand-enata","7":"product_cat-sans-categorie","8":"product_brands-enatae","10":"first","11":"instock","12":"taxable","13":"shipping-taxable","14":"purchasable","15":"product-type-simple","16":"entry","17":"content-bg","18":"loop-entry"},"taxonomy_info":{"product_brand":[{"value":67,"label":"ENATAE"}],"product_cat":[{"value":16,"label":"sans cat\u00e9gorie"}],"product_brands":[{"value":40,"label":"Enata\u00e9"}]},"featured_image_src_large":["https:\/\/www.boutique.lejardindecoton.shop\/wp-content\/uploads\/2025\/09\/baume-corps-fleur-oranger-enatae-desert-e138-1024x1024.jpg",1024,1024,true],"author_info":[],"comment_info":0,"_links":{"self":[{"href":"https:\/\/www.boutique.lejardindecoton.shop\/index.php?rest_route=\/wp\/v2\/product\/1111","targetHints":{"allow":["GET"]}}],"collection":[{"href":"https:\/\/www.boutique.lejardindecoton.shop\/index.php?rest_route=\/wp\/v2\/product"}],"about":[{"href":"https:\/\/www.boutique.lejardindecoton.shop\/index.php?rest_route=\/wp\/v2\/types\/product"}],"replies":[{"embeddable":true,"href":"https:\/\/www.boutique.lejardindecoton.shop\/index.php?rest_route=%2Fwp%2Fv2%2Fcomments&post=1111"}],"wp:featuredmedia":[{"embeddable":true,"href":"https:\/\/www.boutique.lejardindecoton.shop\/index.php?rest_route=\/wp\/v2\/media\/1112"}],"wp:attachment":[{"href":"https:\/\/www.boutique.lejardindecoton.shop\/index.php?rest_route=%2Fwp%2Fv2%2Fmedia&parent=1111"}],"wp:term":[{"taxonomy":"product_brand","embeddable":true,"href":"https:\/\/www.boutique.lejardindecoton.shop\/index.php?rest_route=%2Fwp%2Fv2%2Fproduct_brand&post=1111"},{"taxonomy":"product_cat","embeddable":true,"href":"https:\/\/www.boutique.lejardindecoton.shop\/index.php?rest_route=%2Fwp%2Fv2%2Fproduct_cat&post=1111"},{"taxonomy":"product_tag","embeddable":true,"href":"https:\/\/www.boutique.lejardindecoton.shop\/index.php?rest_route=%2Fwp%2Fv2%2Fproduct_tag&post=1111"},{"taxonomy":"product_brands","embeddable":true,"href":"https:\/\/www.boutique.lejardindecoton.shop\/index.php?rest_route=%2Fwp%2Fv2%2Fproduct_brands&post=1111"}],"curies":[{"name":"wp","href":"https:\/\/api.w.org\/{rel}","templated":true}]}}