{"id":1044,"date":"2025-09-04T15:36:39","date_gmt":"2025-09-04T13:36:39","guid":{"rendered":"https:\/\/www.boutique.lejardindecoton.shop\/?post_type=product&#038;p=1044"},"modified":"2025-10-14T17:18:07","modified_gmt":"2025-10-14T15:18:07","slug":"huile-de-beaute-polynesienne-hawaiki","status":"publish","type":"product","link":"https:\/\/www.boutique.lejardindecoton.shop\/?product=huile-de-beaute-polynesienne-hawaiki","title":{"rendered":"Huile de Beaut\u00e9 Polyn\u00e9sienne HAWAIKI\u00ae"},"content":{"rendered":"<p>Actions pour votre beaut\u00e9<\/p>\n<ul>\n<li>Tr\u00e8s nourrissante, riche en Vit. A et E, l\u2019huile de\u00a0<strong>Coco Bio<\/strong>\u00a0r\u00e9duit la d\u00e9shydratation de la peau. Apaisante et douce, elle adoucit les dommages dus au soleil. Excellente en soins capillaires pour donner brillance et vigueur aux cheveux.<\/li>\n<li>L\u2019huile v\u00e9g\u00e9tale de\u00a0<strong>Tournesol Bio<\/strong>\u00a0hydrate* intens\u00e9ment<\/li>\n<li>L\u2019huile v\u00e9g\u00e9tale de\u00a0<strong>Colza Bio<\/strong>\u00a0riche en vitamine E est anti-oxydante et prot\u00e8ge l\u2019\u00e9piderme<\/li>\n<li>L\u2019huile v\u00e9g\u00e9tale de\u00a0<strong>S\u00e9same Bio<\/strong>\u00a0riche en om\u00e9ga 6, r\u00e9g\u00e9n\u00e8re et redonne de l\u2019\u00e9lasticit\u00e9 \u00e0 votre peau<\/li>\n<li>Les Huiles de Beaut\u00e9 Enatae sont sp\u00e9cialement formul\u00e9es pour permettre une glisse id\u00e9ale aussi bien en massage professionnel qu\u2019\u00e0 la maison, sans laisser de film gras. *hydratation des couches sup\u00e9rieures de l\u2019\u00e9piderme<\/li>\n<\/ul>\n<p>Utilisation<\/p>\n<p>Masser l\u00e9g\u00e8rement sur toutes les zones du corps et de d\u00e9contraction (nuque, trap\u00e8ze, dos, jambes, pieds\u2026) et savourer cet instant olfactif exotique de\u00a0<strong>Mono\u00ef<\/strong>\/<strong>Coco<\/strong>.<\/p>\n<p>Dans votre bain, ajouter un bouchon de cette huile Aldabra et profiter de cette merveilleuse sensation de relaxation exotique.<\/p>\n<p>Principes actifs<\/p>\n<p>Huiles v\u00e9g\u00e9tales de Noix de Coco*, Tournesol*, Colza*, Soja, S\u00e9same*, Amande Douce, Parfum, vitamine E naturelle.<\/p>\n<p>98,4 % du total des ingr\u00e9dients sont d\u2019Origine Naturelle<\/p>\n","protected":false},"excerpt":{"rendered":"<p>Baume Soin pour le Corps et les Cheveux \u00e0 la texture fondante et p\u00e9n\u00e9trante avec une senteur exotique des \u00eeles de Tahiti de Fruit de Mono\u00ef et de Noix de Coco.<\/p>\n","protected":false},"featured_media":1045,"comment_status":"open","ping_status":"closed","template":"","meta":{"_kad_blocks_custom_css":"","_kad_blocks_head_custom_js":"","_kad_blocks_body_custom_js":"","_kad_blocks_footer_custom_js":"","_kadence_starter_templates_imported_post":false,"_kad_post_transparent":"default","_kad_post_title":"","_kad_post_layout":"default","_kad_post_sidebar_id":"","_kad_post_content_style":"default","_kad_post_vertical_padding":"default","_kad_post_feature":"","_kad_post_feature_position":"","_kad_post_header":false,"_kad_post_footer":false},"product_brand":[67],"product_cat":[16],"product_tag":[],"product_brands":[40],"class_list":{"0":"post-1044","1":"product","2":"type-product","3":"status-publish","4":"has-post-thumbnail","6":"product_brand-enata","7":"product_cat-sans-categorie","8":"product_brands-enatae","10":"first","11":"instock","12":"taxable","13":"shipping-taxable","14":"purchasable","15":"product-type-simple","16":"entry","17":"content-bg","18":"loop-entry"},"taxonomy_info":{"product_brand":[{"value":67,"label":"ENATAE"}],"product_cat":[{"value":16,"label":"sans cat\u00e9gorie"}],"product_brands":[{"value":40,"label":"Enata\u00e9"}]},"featured_image_src_large":["https:\/\/www.boutique.lejardindecoton.shop\/wp-content\/uploads\/2025\/09\/huile-corps-monoi-enatae-hawaiki-e181-2-1024x1024.jpg",1024,1024,true],"author_info":[],"comment_info":0,"_links":{"self":[{"href":"https:\/\/www.boutique.lejardindecoton.shop\/index.php?rest_route=\/wp\/v2\/product\/1044","targetHints":{"allow":["GET"]}}],"collection":[{"href":"https:\/\/www.boutique.lejardindecoton.shop\/index.php?rest_route=\/wp\/v2\/product"}],"about":[{"href":"https:\/\/www.boutique.lejardindecoton.shop\/index.php?rest_route=\/wp\/v2\/types\/product"}],"replies":[{"embeddable":true,"href":"https:\/\/www.boutique.lejardindecoton.shop\/index.php?rest_route=%2Fwp%2Fv2%2Fcomments&post=1044"}],"wp:featuredmedia":[{"embeddable":true,"href":"https:\/\/www.boutique.lejardindecoton.shop\/index.php?rest_route=\/wp\/v2\/media\/1045"}],"wp:attachment":[{"href":"https:\/\/www.boutique.lejardindecoton.shop\/index.php?rest_route=%2Fwp%2Fv2%2Fmedia&parent=1044"}],"wp:term":[{"taxonomy":"product_brand","embeddable":true,"href":"https:\/\/www.boutique.lejardindecoton.shop\/index.php?rest_route=%2Fwp%2Fv2%2Fproduct_brand&post=1044"},{"taxonomy":"product_cat","embeddable":true,"href":"https:\/\/www.boutique.lejardindecoton.shop\/index.php?rest_route=%2Fwp%2Fv2%2Fproduct_cat&post=1044"},{"taxonomy":"product_tag","embeddable":true,"href":"https:\/\/www.boutique.lejardindecoton.shop\/index.php?rest_route=%2Fwp%2Fv2%2Fproduct_tag&post=1044"},{"taxonomy":"product_brands","embeddable":true,"href":"https:\/\/www.boutique.lejardindecoton.shop\/index.php?rest_route=%2Fwp%2Fv2%2Fproduct_brands&post=1044"}],"curies":[{"name":"wp","href":"https:\/\/api.w.org\/{rel}","templated":true}]}}