{"id":1009,"date":"2025-09-04T14:40:01","date_gmt":"2025-09-04T12:40:01","guid":{"rendered":"https:\/\/www.boutique.lejardindecoton.shop\/?post_type=product&#038;p=1009"},"modified":"2025-10-14T17:20:10","modified_gmt":"2025-10-14T15:20:10","slug":"parfum-dinterieur-agrumes-du-verger","status":"publish","type":"product","link":"https:\/\/www.boutique.lejardindecoton.shop\/?product=parfum-dinterieur-agrumes-du-verger","title":{"rendered":"Parfum d&#8217;interieur Agrumes du Verger"},"content":{"rendered":"","protected":false},"excerpt":{"rendered":"<p data-start=\"120\" data-end=\"371\">Offrez un souffle de fra\u00eecheur \u00e0 votre maison avec le <strong data-start=\"184\" data-end=\"245\">parfum d\u2019int\u00e9rieur Agrumes du Verger Collines de Provence<\/strong>. Ses notes p\u00e9tillantes d\u2019orange, de citron et de pamplemousse diffusent une \u00e9nergie vive et tonique, pour une ambiance ensoleill\u00e9e et pleine de vitalit\u00e9 au quotidien.<\/p>\n<p>100 ml<\/p>\n","protected":false},"featured_media":1010,"comment_status":"open","ping_status":"closed","template":"","meta":{"_kad_blocks_custom_css":"","_kad_blocks_head_custom_js":"","_kad_blocks_body_custom_js":"","_kad_blocks_footer_custom_js":"","_kadence_starter_templates_imported_post":false,"_kad_post_transparent":"default","_kad_post_title":"","_kad_post_layout":"default","_kad_post_sidebar_id":"","_kad_post_content_style":"default","_kad_post_vertical_padding":"default","_kad_post_feature":"","_kad_post_feature_position":"","_kad_post_header":false,"_kad_post_footer":false},"product_brand":[121],"product_cat":[16],"product_tag":[],"product_brands":[37],"class_list":{"0":"post-1009","1":"product","2":"type-product","3":"status-publish","4":"has-post-thumbnail","6":"product_brand-collines-de-provences","7":"product_cat-sans-categorie","8":"product_brands-collines-de-provence","10":"first","11":"instock","12":"taxable","13":"shipping-taxable","14":"purchasable","15":"product-type-simple","16":"entry","17":"content-bg","18":"loop-entry"},"taxonomy_info":{"product_brand":[{"value":121,"label":"Collines de provences"}],"product_cat":[{"value":16,"label":"sans cat\u00e9gorie"}],"product_brands":[{"value":37,"label":"Collines de provence"}]},"featured_image_src_large":["https:\/\/www.boutique.lejardindecoton.shop\/wp-content\/uploads\/2025\/09\/Agrumes-du-verger.jpg",745,746,false],"author_info":[],"comment_info":0,"_links":{"self":[{"href":"https:\/\/www.boutique.lejardindecoton.shop\/index.php?rest_route=\/wp\/v2\/product\/1009","targetHints":{"allow":["GET"]}}],"collection":[{"href":"https:\/\/www.boutique.lejardindecoton.shop\/index.php?rest_route=\/wp\/v2\/product"}],"about":[{"href":"https:\/\/www.boutique.lejardindecoton.shop\/index.php?rest_route=\/wp\/v2\/types\/product"}],"replies":[{"embeddable":true,"href":"https:\/\/www.boutique.lejardindecoton.shop\/index.php?rest_route=%2Fwp%2Fv2%2Fcomments&post=1009"}],"wp:featuredmedia":[{"embeddable":true,"href":"https:\/\/www.boutique.lejardindecoton.shop\/index.php?rest_route=\/wp\/v2\/media\/1010"}],"wp:attachment":[{"href":"https:\/\/www.boutique.lejardindecoton.shop\/index.php?rest_route=%2Fwp%2Fv2%2Fmedia&parent=1009"}],"wp:term":[{"taxonomy":"product_brand","embeddable":true,"href":"https:\/\/www.boutique.lejardindecoton.shop\/index.php?rest_route=%2Fwp%2Fv2%2Fproduct_brand&post=1009"},{"taxonomy":"product_cat","embeddable":true,"href":"https:\/\/www.boutique.lejardindecoton.shop\/index.php?rest_route=%2Fwp%2Fv2%2Fproduct_cat&post=1009"},{"taxonomy":"product_tag","embeddable":true,"href":"https:\/\/www.boutique.lejardindecoton.shop\/index.php?rest_route=%2Fwp%2Fv2%2Fproduct_tag&post=1009"},{"taxonomy":"product_brands","embeddable":true,"href":"https:\/\/www.boutique.lejardindecoton.shop\/index.php?rest_route=%2Fwp%2Fv2%2Fproduct_brands&post=1009"}],"curies":[{"name":"wp","href":"https:\/\/api.w.org\/{rel}","templated":true}]}}