{"id":1005,"date":"2025-09-04T14:38:05","date_gmt":"2025-09-04T12:38:05","guid":{"rendered":"https:\/\/www.boutique.lejardindecoton.shop\/?post_type=product&#038;p=1005"},"modified":"2025-10-14T17:20:43","modified_gmt":"2025-10-14T15:20:43","slug":"parfum-dinterieur-lavande","status":"publish","type":"product","link":"https:\/\/www.boutique.lejardindecoton.shop\/?product=parfum-dinterieur-lavande","title":{"rendered":"Parfum d&#8217;interieur Lavande"},"content":{"rendered":"","protected":false},"excerpt":{"rendered":"<p data-start=\"120\" data-end=\"371\">Retrouvez l\u2019authenticit\u00e9 de la Provence avec le <strong data-start=\"168\" data-end=\"219\">parfum d\u2019int\u00e9rieur Lavande Collines de Provence<\/strong>. Ses notes fra\u00eeches et apaisantes cr\u00e9ent une atmosph\u00e8re relaxante et naturelle, id\u00e9ale pour parfumer votre maison d\u2019une touche douce et intemporelle.<\/p>\n<p>100 ml<\/p>\n","protected":false},"featured_media":1006,"comment_status":"open","ping_status":"closed","template":"","meta":{"_kad_blocks_custom_css":"","_kad_blocks_head_custom_js":"","_kad_blocks_body_custom_js":"","_kad_blocks_footer_custom_js":"","_kadence_starter_templates_imported_post":false,"_kad_post_transparent":"default","_kad_post_title":"","_kad_post_layout":"default","_kad_post_sidebar_id":"","_kad_post_content_style":"default","_kad_post_vertical_padding":"default","_kad_post_feature":"","_kad_post_feature_position":"","_kad_post_header":false,"_kad_post_footer":false},"product_brand":[121],"product_cat":[16],"product_tag":[],"product_brands":[37],"class_list":{"0":"post-1005","1":"product","2":"type-product","3":"status-publish","4":"has-post-thumbnail","6":"product_brand-collines-de-provences","7":"product_cat-sans-categorie","8":"product_brands-collines-de-provence","10":"first","11":"instock","12":"taxable","13":"shipping-taxable","14":"purchasable","15":"product-type-simple","16":"entry","17":"content-bg","18":"loop-entry"},"taxonomy_info":{"product_brand":[{"value":121,"label":"Collines de provences"}],"product_cat":[{"value":16,"label":"sans cat\u00e9gorie"}],"product_brands":[{"value":37,"label":"Collines de provence"}]},"featured_image_src_large":["https:\/\/www.boutique.lejardindecoton.shop\/wp-content\/uploads\/2025\/09\/lavande.jpg",745,747,false],"author_info":[],"comment_info":0,"_links":{"self":[{"href":"https:\/\/www.boutique.lejardindecoton.shop\/index.php?rest_route=\/wp\/v2\/product\/1005","targetHints":{"allow":["GET"]}}],"collection":[{"href":"https:\/\/www.boutique.lejardindecoton.shop\/index.php?rest_route=\/wp\/v2\/product"}],"about":[{"href":"https:\/\/www.boutique.lejardindecoton.shop\/index.php?rest_route=\/wp\/v2\/types\/product"}],"replies":[{"embeddable":true,"href":"https:\/\/www.boutique.lejardindecoton.shop\/index.php?rest_route=%2Fwp%2Fv2%2Fcomments&post=1005"}],"wp:featuredmedia":[{"embeddable":true,"href":"https:\/\/www.boutique.lejardindecoton.shop\/index.php?rest_route=\/wp\/v2\/media\/1006"}],"wp:attachment":[{"href":"https:\/\/www.boutique.lejardindecoton.shop\/index.php?rest_route=%2Fwp%2Fv2%2Fmedia&parent=1005"}],"wp:term":[{"taxonomy":"product_brand","embeddable":true,"href":"https:\/\/www.boutique.lejardindecoton.shop\/index.php?rest_route=%2Fwp%2Fv2%2Fproduct_brand&post=1005"},{"taxonomy":"product_cat","embeddable":true,"href":"https:\/\/www.boutique.lejardindecoton.shop\/index.php?rest_route=%2Fwp%2Fv2%2Fproduct_cat&post=1005"},{"taxonomy":"product_tag","embeddable":true,"href":"https:\/\/www.boutique.lejardindecoton.shop\/index.php?rest_route=%2Fwp%2Fv2%2Fproduct_tag&post=1005"},{"taxonomy":"product_brands","embeddable":true,"href":"https:\/\/www.boutique.lejardindecoton.shop\/index.php?rest_route=%2Fwp%2Fv2%2Fproduct_brands&post=1005"}],"curies":[{"name":"wp","href":"https:\/\/api.w.org\/{rel}","templated":true}]}}